{"id":759654,"date":"2025-08-28T08:41:23","date_gmt":"2025-08-28T05:41:23","guid":{"rendered":"https:\/\/roveyayinevi.com.tr\/index.php\/urun\/bebek-sirin-oyuncak-ayi-ciltli\/"},"modified":"2026-04-16T03:12:37","modified_gmt":"2026-04-16T00:12:37","slug":"bebek-sirin-oyuncak-ayi-ciltli","status":"publish","type":"product","link":"https:\/\/roveyayinevi.com.tr\/index.php\/urun\/bebek-sirin-oyuncak-ayi-ciltli\/","title":{"rendered":"Bebek \u015eirin Oyuncak Ay\u0131 (Ciltli)"},"content":{"rendered":"<p>\u015eirinler\u2019in en sevimlisi BEBEK \u015e\u0130R\u0130N oyun oynamaya bay\u0131l\u0131yor. Kaybetti\u011fi oyuncak ay\u0131s\u0131n\u0131 bulmas\u0131na yard\u0131m eder misin?<\/p>\n","protected":false},"excerpt":{"rendered":"<p>\u015eirinler\u2019in en sevimlisi BEBEK \u015e\u0130R\u0130N oyun oynamaya bay\u0131l\u0131yor. Kaybetti\u011fi oyuncak ay\u0131s\u0131n\u0131 bulmas\u0131na yard\u0131m eder misin?<\/p>\n","protected":false},"featured_media":0,"template":"","meta":{"_monsterinsights_skip_tracking":false,"_monsterinsights_sitenote_active":false,"_monsterinsights_sitenote_note":"","_monsterinsights_sitenote_category":0},"product_brand":[],"product_cat":[12274,12284],"product_tag":[],"class_list":{"0":"post-759654","1":"product","2":"type-product","3":"status-publish","5":"product_cat-cocuk-ve-genclik-kitaplari","6":"product_cat-hikayeler","7":"pa_cilt-ciltli","8":"pa_tur-kitap","9":"pa_yayinevi-buyulu-fener-yayinlari","10":"pa_yazar-kolektif","12":"first","13":"instock","14":"sale","15":"shipping-taxable","16":"purchasable","17":"product-type-simple"},"_links":{"self":[{"href":"https:\/\/roveyayinevi.com.tr\/index.php\/wp-json\/wp\/v2\/product\/759654","targetHints":{"allow":["GET"]}}],"collection":[{"href":"https:\/\/roveyayinevi.com.tr\/index.php\/wp-json\/wp\/v2\/product"}],"about":[{"href":"https:\/\/roveyayinevi.com.tr\/index.php\/wp-json\/wp\/v2\/types\/product"}],"wp:attachment":[{"href":"https:\/\/roveyayinevi.com.tr\/index.php\/wp-json\/wp\/v2\/media?parent=759654"}],"wp:term":[{"taxonomy":"product_brand","embeddable":true,"href":"https:\/\/roveyayinevi.com.tr\/index.php\/wp-json\/wp\/v2\/product_brand?post=759654"},{"taxonomy":"product_cat","embeddable":true,"href":"https:\/\/roveyayinevi.com.tr\/index.php\/wp-json\/wp\/v2\/product_cat?post=759654"},{"taxonomy":"product_tag","embeddable":true,"href":"https:\/\/roveyayinevi.com.tr\/index.php\/wp-json\/wp\/v2\/product_tag?post=759654"}],"curies":[{"name":"wp","href":"https:\/\/api.w.org\/{rel}","templated":true}]}}