{"id":759653,"date":"2025-08-28T08:41:22","date_gmt":"2025-08-28T05:41:22","guid":{"rendered":"https:\/\/roveyayinevi.com.tr\/index.php\/urun\/100-sene-100-nesne-ciltli\/"},"modified":"2026-04-16T03:12:37","modified_gmt":"2026-04-16T00:12:37","slug":"100-sene-100-nesne-ciltli","status":"publish","type":"product","link":"https:\/\/roveyayinevi.com.tr\/index.php\/urun\/100-sene-100-nesne-ciltli\/","title":{"rendered":"100 Sene 100 Nesne (Ciltli)"},"content":{"rendered":"<p>A\u011eA\u00c7, Esin G\u00fclsen \u2022 ALTIN, Mehtap Tosun \u2022 ANAYASA, Din\u00e7er Demirkent \u2022 ANS\u0130KLOPED\u0130, \u00d6zg\u00fcr Mumcu \u2022 APARTMAN, Ula\u015f Bayraktar \u2022 ARABA, G\u00fclcan Erg\u00fcn \u2022 AYAKKABI, Hakan Ko\u00e7ak \u2022 BASTON, Suzan Yaz\u0131c\u0131 \u2022 BA\u015e\u00d6RT\u00dcS\u00dc, Ay\u015fe \u00c7avdar &amp; Fatma \u00dcnsal \u2022 BAVUL, Meltem G\u00fcrle \u2022 BAYRAK, Faruk Alpkaya \u2022 BEYAZ TOROS, \u0130rfan Aktan \u2022 BEYAZ T\u00dcLBENT, Ferda Fahrio\u011flu \u2022 BEZ, Ceyda Sungur \u2022 B\u0130S\u0130KLET, Aydan \u00c7elik \u2022 BORU, Asl\u0131 Odman \u2022 BOYA, Erdem \u00c7olak \u2022 CAM\u0130, Deniz Parlak \u2022 CEMEV\u0130, Ayhan Yal\u00e7\u0131nkaya \u2022 CIMBIZ, Funda \u015eenol &amp; Ayla Deniz \u2022 C\u00dcBBE, Umut Azak \u2022 \u00c7ADIR, Ali Ekber Do\u011fan \u2022 \u00c7AMA\u015eIR, Zelal Fahrio\u011flu \u2022 \u00c7ANTA, Funda \u015eenol \u2022 \u00c7AR\u015eAF, Melehat Kutun \u2022 \u00c7AY, \u00d6zlem \u015eendeniz &amp; Fatma Gen\u00e7 \u2022 \u00c7\u00d6P, Mehmet Mutlu \u2022 \u00c7UVAL, Bediz Y\u0131lmaz \u2022 DAKT\u0130LO, \u0130zzet Pembeci \u2022 DERG\u0130, Derya Bengi \u2022 DEVLET, Melehat Kutun \u2022 D\u0130K\u0130\u015e MAK\u0130NES\u0130, Eylem Y\u0131ld\u0131zer \u2022 DOLMU\u015e, Cem \u00d6zatalay \u2022 EKMEK, Demet Bolat \u2022 ESRAR, Cengiz Erdin\u00e7 \u2022 ETEK, E. \u0130rem Ak\u0131 \u2022 FABR\u0130KA, Mustafa Kemal Co\u015fkun \u2022 F\u0130LM\/S\u0130NEMA, Zeynep \u00d6zen \u2022 GAZETE, Emre Tansu Keten \u2022 GAZ\u0130NO, Emrah Z\u0131raman \u2022 GAZOZ, Hakan Mertcan \u2022 GECEKONDU, Eylem \u00c7amuro\u011flu \u00c7\u0131\u011f \u2022 GEL\u0130NL\u0130K, Evun Okumu\u015f \u2022 GR\u0130P\u0130N, Filiz Ar\u0131\u00f6z \u2022 HAR\u0130TA, Jean-Fran\u00e7ois P\u00e9rouse \u2022 HEYKEL, Aylin Tekiner \u2022 KAHVE, G\u00fclnur El\u00e7ik \u2022 KAMYON, Selim \u00c7akmakl\u0131 \u2022 KAPI, Ay\u015fe Devrim Ba\u015fterzi \u2022 KARNE, Melek Zorlu \u00d6zt\u00fcrk \u2022 KASET, Besim Can Z\u0131rh \u2022 K\u0130BR\u0130T, Heval Bozbay \u2022 K\u0130ML\u0130K, El\u00e7in Aktoprak \u2022 K\u0130TAP, Meral Camc\u0131 \u2022 K\u00d6M\u00dcR, Esra Erg\u00fczelo\u011flu \u2022 LAMBA, Nur\u00e7in \u0130leri \u2022 MAKLUBE, Ali Ekber Do\u011fan \u2022 MASKE, S\u00fcreyya Karacabey \u2022 MEKTUP, Hakan Mertcan \u2022 MEND\u0130L, B\u00fclent \u015e\u0131k \u2022 MOR \u0130\u011eNE, Hakan Altun \u2022 MUSKA, Mustafa Emin B\u00fcy\u00fckco\u015fkun &amp; Osman \u00d6zarslan \u2022 \u00d6RG\u00dc\/DANTEL, Hande \u00c7evik \u2022 PAMUK, G\u00f6ksel Aymaz \u2022 PANKART, Bur\u00e7ak G\u00f6rel &amp; Onur Ayta\u00e7 \u2022 PANZER, Sevilay \u00c7elenk \u2022 PARA, Ayd\u0131n \u00d6rdek \u2022 PARKA, Mustafa \u015eener \u2022 PASAPORT, Didem Dan\u0131\u015f \u2022 POSTAL, \u0130smet Ak\u00e7a \u2022 RADYO, \u0130lkay Kara \u2022 RAKI, Zeliha Burcu Acar \u2022 RANZA, Mustafa Kemal Bay\u0131rba\u011f \u2022 SAAT, Zeynep Varol \u2022 SAZ, Semih Sava\u015fal \u2022 SEFER TASI, Hakan Altun \u2022 S\u0130NEK, \u0130shak Eren Payda\u015f \u2022 S\u0130YAH \u00d6NL\u00dcK, P\u0131nar \u00d6\u011f\u00fcn\u00e7 \u2022 SOBA, Haydar \u00d6zt\u00fcrk \u2022 SOFRA, T\u00fclin Ural \u2022 SP\u0130RAL, Asl\u0131 Davas \u2022 S\u00dcP\u00dcRGE, Bahar Emgin &amp; Esra Atalay Tuna \u2022 \u015eAPKA, Ay\u015fe Durakba\u015fa \u2022 \u015eEKER, Fatma Gen\u00e7 \u2022 \u015eIRINGA VE A\u015eI, Filiz Ar\u0131\u00f6z &amp; Feride Aksu Tan\u0131k \u2022 TA\u015e, Meral Akba\u015f &amp; \u00d6zge Kelek\u00e7i \u2022 TELEFON, S\u0131rr\u0131 Emrah \u00dc\u00e7er \u2022 TELEV\u0130ZYON, Bermal Ayd\u0131n \u2022 TESP\u0130H, Leyla \u015eim\u015fek Rathke \u2022 TEZEK\/SERG\u0130N, Mehmet \u015earman \u2022 TOHUM, Esra G\u00fcven \u2022 TOP, Selin Y\u0131ld\u0131z \u2022 TRAKT\u00d6R, Sinan Y\u0131ld\u0131rmaz \u2022 TREN, Tan\u0131l Bora \u2022 T\u00dcT\u00dcN, Melda Yaman \u2022 U\u00c7AK, Eseng\u00fcl Ayy\u0131ld\u0131z \u2022 VAPUR, T. G\u00fcl K\u00f6ksal \u2022 V\u0130TR\u0130N, Ali Tansu Balc\u0131 \u2022 YA\u011e, Ay\u015fe G\u00fcl Y\u0131lg\u00f6r \u2022 YOL, Deniz Kimyon  <\/p>\n","protected":false},"excerpt":{"rendered":"<p>A\u011eA\u00c7, Esin G\u00fclsen \u2022 ALTIN, Mehtap Tosun \u2022 ANAYASA, Din\u00e7er Demirkent \u2022 ANS\u0130KLOPED\u0130, \u00d6zg\u00fcr Mumcu \u2022 APARTMAN, Ula\u015f Bayraktar \u2022 ARABA, G\u00fclcan Erg\u00fcn \u2022 AYAKKABI, Hakan<span class=\"excerpt-hellip\"> [\u2026]<\/span><\/p>\n","protected":false},"featured_media":0,"template":"","meta":{"_monsterinsights_skip_tracking":false,"_monsterinsights_sitenote_active":false,"_monsterinsights_sitenote_note":"","_monsterinsights_sitenote_category":0},"product_brand":[],"product_cat":[12304,13493],"product_tag":[],"class_list":{"0":"post-759653","1":"product","2":"type-product","3":"status-publish","5":"product_cat-tarih","6":"product_cat-turkiye-ve-cumhuriyet-tarihi","7":"pa_cilt-ciltli","8":"pa_tur-kitap","9":"pa_yayinevi-alfa-yayinlari","10":"pa_yazar-kolektif","12":"first","13":"instock","14":"sale","15":"shipping-taxable","16":"purchasable","17":"product-type-simple"},"_links":{"self":[{"href":"https:\/\/roveyayinevi.com.tr\/index.php\/wp-json\/wp\/v2\/product\/759653","targetHints":{"allow":["GET"]}}],"collection":[{"href":"https:\/\/roveyayinevi.com.tr\/index.php\/wp-json\/wp\/v2\/product"}],"about":[{"href":"https:\/\/roveyayinevi.com.tr\/index.php\/wp-json\/wp\/v2\/types\/product"}],"wp:attachment":[{"href":"https:\/\/roveyayinevi.com.tr\/index.php\/wp-json\/wp\/v2\/media?parent=759653"}],"wp:term":[{"taxonomy":"product_brand","embeddable":true,"href":"https:\/\/roveyayinevi.com.tr\/index.php\/wp-json\/wp\/v2\/product_brand?post=759653"},{"taxonomy":"product_cat","embeddable":true,"href":"https:\/\/roveyayinevi.com.tr\/index.php\/wp-json\/wp\/v2\/product_cat?post=759653"},{"taxonomy":"product_tag","embeddable":true,"href":"https:\/\/roveyayinevi.com.tr\/index.php\/wp-json\/wp\/v2\/product_tag?post=759653"}],"curies":[{"name":"wp","href":"https:\/\/api.w.org\/{rel}","templated":true}]}}