{"id":759652,"date":"2025-08-28T08:41:20","date_gmt":"2025-08-28T05:41:20","guid":{"rendered":"https:\/\/roveyayinevi.com.tr\/index.php\/urun\/ela-canim-cok-sikiliyor\/"},"modified":"2026-04-16T03:12:37","modified_gmt":"2026-04-16T00:12:37","slug":"ela-canim-cok-sikiliyor","status":"publish","type":"product","link":"https:\/\/roveyayinevi.com.tr\/index.php\/urun\/ela-canim-cok-sikiliyor\/","title":{"rendered":"Ela &#8211; Can\u0131m \u00c7ok S\u0131k\u0131l\u0131yor!"},"content":{"rendered":"<p>Kronik \u00c7ocuk\u2019un yeni serisi Ela, Esra K\u00f6kk\u0131l\u0131\u00e7\u2019\u0131n \u0130talyanca asl\u0131ndan yapt\u0131\u011f\u0131 \u00e7evirilerle okurlar\u0131yla bulu\u015fuyor!   Bu 5 kitapl\u0131k seri, Silvia Serreli\u2019nin hik\u00e2yeleri ve resimleriyle hayat buluyor. Serreli sizi hem e\u011flenmeye hem de \u00f6\u011frenmeye davet ediyor!   Serinin be\u015finci ve son kitab\u0131 Can\u0131m \u00c7ok S\u0131k\u0131l\u0131yor!, g\u00fcn\u00fcm\u00fcz \u00e7ocuklar\u0131 ve ebeveynlerinin s\u00fcrekli \u00e7\u00f6z\u00fcm bulmaya \u00e7al\u0131\u015ft\u0131\u011f\u0131 bir soruna de\u011finiyor: S\u0131k\u0131lmak!   \u00c7izgi filmler ve bilgisayar oyunlar\u0131yla zaman ge\u00e7irmeye \u00e7ok al\u0131\u015fan Ela, babaannesinin evinde bunlar\u0131n hi\u00e7birini bulamay\u0131nca ne yapaca\u011f\u0131n\u0131 \u015fa\u015f\u0131r\u0131yor. Ela, bu can s\u0131k\u0131nt\u0131s\u0131na bir \u00e7are ar\u0131yor ancak akl\u0131na hi\u00e7bir \u015fey gelmiyor. Babaannesi, Ela\u2019y\u0131 etraf\u0131 ke\u015ffetmesi i\u00e7in bah\u00e7eye \u00e7\u0131kar\u0131nca Ela\u2019n\u0131n \u00f6n\u00fcnde yepyeni kap\u0131lar aralan\u0131yor.   Silvia Serreli bu kitapta, teknolojiyle sarmaland\u0131\u011f\u0131m\u0131z d\u00fcnyada kendimizle ve do\u011fayla alternatif vakit ge\u00e7irme yollar\u0131 g\u00f6steriyor. \u00c7ocuklar bu kitapla birlikte hayat\u0131n ve do\u011fan\u0131n ke\u015ffinin asla bitmeyece\u011fini \u00f6\u011frenecek ve d\u0131\u015far\u0131da kendilerini bekleyen hayata kar\u0131\u015fmak isteyecek.   *** Ela bug\u00fcn babaannesinin evindeydi. Can\u0131 \u00e7ok s\u0131k\u0131l\u0131yordu. \u00c7\u00fcnk\u00fc bilgisayar oyunlar\u0131 ve \u00e7izgi filmler yoktu. Ama bazen yepyeni \u015feyler ke\u015ffetmek i\u00e7in sadece etraf\u0131na bakman gerekir.   Bu kitap kimlere g\u00f6re? S\u00fcrekli can\u0131 s\u0131k\u0131lan \u00e7ocuklara Can s\u0131k\u0131nt\u0131s\u0131n\u0131n k\u00f6t\u00fc bir \u015fey oldu\u011funu d\u00fc\u015f\u00fcnen ve durmadan \u00e7ocuklar\u0131n\u0131n can s\u0131k\u0131nt\u0131s\u0131n\u0131 gidermeye \u00e7al\u0131\u015fan ebeveynlere   ** Seri Tan\u0131t\u0131m Yaz\u0131s\u0131:   Kronik \u00c7ocuk\u2019un yeni serisi Ela, Esra K\u00f6kk\u0131l\u0131\u00e7\u2019\u0131n \u0130talyanca asl\u0131ndan yapt\u0131\u011f\u0131 \u00e7evirilerle okurlar\u0131yla bulu\u015fuyor!   Bu 5 kitapl\u0131k seri, Silvia Serreli\u2019nin hik\u00e2yeleri ve resimleriyle hayat buluyor. Serreli sizi hem e\u011flenmeye hem de \u00f6\u011frenmeye davet ediyor!   Herkesin kendi hayat\u0131ndan izler bulabilece\u011fi seride, Ela daha \u00f6nce hi\u00e7 deneyimlemedi\u011fi duygularla tan\u0131\u015f\u0131yor:   Serinin ilk kitab\u0131 Bir Yalan\u0131n A\u011f\u0131rl\u0131\u011f\u0131 Ne Kadard\u0131r?, ilk kez yalan s\u00f6yleyen Ela\u2019n\u0131n i\u00e7ine girdi\u011fi \u00e7\u0131kmaz\u0131 ve mutsuzlu\u011funu ger\u00e7ek\u00e7i bir \u015fekilde ele al\u0131rken d\u00fcr\u00fcstl\u00fc\u011f\u00fcn \u00f6nemini vurguluyor. Serinin ikinci kitab\u0131 Kim Korkar Zorbalardan?, Ela ve arkada\u015flar\u0131n\u0131n, zorbal\u0131k yapmaktan ho\u015flanan Kaya\u2019ya dostlu\u011fu, sevgiyi, yard\u0131mseverli\u011fi \u00f6\u011fretme m\u00fccadelesine yer veriyor. Serinin \u00fc\u00e7\u00fcnc\u00fc kitab\u0131 Neden Beklemek Zorunday\u0131m?\u2019da Ela\u2019n\u0131n sab\u0131rl\u0131 olmay\u0131 ve beklemeyi \u00f6\u011frenme s\u00fcrecinde zaman kavram\u0131yla nas\u0131l uzla\u015ft\u0131\u011f\u0131 ve eme\u011fin de\u011feri anlat\u0131l\u0131yor. Serinin d\u00f6rd\u00fcnc\u00fc kitab\u0131 Ya Yapamazsam?\u2019da Ela, her insan\u0131n hayat\u0131n\u0131 etkileyen \u00f6zg\u00fcven problemiyle ba\u015fa \u00e7\u0131kman\u0131n yollar\u0131n\u0131 \u00f6\u011frenirken korkular\u0131yla y\u00fczle\u015fiyor. Serinin be\u015finci kitab\u0131 Can\u0131m \u00c7ok S\u0131k\u0131l\u0131yor, s\u0131k\u0131lmaktan bile s\u0131k\u0131lan Ela\u2019n\u0131n, modern \u00e7a\u011f\u0131n dayatt\u0131\u011f\u0131 teknolojik d\u00fcnyadan s\u0131yr\u0131l\u0131p \u00e7evresini, hayat\u0131 ve do\u011fay\u0131 ke\u015ffetme yolculu\u011fu g\u00f6steriliyor.   Farkl\u0131 duygular deneyimlemeyi ve hayat\u0131n zorluklar\u0131yla m\u00fccadele etmeyi anlatan bu seri, keyifle okuyaca\u011f\u0131n\u0131z hik\u00e2yeleriyle reng\u00e2renk bir d\u00fcnyan\u0131n kap\u0131lar\u0131n\u0131 aral\u0131yor! Her ya\u015ftan okurun kendinden izler bulabilece\u011fi seride, \u00e7ocuklar hayata dair farkl\u0131 bak\u0131\u015f a\u00e7\u0131lar\u0131 kazan\u0131rken ayn\u0131 zamanda dostlu\u011fun, d\u00fcr\u00fcstl\u00fc\u011f\u00fcn, do\u011fa sevgisinin, azmin ve eme\u011fin \u00f6nemini \u00f6\u011frenecek.   Ela\u2019n\u0131n bu keyifli ve renkli d\u00fcnyas\u0131nda yerinizi almaya haz\u0131r m\u0131s\u0131n\u0131z?   M\u00fcfredat temalar\u0131:  DUYGULAR, \u00c7OCUK D\u00dcNYASI, HAYAT BECER\u0130LER\u0130, ERDEMLER, DO\u011eA VE EVREN<\/p>\n","protected":false},"excerpt":{"rendered":"<p>Kronik \u00c7ocuk\u2019un yeni serisi Ela, Esra K\u00f6kk\u0131l\u0131\u00e7\u2019\u0131n \u0130talyanca asl\u0131ndan yapt\u0131\u011f\u0131 \u00e7evirilerle okurlar\u0131yla bulu\u015fuyor! Bu 5 kitapl\u0131k seri, Silvia Serreli\u2019nin hik\u00e2yeleri ve resimleriyle hayat buluyor. Serreli sizi<span class=\"excerpt-hellip\"> [\u2026]<\/span><\/p>\n","protected":false},"featured_media":0,"template":"","meta":{"_monsterinsights_skip_tracking":false,"_monsterinsights_sitenote_active":false,"_monsterinsights_sitenote_note":"","_monsterinsights_sitenote_category":0},"product_brand":[],"product_cat":[12274,12284],"product_tag":[],"class_list":{"0":"post-759652","1":"product","2":"type-product","3":"status-publish","5":"product_cat-cocuk-ve-genclik-kitaplari","6":"product_cat-hikayeler","7":"pa_cilt-ciltsiz","8":"pa_tur-kitap","9":"pa_yayinevi-kronik-kitap","10":"pa_yazar-silvia-serreli","12":"first","13":"instock","14":"sale","15":"shipping-taxable","16":"purchasable","17":"product-type-simple"},"_links":{"self":[{"href":"https:\/\/roveyayinevi.com.tr\/index.php\/wp-json\/wp\/v2\/product\/759652","targetHints":{"allow":["GET"]}}],"collection":[{"href":"https:\/\/roveyayinevi.com.tr\/index.php\/wp-json\/wp\/v2\/product"}],"about":[{"href":"https:\/\/roveyayinevi.com.tr\/index.php\/wp-json\/wp\/v2\/types\/product"}],"wp:attachment":[{"href":"https:\/\/roveyayinevi.com.tr\/index.php\/wp-json\/wp\/v2\/media?parent=759652"}],"wp:term":[{"taxonomy":"product_brand","embeddable":true,"href":"https:\/\/roveyayinevi.com.tr\/index.php\/wp-json\/wp\/v2\/product_brand?post=759652"},{"taxonomy":"product_cat","embeddable":true,"href":"https:\/\/roveyayinevi.com.tr\/index.php\/wp-json\/wp\/v2\/product_cat?post=759652"},{"taxonomy":"product_tag","embeddable":true,"href":"https:\/\/roveyayinevi.com.tr\/index.php\/wp-json\/wp\/v2\/product_tag?post=759652"}],"curies":[{"name":"wp","href":"https:\/\/api.w.org\/{rel}","templated":true}]}}