{"id":759647,"date":"2025-08-28T08:41:12","date_gmt":"2025-08-28T05:41:12","guid":{"rendered":"https:\/\/roveyayinevi.com.tr\/index.php\/urun\/gizli-bir-hazine\/"},"modified":"2026-04-16T03:12:37","modified_gmt":"2026-04-16T00:12:37","slug":"gizli-bir-hazine","status":"publish","type":"product","link":"https:\/\/roveyayinevi.com.tr\/index.php\/urun\/gizli-bir-hazine\/","title":{"rendered":"Gizli Bir Hazine"},"content":{"rendered":"<p>Nefes\u2019in maceralar\u0131 h\u0131z kesmeden devam ediyor! Bu kez esas zenginli\u011fin pe\u015fine d\u00fc\u015fm\u00fc\u015fken kendini bir anda kickboks salonunda buluyor. Bir yandan hakk\u0131nda hi\u00e7bir \u015fey bilmedi\u011fi bir spor dal\u0131n\u0131 \u00f6\u011frenmeye \u00e7al\u0131\u015f\u0131yor bir yandan da \u00e7ok sevdi\u011fi pembe kalpli \u00e7oraplar\u0131n\u0131n gazab\u0131na u\u011fruyor. \u00dcstelik bu kez herkesin g\u00f6z\u00fc \u00f6n\u00fcnde! Bu utan\u00e7 verici olay\u0131n unutulmas\u0131 ise biraz zaman alacak gibi g\u00f6r\u00fcn\u00fcyor. Neyse ki Nefes\u2019in onu anlayan, kusurlar\u0131yla kabul eden, sa\u00e7mal\u0131klar\u0131na birlikte g\u00fclebildi\u011fi arkada\u015flar\u0131 ve sevgi dolu bir ailesi var. Sosyal medyada \u201cAkademisyen Anne\u201d hesab\u0131 ile y\u00fczbinlerce anne babaya geli\u015fim destek \u00f6nerileri veren, \u00e7ocuk geli\u015fimi alan\u0131nda \u00fclkemizin en \u00fcretken ve de\u011ferli isimlerinden Do\u00e7. Dr. Saniye Bencik Kangal\u2019dan yepyeni bir seri: Hayat Dedi\u011fin\u2026 Ne de olsa hayat dedi\u011fimiz, gizli bir hazine!   ***   Bu seriyle hayat\u0131n ini\u015fli \u00e7\u0131k\u0131\u015fl\u0131 yollar\u0131nda birlikte ilerleyecek, nesiller aras\u0131 ileti\u015fimden arkada\u015fl\u0131\u011fa, okul hayat\u0131ndan maceraya, iyisiyle k\u00f6t\u00fcs\u00fcyle her t\u00fcrl\u00fc duyguya ve duruma \u015fahitlik edece\u011fiz. Do\u00e7. Dr. Saniye Bencik Kangal\u2019\u0131n e\u011flenceli ve i\u00e7ten kalemi bu kez okul \u00e7ocu\u011fu Nefes karakteriyle v\u00fccut buluyor; bir \u00e7ocu\u011fun g\u00f6z\u00fcnden hayat\u0131n kar\u015f\u0131m\u0131za neler \u00e7\u0131karabilece\u011fini her kitapta farkl\u0131 bir temayla irdeliyor.   M\u00fcfredat temalar\u0131: NES\u0130LLER ARASI \u0130LET\u0130\u015e\u0130M, DUYGULAR, \u00c7OCUK D\u00dcNYASI, ZAMAN VE MEK\u00c2N, HAYAT BECER\u0130LER\u0130, ERDEMLER <\/p>\n","protected":false},"excerpt":{"rendered":"<p>Nefes\u2019in maceralar\u0131 h\u0131z kesmeden devam ediyor! Bu kez esas zenginli\u011fin pe\u015fine d\u00fc\u015fm\u00fc\u015fken kendini bir anda kickboks salonunda buluyor. Bir yandan hakk\u0131nda hi\u00e7bir \u015fey bilmedi\u011fi bir spor<span class=\"excerpt-hellip\"> [\u2026]<\/span><\/p>\n","protected":false},"featured_media":0,"template":"","meta":{"_monsterinsights_skip_tracking":false,"_monsterinsights_sitenote_active":false,"_monsterinsights_sitenote_note":"","_monsterinsights_sitenote_category":0},"product_brand":[],"product_cat":[12274,12284],"product_tag":[],"class_list":{"0":"post-759647","1":"product","2":"type-product","3":"status-publish","5":"product_cat-cocuk-ve-genclik-kitaplari","6":"product_cat-hikayeler","7":"pa_cilt-ciltsiz","8":"pa_tur-kitap","9":"pa_yayinevi-kronik-kitap","10":"pa_yazar-saniye-bencik-kangal","12":"first","13":"instock","14":"sale","15":"shipping-taxable","16":"purchasable","17":"product-type-simple"},"_links":{"self":[{"href":"https:\/\/roveyayinevi.com.tr\/index.php\/wp-json\/wp\/v2\/product\/759647","targetHints":{"allow":["GET"]}}],"collection":[{"href":"https:\/\/roveyayinevi.com.tr\/index.php\/wp-json\/wp\/v2\/product"}],"about":[{"href":"https:\/\/roveyayinevi.com.tr\/index.php\/wp-json\/wp\/v2\/types\/product"}],"wp:attachment":[{"href":"https:\/\/roveyayinevi.com.tr\/index.php\/wp-json\/wp\/v2\/media?parent=759647"}],"wp:term":[{"taxonomy":"product_brand","embeddable":true,"href":"https:\/\/roveyayinevi.com.tr\/index.php\/wp-json\/wp\/v2\/product_brand?post=759647"},{"taxonomy":"product_cat","embeddable":true,"href":"https:\/\/roveyayinevi.com.tr\/index.php\/wp-json\/wp\/v2\/product_cat?post=759647"},{"taxonomy":"product_tag","embeddable":true,"href":"https:\/\/roveyayinevi.com.tr\/index.php\/wp-json\/wp\/v2\/product_tag?post=759647"}],"curies":[{"name":"wp","href":"https:\/\/api.w.org\/{rel}","templated":true}]}}