{"id":759646,"date":"2025-08-28T08:41:11","date_gmt":"2025-08-28T05:41:11","guid":{"rendered":"https:\/\/roveyayinevi.com.tr\/index.php\/urun\/dakikalar-icinde-sayilar\/"},"modified":"2026-04-16T03:12:37","modified_gmt":"2026-04-16T00:12:37","slug":"dakikalar-icinde-sayilar","status":"publish","type":"product","link":"https:\/\/roveyayinevi.com.tr\/index.php\/urun\/dakikalar-icinde-sayilar\/","title":{"rendered":"Dakikalar \u0130\u00e7inde Say\u0131lar"},"content":{"rendered":"<p>SAYILARIN G\u0130ZEML\u0130 D\u00dcNYASI Say\u0131lar insanl\u0131\u011f\u0131n tart\u0131\u015fmas\u0131z en b\u00fcy\u00fck ve en eski icad\u0131d\u0131r. \u0130nsanlar alfabeyi geli\u015ftirmeden \u00f6nce say\u0131lar\u0131 ifade etmek i\u00e7in semboller kullan\u0131yorlard\u0131. Antik Yunan&#8217;dan, R\u00f6nesans&#8217;tan g\u00fcn\u00fcm\u00fcze tarih boyunca say\u0131lar hayat\u0131m\u0131z\u0131n her alan\u0131n\u0131 ne kadar ve nas\u0131l etkiledi? Neden bir dakika 60 saniye? S\u0131f\u0131r\u0131 kim icat etti? Pi tam olarak nedir? Bilinen en b\u00fcy\u00fck asal say\u0131 nedir? Sonsuzdan daha b\u00fcy\u00fck bir say\u0131y\u0131 nas\u0131l elde edebilirsiniz? 13 ve 666 say\u0131s\u0131ndan neden korkar\u0131z? Bilinen evrendeki ismi konmu\u015f en b\u00fcy\u00fck say\u0131 nedir? Pamuk Prenses 3 c\u00fcce arkada\u015f\u0131n\u0131 ka\u00e7 farkl\u0131 \u015fekilde se\u00e7ebilir? K\u00fcba asallar\u0131 K\u00fcba\u2019da m\u0131 bulunmu\u015ftur? Bir say\u0131 nas\u0131l narsist olabilir ki? Kanat \u00e7\u0131rpan bir kelebek nas\u0131l kaosa neden olabilir? 42 say\u0131s\u0131n\u0131n hayat ve evrenle ili\u015fkisi nedir? Sayma say\u0131lar\u0131n\u0131n toplam\u0131 nas\u0131l negatif bir kesir \u00e7\u0131kabilir? Dakikalar \u0130\u00e7inde Say\u0131lar 200 \u00f6nemli, b\u00fcy\u00fcleyici ve s\u0131ra d\u0131\u015f\u0131 say\u0131n\u0131n g\u00f6rselleri, grafikleri ve \u00e7izimleri ile matemati\u011fi kavraman\u0131n kolay ve e\u011flenceli yolu. <\/p>\n","protected":false},"excerpt":{"rendered":"<p>SAYILARIN G\u0130ZEML\u0130 D\u00dcNYASI Say\u0131lar insanl\u0131\u011f\u0131n tart\u0131\u015fmas\u0131z en b\u00fcy\u00fck ve en eski icad\u0131d\u0131r. \u0130nsanlar alfabeyi geli\u015ftirmeden \u00f6nce say\u0131lar\u0131 ifade etmek i\u00e7in semboller kullan\u0131yorlard\u0131. Antik Yunan&#8217;dan, R\u00f6nesans&#8217;tan g\u00fcn\u00fcm\u00fcze<span class=\"excerpt-hellip\"> [\u2026]<\/span><\/p>\n","protected":false},"featured_media":0,"template":"","meta":{"_monsterinsights_skip_tracking":false,"_monsterinsights_sitenote_active":false,"_monsterinsights_sitenote_note":"","_monsterinsights_sitenote_category":0},"product_brand":[],"product_cat":[13005,13006],"product_tag":[],"class_list":{"0":"post-759646","1":"product","2":"type-product","3":"status-publish","5":"product_cat-bilim-muhendislik","6":"product_cat-populer-bilim","7":"pa_cilt-ciltsiz","8":"pa_tur-kitap","9":"pa_yayinevi-kronik-kitap","10":"pa_yazar-julia-collins","12":"first","13":"instock","14":"sale","15":"shipping-taxable","16":"purchasable","17":"product-type-simple"},"_links":{"self":[{"href":"https:\/\/roveyayinevi.com.tr\/index.php\/wp-json\/wp\/v2\/product\/759646","targetHints":{"allow":["GET"]}}],"collection":[{"href":"https:\/\/roveyayinevi.com.tr\/index.php\/wp-json\/wp\/v2\/product"}],"about":[{"href":"https:\/\/roveyayinevi.com.tr\/index.php\/wp-json\/wp\/v2\/types\/product"}],"wp:attachment":[{"href":"https:\/\/roveyayinevi.com.tr\/index.php\/wp-json\/wp\/v2\/media?parent=759646"}],"wp:term":[{"taxonomy":"product_brand","embeddable":true,"href":"https:\/\/roveyayinevi.com.tr\/index.php\/wp-json\/wp\/v2\/product_brand?post=759646"},{"taxonomy":"product_cat","embeddable":true,"href":"https:\/\/roveyayinevi.com.tr\/index.php\/wp-json\/wp\/v2\/product_cat?post=759646"},{"taxonomy":"product_tag","embeddable":true,"href":"https:\/\/roveyayinevi.com.tr\/index.php\/wp-json\/wp\/v2\/product_tag?post=759646"}],"curies":[{"name":"wp","href":"https:\/\/api.w.org\/{rel}","templated":true}]}}