{"id":759645,"date":"2025-08-28T08:41:10","date_gmt":"2025-08-28T05:41:10","guid":{"rendered":"https:\/\/roveyayinevi.com.tr\/index.php\/urun\/isim-ve-ben-2\/"},"modified":"2026-04-08T03:21:11","modified_gmt":"2026-04-08T00:21:11","slug":"isim-ve-ben-2","status":"publish","type":"product","link":"https:\/\/roveyayinevi.com.tr\/index.php\/urun\/isim-ve-ben-2\/","title":{"rendered":"\u0130\u015fim ve Ben"},"content":{"rendered":"<p>Meslek tercihini ailesinin istedi\u011fi \u201ciyi\u201d bir b\u00f6l\u00fcmden yana yapm\u0131\u015f bir gen\u00e7, \u00fcniversiteyi bitirmek \u00fczereyken yazd\u0131\u011f\u0131 mektubunda kendini \u015f\u00f6yle ifade ediyor: \u201cD\u00f6rt y\u0131ld\u0131r ya\u015fad\u0131\u011f\u0131m\u0131 hissetmiyorum. Neyle u\u011fra\u015f\u0131yorum bilmiyorum. Sevmek istiyorum, sevemiyorum\u2026 Mezun olduktan sonra e\u011fitimini ald\u0131\u011f\u0131m meslekte \u00e7al\u0131\u015fmak istemiyorum. Hangi i\u015fi yapmak istedi\u011fimi ise bilmiyorum. Hi\u00e7bir duygum net de\u011fil, i\u00e7erisi karmakar\u0131\u015f\u0131k\u2026\u201d Gen\u00e7lerin hayat\u0131ndaki en \u00f6nemli kararlardan biri meslek se\u00e7imi&#8230; Bu karar sadece gelecekteki kariyer yollar\u0131n\u0131 de\u011fil, ayn\u0131 zamanda ki\u015fisel mutluluklar\u0131n\u0131 ve topluma katk\u0131lar\u0131n\u0131 da \u015fekillendiriyor. Peki, gen\u00e7ler ve onlar i\u00e7in en iyisini isteyen aileleri bu se\u00e7im s\u00fcrecinin \u00f6neminin ve gen\u00e7lere nas\u0131l destek olabileceklerinin ne kadar fark\u0131nda? Y\u0131ld\u0131z Hac\u0131evliyagil C\u00fccelo\u011flu\u2019nun kaleme ald\u0131\u011f\u0131 \u0130\u015fim ve Ben (Meslek Se\u00e7iminden \u00d6nce Okunacak Kitap), \u201cKi\u015fi, yapmaktan mutlu olaca\u011f\u0131 bir mesle\u011fi\/i\u015fi se\u00e7mesi i\u00e7in nelerin fark\u0131nda olmal\u0131?\u201d sorusuna cevap ar\u0131yor. Y\u0131ld\u0131z Hac\u0131evliyagil C\u00fccelo\u011flu hukuk, felsefe ve psikoloji alan\u0131ndaki bilgi birikimini, kendi meslek ya\u015fam\u0131ndan elde etti\u011fi tecr\u00fcbeyle harmanl\u0131yor; farkl\u0131 se\u00e7im ve kariyer \u00f6yk\u00fcleriyle bir araya getirerek benzersiz bir bak\u0131\u015f a\u00e7\u0131s\u0131 sunuyor.  Her b\u00f6l\u00fcm\u00fcn sonunda yer alan \u201cKe\u015fif Sorular\u0131\u201d ile kendilerini daha iyi tan\u0131malar\u0131 ve ger\u00e7ek potansiyellerini ortaya \u00e7\u0131karmalar\u0131 i\u00e7in pratik ara\u00e7lar sa\u011flayarak meslek se\u00e7imi yapmak \u00fczere olanlar\u0131 ki\u015fisel de\u011ferleri, yetenekleri ve tutkular\u0131 aras\u0131ndaki ba\u011flant\u0131y\u0131 ke\u015ffetmeye davet ediyor. \u0130\u015fim ve Ben (Meslek Se\u00e7iminden \u00d6nce Okunacak Kitap) kariyer yolculu\u011funuzda bilin\u00e7li tercihler yapmak i\u00e7in de\u011ferli bir rehber&#8230; Bu rehberle isteklerinizi daha derinden sorgulayacak, anlaml\u0131 ve doyumlu bir ya\u015fam i\u00e7in meslek se\u00e7im s\u00fcrecinizde g\u00fcvenle ilerleyeceksiniz. <\/p>\n","protected":false},"excerpt":{"rendered":"<p>Meslek tercihini ailesinin istedi\u011fi \u201ciyi\u201d bir b\u00f6l\u00fcmden yana yapm\u0131\u015f bir gen\u00e7, \u00fcniversiteyi bitirmek \u00fczereyken yazd\u0131\u011f\u0131 mektubunda kendini \u015f\u00f6yle ifade ediyor: \u201cD\u00f6rt y\u0131ld\u0131r ya\u015fad\u0131\u011f\u0131m\u0131 hissetmiyorum. Neyle u\u011fra\u015f\u0131yorum<span class=\"excerpt-hellip\"> [\u2026]<\/span><\/p>\n","protected":false},"featured_media":0,"template":"","meta":{"_monsterinsights_skip_tracking":false,"_monsterinsights_sitenote_active":false,"_monsterinsights_sitenote_note":"","_monsterinsights_sitenote_category":0},"product_brand":[],"product_cat":[12364,12376],"product_tag":[],"class_list":{"0":"post-759645","1":"product","2":"type-product","3":"status-publish","5":"product_cat-genel-konular","6":"product_cat-kisisel-gelisim","7":"pa_cilt-ciltsiz","8":"pa_tur-kitap","9":"pa_yayinevi-kronik-kitap","10":"pa_yazar-yildiz-hacievliyagil-cuceloglu","12":"first","13":"instock","14":"sale","15":"shipping-taxable","16":"purchasable","17":"product-type-simple"},"_links":{"self":[{"href":"https:\/\/roveyayinevi.com.tr\/index.php\/wp-json\/wp\/v2\/product\/759645","targetHints":{"allow":["GET"]}}],"collection":[{"href":"https:\/\/roveyayinevi.com.tr\/index.php\/wp-json\/wp\/v2\/product"}],"about":[{"href":"https:\/\/roveyayinevi.com.tr\/index.php\/wp-json\/wp\/v2\/types\/product"}],"wp:attachment":[{"href":"https:\/\/roveyayinevi.com.tr\/index.php\/wp-json\/wp\/v2\/media?parent=759645"}],"wp:term":[{"taxonomy":"product_brand","embeddable":true,"href":"https:\/\/roveyayinevi.com.tr\/index.php\/wp-json\/wp\/v2\/product_brand?post=759645"},{"taxonomy":"product_cat","embeddable":true,"href":"https:\/\/roveyayinevi.com.tr\/index.php\/wp-json\/wp\/v2\/product_cat?post=759645"},{"taxonomy":"product_tag","embeddable":true,"href":"https:\/\/roveyayinevi.com.tr\/index.php\/wp-json\/wp\/v2\/product_tag?post=759645"}],"curies":[{"name":"wp","href":"https:\/\/api.w.org\/{rel}","templated":true}]}}