{"id":759644,"date":"2025-08-28T08:41:09","date_gmt":"2025-08-28T05:41:09","guid":{"rendered":"https:\/\/roveyayinevi.com.tr\/index.php\/urun\/rusya\/"},"modified":"2026-04-16T03:12:37","modified_gmt":"2026-04-16T00:12:37","slug":"rusya","status":"publish","type":"product","link":"https:\/\/roveyayinevi.com.tr\/index.php\/urun\/rusya\/","title":{"rendered":"Rusya"},"content":{"rendered":"<p>D\u00dcNYAYI DE\u011e\u0130\u015eT\u0130REN 4 YIL   &#8220;Antony Beevor&#8217;\u0131n Rusya: Devrim ve \u0130\u00e7 Sava\u015f 1917-1921\u2019i, derinlemesine ara\u015ft\u0131rmas\u0131, anlat\u0131m g\u00fcc\u00fc ve siyaset ile sava\u015fa dair ustal\u0131kl\u0131 analizleriyle son derece etkileyici, ola\u011fan\u00fcst\u00fc bir kitap. \u0130\u00e7 sava\u015flar\u0131n en ac\u0131mas\u0131z\u0131 sona ererken, insan zengin bir bilgi birikimine sahip olmakla birlikte, \u00e7ekilen ac\u0131lar\u0131n b\u00fcy\u00fckl\u00fc\u011f\u00fc kar\u015f\u0131s\u0131nda hayrete d\u00fc\u015f\u00fcyor ve pek \u00e7ok ihtimal \u00fczerinde d\u00fc\u015f\u00fcn\u00fcyor.&#8221; -Noel Malcolm   \u201cS\u00fcr\u00fckleyici &#8230; Bu kitapta, konuya \u00f6nemli bir doku ve n\u00fcans katan ve Rusya\u2019y\u0131 \u00f6nceki \u00e7al\u0131\u015fmalardan ay\u0131rmaya yard\u0131mc\u0131 olan \u00e7ok say\u0131da yeni bilgi var.\u201d  -The Wall Street Journal     1914\u2019\u00fcn s\u0131cak bir yaz g\u00fcn\u00fcnde Saraybosna\u2019da ate\u015flenen tabanca, \u00f6nce barut f\u0131\u00e7\u0131s\u0131na d\u00f6nm\u00fc\u015f Balkanlar\u0131 ard\u0131ndan da t\u00fcm Avrupa\u2019y\u0131 alevlere teslim edecekti. \u0130mparatorluklar\u0131 birbirine d\u00fc\u015f\u00fcren sava\u015fta halihaz\u0131rda \u00e7at\u0131rdamakta olan \u00c7arl\u0131k Rusyas\u0131 yo\u011fun bir seferberlik ba\u015flatacak, b\u00f6ylece otokratik y\u00f6netimden bunalm\u0131\u015f Ruslar\u0131 daha da bezdirecekti. 1917\u2019nin \u015eubat ve Ekim Devrimleriyle \u00c7ar II. Nikolay \u00f6nce tahttan inmi\u015f, ard\u0131ndan iki meclis ortaya \u00e7\u0131km\u0131\u015f ve neticede Bol\u015feviklerin iktidar y\u00fcr\u00fcy\u00fc\u015f\u00fc ba\u015flam\u0131\u015ft\u0131. Ekim Devrimi\u2019nden hemen sonra patlak veren i\u00e7 sava\u015f, imparatorlu\u011fun d\u00f6rt bir yan\u0131n\u0131n barut kokmas\u0131na ve amans\u0131z bir m\u00fccadeleye yol a\u00e7acakt\u0131.   \u00b7         \u00c7arl\u0131k Rusyas\u0131 nas\u0131l \u00e7\u00f6kt\u00fc? \u00b7         Osmanl\u0131 \u0130mparatorlu\u011fu \u00c7arl\u0131k Rusyas\u0131\u2019n\u0131n \u00e7\u00f6k\u00fc\u015f\u00fcnde nas\u0131l bir rol oynad\u0131? \u00b7         Bol\u015fevikler nas\u0131l g\u00fc\u00e7lendi? \u00b7         Lenin, Tro\u00e7ki ve Stalin gibi isimler nas\u0131l \u00f6n plana \u00e7\u0131kt\u0131? \u00b7         Kanl\u0131 i\u00e7 sava\u015ftan Bol\u015fevikler nas\u0131l galip \u00e7\u0131kt\u0131? \u00dcnl\u00fc tarih\u00e7i Antony Beevor Rusya: Devrim ve \u0130\u00e7 Sava\u015f 1917-1921\u2019de bu ve benzeri pek \u00e7ok soruyu ustal\u0131kla yan\u0131tl\u0131yor. Bu d\u00f6neme ili\u015fkin \u00e7al\u0131\u015fmalar genellikle siyaset ve ideolojiye odaklansa da Beevor, Rus ar\u015fivlerinden elde etti\u011fi yeni materyallerle destekledi\u011fi sava\u015f\u0131n ham ger\u00e7ekli\u011fini bir askeri tarih\u00e7i becerisiyle tasvir ediyor. Rusya: Devrim ve \u0130\u00e7 Sava\u015f 1917-1921, Rusya\u2019da ba\u015flayan i\u015f\u00e7i hareketlerinin ve nihayetinde yol a\u00e7t\u0131\u011f\u0131 i\u00e7 sava\u015f\u0131n d\u00fcnyay\u0131 nas\u0131l de\u011fi\u015ftirdi\u011fini merak edenler i\u00e7in vazge\u00e7ilmez bir kaynak. <\/p>\n","protected":false},"excerpt":{"rendered":"<p>D\u00dcNYAYI DE\u011e\u0130\u015eT\u0130REN 4 YIL &#8220;Antony Beevor&#8217;\u0131n Rusya: Devrim ve \u0130\u00e7 Sava\u015f 1917-1921\u2019i, derinlemesine ara\u015ft\u0131rmas\u0131, anlat\u0131m g\u00fcc\u00fc ve siyaset ile sava\u015fa dair ustal\u0131kl\u0131 analizleriyle son derece etkileyici,<span class=\"excerpt-hellip\"> [\u2026]<\/span><\/p>\n","protected":false},"featured_media":0,"template":"","meta":{"_monsterinsights_skip_tracking":false,"_monsterinsights_sitenote_active":false,"_monsterinsights_sitenote_note":"","_monsterinsights_sitenote_category":0},"product_brand":[],"product_cat":[12305,12304],"product_tag":[],"class_list":{"0":"post-759644","1":"product","2":"type-product","3":"status-publish","5":"product_cat-dunya-tarihi","6":"product_cat-tarih","7":"pa_cilt-ciltsiz","8":"pa_tur-kitap","9":"pa_yayinevi-kronik-kitap","10":"pa_yazar-antony-beevor","12":"first","13":"instock","14":"sale","15":"shipping-taxable","16":"purchasable","17":"product-type-simple"},"_links":{"self":[{"href":"https:\/\/roveyayinevi.com.tr\/index.php\/wp-json\/wp\/v2\/product\/759644","targetHints":{"allow":["GET"]}}],"collection":[{"href":"https:\/\/roveyayinevi.com.tr\/index.php\/wp-json\/wp\/v2\/product"}],"about":[{"href":"https:\/\/roveyayinevi.com.tr\/index.php\/wp-json\/wp\/v2\/types\/product"}],"wp:attachment":[{"href":"https:\/\/roveyayinevi.com.tr\/index.php\/wp-json\/wp\/v2\/media?parent=759644"}],"wp:term":[{"taxonomy":"product_brand","embeddable":true,"href":"https:\/\/roveyayinevi.com.tr\/index.php\/wp-json\/wp\/v2\/product_brand?post=759644"},{"taxonomy":"product_cat","embeddable":true,"href":"https:\/\/roveyayinevi.com.tr\/index.php\/wp-json\/wp\/v2\/product_cat?post=759644"},{"taxonomy":"product_tag","embeddable":true,"href":"https:\/\/roveyayinevi.com.tr\/index.php\/wp-json\/wp\/v2\/product_tag?post=759644"}],"curies":[{"name":"wp","href":"https:\/\/api.w.org\/{rel}","templated":true}]}}