{"id":759642,"date":"2025-08-28T08:41:07","date_gmt":"2025-08-28T05:41:07","guid":{"rendered":"https:\/\/roveyayinevi.com.tr\/index.php\/urun\/batida-siyasal-dusunceler-tarihi-1\/"},"modified":"2026-04-12T03:16:27","modified_gmt":"2026-04-12T00:16:27","slug":"batida-siyasal-dusunceler-tarihi-1","status":"publish","type":"product","link":"https:\/\/roveyayinevi.com.tr\/index.php\/urun\/batida-siyasal-dusunceler-tarihi-1\/","title":{"rendered":"Bat\u0131\u2019da Siyasal D\u00fc\u015f\u00fcnceler Tarihi 1"},"content":{"rendered":"<p>\u0130lk bask\u0131s\u0131 1969&#8217;da Ankara \u00dcniversitesi Siyasal Bilgiler Fak\u00fcltesi Yay\u0131nlar\u0131 aras\u0131nda \u00fc\u00e7 cilt olarak \u00e7\u0131kan Bat\u0131&#8217;da Siyasal D\u00fc\u015f\u00fcnceler Tarihi, 1985&#8217;te Verso Yay\u0131nlar\u0131, 2001&#8217;de Bilgi \u00dcniversitesi Yay\u0131nlar\u0131 taraf\u0131ndan bas\u0131ld\u0131ktan sonra yay\u0131nevimiz taraf\u0131ndan bir kez daha g\u00f6zden ge\u00e7irilerek tekrar yay\u0131mlan\u0131yor. Y\u0131llard\u0131r bir\u00e7ok \u00fcniversitede ders kitab\u0131 olarak okutulan bu eseri \u00f6zenli bir \u00e7al\u0131\u015fmayla yay\u0131na haz\u0131rlayan Mete Tun\u00e7ay, siyasal etkinlik \u00fczerine \u00f6ne s\u00fcr\u00fclen g\u00f6r\u00fc\u015fleri tan\u0131mlay\u0131p, a\u00e7\u0131klarken kulland\u0131\u011f\u0131 \u201cd\u00fc\u015f\u00fcn\u00fc\u015f\u201d deyimini, bu anlamda ge\u00e7erli olan \u201cteori\u201d ve \u201cdoktrin\u201d kavramlar\u0131na tercih ederken; bu s\u00f6zlerin do\u011fru ya da yanl\u0131\u015f\u0131 ve hatta \u201cdogma\u201dy\u0131 i\u00e7erdi\u011fini, oysa \u201cd\u00fc\u015f\u00fcn\u00fc\u015f\u201d\u00fcn kavram olarak yans\u0131zl\u0131\u011f\u0131 ifade etti\u011fini ve bunun da tarihte siyasetle ilgili d\u00fc\u015f\u00fcncelerin geni\u015f \u00f6l\u00e7\u00fcde kar\u0131\u015fm\u0131\u015f oldu\u011fu dikkate al\u0131nd\u0131\u011f\u0131nda daha uygun bir deyim oldu\u011funu savunmaktad\u0131r. \u00d6zellikle felsefi ve siyasal d\u00fc\u015f\u00fcnce metinlerinde yap\u0131lacak se\u00e7menin, sunulan metinlerin bir korelasyon i\u00e7inde olmas\u0131, farkl\u0131 d\u00f6nemlerde ya\u015fam\u0131\u015f d\u00fc\u015f\u00fcnce insanlar\u0131n\u0131n zihniyet d\u00fcnyas\u0131n\u0131 kar\u015f\u0131la\u015ft\u0131r\u0131p, kavramas\u0131 yolunda \u00f6nemli bir ad\u0131m oldu\u011fu a\u00e7\u0131kt\u0131r. Ayr\u0131ca yayg\u0131n bir deyi\u015fe g\u00f6re, bir filozofu tan\u0131mak b\u00fct\u00fcn felsefe tarihini tan\u0131mak demektir. Ger\u00e7ekten de her \u00f6nemli d\u00fc\u015f\u00fcn\u00fcr, etkilendi\u011fi \u00f6ncelleriyle ve etkiledi\u011fi ard\u0131llar\u0131yla, kendi \u00e7a\u011f\u0131na \u00e7ok a\u015fan bir alan\u0131 kapsar. Bu anlay\u0131\u015fla Mete Tun\u00e7ay\u2019\u0131n haz\u0131rlad\u0131\u011f\u0131 Bat\u0131\u2019da Siyasal D\u00fc\u015f\u00fcnceler Tarihi\u2019nin bu cildinde de Heredotos\u2019tan Paudal\u0131 Marsillio\u2019ya uzanan Eski ve Orta \u00c7a\u011f d\u00fc\u015f\u00fcn\u00fcrlerinin se\u00e7me yaz\u0131lar\u0131 yer al\u0131yor. Eserin bu bask\u0131s\u0131nda ba\u015fta d\u00fc\u015f\u00fcn\u00fcrlerin okuma par\u00e7alar\u0131 olmak \u00fczere t\u00fcm metinler ve kaynak\u00e7alar g\u00f6zden ge\u00e7irilmi\u015f; kaynak\u00e7aya kitab\u0131n son bas\u0131m\u0131ndan bug\u00fcne, d\u00fc\u015f\u00fcn\u00fcrlerin dilimize kazand\u0131r\u0131lan eserleri ve onlar \u00fczerine yaz\u0131lan kitaplar eklenmi\u015ftir. HEREDOTOS YA\u015eLI OLIGARKH THUKYDIDES PERIKLES PLATON ARISTOTELES POLYBIOS MARCUS TILLIUS CICERO LUCIUS ANNAEUS SENECA AURELIUS AUGUSTINUS SALISBURY\u2019L\u0130 JOHN AQUINUMLU THOMAS PAUDA\u2019LI MARSILLIO <\/p>\n","protected":false},"excerpt":{"rendered":"<p>\u0130lk bask\u0131s\u0131 1969&#8217;da Ankara \u00dcniversitesi Siyasal Bilgiler Fak\u00fcltesi Yay\u0131nlar\u0131 aras\u0131nda \u00fc\u00e7 cilt olarak \u00e7\u0131kan Bat\u0131&#8217;da Siyasal D\u00fc\u015f\u00fcnceler Tarihi, 1985&#8217;te Verso Yay\u0131nlar\u0131, 2001&#8217;de Bilgi \u00dcniversitesi Yay\u0131nlar\u0131 taraf\u0131ndan<span class=\"excerpt-hellip\"> [\u2026]<\/span><\/p>\n","protected":false},"featured_media":0,"template":"","meta":{"_monsterinsights_skip_tracking":false,"_monsterinsights_sitenote_active":false,"_monsterinsights_sitenote_note":"","_monsterinsights_sitenote_category":0},"product_brand":[],"product_cat":[12304],"product_tag":[],"class_list":{"0":"post-759642","1":"product","2":"type-product","3":"status-publish","5":"product_cat-tarih","6":"pa_cilt-ciltsiz","7":"pa_tur-kitap","8":"pa_yayinevi-kronik-kitap","9":"pa_yazar-mete-tuncay","11":"first","12":"instock","13":"sale","14":"shipping-taxable","15":"purchasable","16":"product-type-simple"},"_links":{"self":[{"href":"https:\/\/roveyayinevi.com.tr\/index.php\/wp-json\/wp\/v2\/product\/759642","targetHints":{"allow":["GET"]}}],"collection":[{"href":"https:\/\/roveyayinevi.com.tr\/index.php\/wp-json\/wp\/v2\/product"}],"about":[{"href":"https:\/\/roveyayinevi.com.tr\/index.php\/wp-json\/wp\/v2\/types\/product"}],"wp:attachment":[{"href":"https:\/\/roveyayinevi.com.tr\/index.php\/wp-json\/wp\/v2\/media?parent=759642"}],"wp:term":[{"taxonomy":"product_brand","embeddable":true,"href":"https:\/\/roveyayinevi.com.tr\/index.php\/wp-json\/wp\/v2\/product_brand?post=759642"},{"taxonomy":"product_cat","embeddable":true,"href":"https:\/\/roveyayinevi.com.tr\/index.php\/wp-json\/wp\/v2\/product_cat?post=759642"},{"taxonomy":"product_tag","embeddable":true,"href":"https:\/\/roveyayinevi.com.tr\/index.php\/wp-json\/wp\/v2\/product_tag?post=759642"}],"curies":[{"name":"wp","href":"https:\/\/api.w.org\/{rel}","templated":true}]}}