{"id":759640,"date":"2025-08-28T08:41:05","date_gmt":"2025-08-28T05:41:05","guid":{"rendered":"https:\/\/roveyayinevi.com.tr\/index.php\/urun\/yumurta-yazilari\/"},"modified":"2026-04-16T03:12:37","modified_gmt":"2026-04-16T00:12:37","slug":"yumurta-yazilari","status":"publish","type":"product","link":"https:\/\/roveyayinevi.com.tr\/index.php\/urun\/yumurta-yazilari\/","title":{"rendered":"Yumurta Yaz\u0131lar\u0131"},"content":{"rendered":"<p>Bir veteriner hekim olarak Yumurta \u00dcreticileri Merkez Birli\u011fi (Yum-Bir)Bir Genel Sekreterli\u011fi g\u00f6revini \u00fcstlendi\u011fim 2006-2020 y\u0131llar\u0131 aras\u0131nda yumurta sekt\u00f6r\u00fcn\u00fcn d\u00fcnyadaki ve \u00fclkemizdeki geli\u015fimini yak\u0131ndan takip etmeye \u00e7al\u0131\u015ft\u0131m. \u00c7\u00fcnk\u00fc yumurta hem anne s\u00fct\u00fcnden sonra en de\u011ferli bir besin hem de kolay ula\u015f\u0131labilir ve ucuz bir protein kayna\u011f\u0131. T\u00fcrkiye ise d\u00fcnya yumurta \u00fcretiminde ve yumurta ticaretinde \u00f6nemli bir konuma sahip. Yumurta sekt\u00f6r\u00fc bazen \u00fcreticilerin s\u0131k\u0131nt\u0131lar\u0131, \u00e7o\u011fu zaman da yumurta fiyatlar\u0131 ile her zaman g\u00fcndem olmu\u015ftur. Hatta kolesterol nedeniyle su\u00e7lu ilan edildi\u011fi d\u00f6nemler olmu\u015ftur. Geldi\u011fimiz noktada herkes yumurtan\u0131n besleyici de\u011ferini anlam\u0131\u015f yumurta sever olmu\u015ftur. Kimimiz menemenin so\u011fanl\u0131s\u0131n\u0131, kimimiz so\u011fans\u0131z\u0131n\u0131 sevdik, bazen gezen tavuk yumurtas\u0131 arad\u0131k, bazen de \u00e7iftlik yumurtas\u0131 ile yetindik. Ama yumurta sofralar\u0131m\u0131zda vazge\u00e7ilmezimiz oldu. Yumurtan\u0131n \u00fcretimden t\u00fcketime yolculu\u011funu g\u00f6zlemleme f\u0131rsat\u0131 buldum. Son yirmi y\u0131lda yumurta sekt\u00f6r\u00fcnde \u00f6nemli geli\u015fmeler oldu. T\u00fcrkiye\u2019de \u00fcretim ve t\u00fcketim artt\u0131. \u0130hracat s\u00fcreklilik kazand\u0131. \u00d6te yandan t\u00fcketici dav-ran\u0131\u015flar\u0131 farkl\u0131la\u015ft\u0131, \u00fcretim modelleri buna g\u00f6re \u015fekillenmeye ba\u015flad\u0131. Hasta-l\u0131klar ile m\u00fccadelede zorla\u015ft\u0131. Hayvan refah\u0131 ve \u00e7evre duyarl\u0131l\u0131\u011f\u0131 \u00f6nem kazand\u0131, onlarca mevzuat uygulamaya girdi. Yumurta fiyatlar\u0131 bir indi, bir \u00e7\u0131kt\u0131. Ama \u00fcreticiler \u00fcretim yapmaya devam ettiler, ekonomik zorluklara direndiler. B\u00fct\u00fcn bunlar olurken Yum-Bir bir taraftan \u00fcreticilerin g\u00fcncel sorunlar\u0131n\u0131 \u00e7\u00f6zmeye \u00e7al\u0131\u015f\u0131rken, di\u011fer yandan da sekt\u00f6rdeki de\u011fi\u015fim ve d\u00f6n\u00fc\u015f\u00fcmlere \u00f6nc\u00fcl\u00fck etmeye \u00e7al\u0131\u015ft\u0131. Olup bitene ve olacaklara dair \u0131\u015f\u0131k tuttu. Bu \u00e7al\u0131\u015fmalar\u0131n i\u00e7inde bulunmu\u015f biri olarak ben de g\u00f6r\u00fc\u015flerimi ve de\u011ferlendirmelerimi iki ayda bir yay\u0131nlad\u0131\u011f\u0131m\u0131z yumurta b\u00fclteninde ve di\u011fer sekt\u00f6r dergilerinde yazd\u0131m. D\u00fc\u015f\u00fcnd\u00fcm ki bu yaz\u0131lar bir araya getirilirse yumurtan\u0131n yolculu\u011funu yak\u0131ndan \u00f6\u011frenmek isteyenlere k\u00fc\u00e7\u00fck bir katk\u0131 sunabilir. Dr. H\u00fcseyin Sungur \/Veteriner Hekim <\/p>\n","protected":false},"excerpt":{"rendered":"<p>Bir veteriner hekim olarak Yumurta \u00dcreticileri Merkez Birli\u011fi (Yum-Bir)Bir Genel Sekreterli\u011fi g\u00f6revini \u00fcstlendi\u011fim 2006-2020 y\u0131llar\u0131 aras\u0131nda yumurta sekt\u00f6r\u00fcn\u00fcn d\u00fcnyadaki ve \u00fclkemizdeki geli\u015fimini yak\u0131ndan takip etmeye \u00e7al\u0131\u015ft\u0131m.<span class=\"excerpt-hellip\"> [\u2026]<\/span><\/p>\n","protected":false},"featured_media":0,"template":"","meta":{"_monsterinsights_skip_tracking":false,"_monsterinsights_sitenote_active":false,"_monsterinsights_sitenote_note":"","_monsterinsights_sitenote_category":0},"product_brand":[],"product_cat":[13365],"product_tag":[],"class_list":{"0":"post-759640","1":"product","2":"type-product","3":"status-publish","5":"product_cat-saglik","6":"pa_cilt-ciltsiz","7":"pa_tur-kitap","8":"pa_yayinevi-biyografi-net-yayincilik","9":"pa_yazar-huseyin-sungur","11":"first","12":"instock","13":"sale","14":"shipping-taxable","15":"purchasable","16":"product-type-simple"},"_links":{"self":[{"href":"https:\/\/roveyayinevi.com.tr\/index.php\/wp-json\/wp\/v2\/product\/759640","targetHints":{"allow":["GET"]}}],"collection":[{"href":"https:\/\/roveyayinevi.com.tr\/index.php\/wp-json\/wp\/v2\/product"}],"about":[{"href":"https:\/\/roveyayinevi.com.tr\/index.php\/wp-json\/wp\/v2\/types\/product"}],"wp:attachment":[{"href":"https:\/\/roveyayinevi.com.tr\/index.php\/wp-json\/wp\/v2\/media?parent=759640"}],"wp:term":[{"taxonomy":"product_brand","embeddable":true,"href":"https:\/\/roveyayinevi.com.tr\/index.php\/wp-json\/wp\/v2\/product_brand?post=759640"},{"taxonomy":"product_cat","embeddable":true,"href":"https:\/\/roveyayinevi.com.tr\/index.php\/wp-json\/wp\/v2\/product_cat?post=759640"},{"taxonomy":"product_tag","embeddable":true,"href":"https:\/\/roveyayinevi.com.tr\/index.php\/wp-json\/wp\/v2\/product_tag?post=759640"}],"curies":[{"name":"wp","href":"https:\/\/api.w.org\/{rel}","templated":true}]}}