{"id":759637,"date":"2025-08-28T08:41:01","date_gmt":"2025-08-28T05:41:01","guid":{"rendered":"https:\/\/roveyayinevi.com.tr\/index.php\/urun\/ise-yarayan-adam-icinde-insan-olan-hikayeler\/"},"modified":"2026-04-16T03:12:37","modified_gmt":"2026-04-16T00:12:37","slug":"ise-yarayan-adam-icinde-insan-olan-hikayeler","status":"publish","type":"product","link":"https:\/\/roveyayinevi.com.tr\/index.php\/urun\/ise-yarayan-adam-icinde-insan-olan-hikayeler\/","title":{"rendered":"\u0130\u015fe yarayan adam &amp; i\u00e7inde insan olan hikayeler"},"content":{"rendered":"<p>Ba\u015fka bir varl\u0131\u011fa d\u00f6n\u00fc\u015f\u00fcyoruz\u201cEvden insan olarak \u00e7\u0131k\u0131p, \u015firkete geldi\u011fimizde ba\u015fka bir varl\u0131\u011fa d\u00f6n\u00fc\u015f\u00fcyoruz.\u201dDiyordu\u0130stanbul\u2019da ya\u015fayan bir i\u015f adam\u0131.D\u00fcnyan\u0131n nereye do\u011fru yol ald\u0131\u011f\u0131n\u0131 g\u00f6steren en \u00e7arp\u0131c\u0131 c\u00fcmle budur.**Ya\u015far S\u00fcng\u00fc \u0130\u015fe yarayan adam kitab\u0131nda, \u015fimdiki zaman\u0131n yapay g\u00fcncelliklerinde kaybolan i\u00e7inde insan olan hikayeler\u2019e \u00e7a\u011f\u0131r\u0131yor bizi.   <\/p>\n","protected":false},"excerpt":{"rendered":"<p>Ba\u015fka bir varl\u0131\u011fa d\u00f6n\u00fc\u015f\u00fcyoruz\u201cEvden insan olarak \u00e7\u0131k\u0131p, \u015firkete geldi\u011fimizde ba\u015fka bir varl\u0131\u011fa d\u00f6n\u00fc\u015f\u00fcyoruz.\u201dDiyordu\u0130stanbul\u2019da ya\u015fayan bir i\u015f adam\u0131.D\u00fcnyan\u0131n nereye do\u011fru yol ald\u0131\u011f\u0131n\u0131 g\u00f6steren en \u00e7arp\u0131c\u0131 c\u00fcmle budur.**Ya\u015far<span class=\"excerpt-hellip\"> [\u2026]<\/span><\/p>\n","protected":false},"featured_media":0,"template":"","meta":{"_monsterinsights_skip_tracking":false,"_monsterinsights_sitenote_active":false,"_monsterinsights_sitenote_note":"","_monsterinsights_sitenote_category":0},"product_brand":[],"product_cat":[13043,17647],"product_tag":[],"class_list":{"0":"post-759637","1":"product","2":"type-product","3":"status-publish","5":"product_cat-ekonomi","6":"product_cat-is-dunyasi","7":"pa_cilt-ciltsiz","8":"pa_tur-kitap","9":"pa_yayinevi-biyografi-net-yayincilik","10":"pa_yazar-yasar-sungu","12":"first","13":"instock","14":"sale","15":"shipping-taxable","16":"purchasable","17":"product-type-simple"},"_links":{"self":[{"href":"https:\/\/roveyayinevi.com.tr\/index.php\/wp-json\/wp\/v2\/product\/759637","targetHints":{"allow":["GET"]}}],"collection":[{"href":"https:\/\/roveyayinevi.com.tr\/index.php\/wp-json\/wp\/v2\/product"}],"about":[{"href":"https:\/\/roveyayinevi.com.tr\/index.php\/wp-json\/wp\/v2\/types\/product"}],"wp:attachment":[{"href":"https:\/\/roveyayinevi.com.tr\/index.php\/wp-json\/wp\/v2\/media?parent=759637"}],"wp:term":[{"taxonomy":"product_brand","embeddable":true,"href":"https:\/\/roveyayinevi.com.tr\/index.php\/wp-json\/wp\/v2\/product_brand?post=759637"},{"taxonomy":"product_cat","embeddable":true,"href":"https:\/\/roveyayinevi.com.tr\/index.php\/wp-json\/wp\/v2\/product_cat?post=759637"},{"taxonomy":"product_tag","embeddable":true,"href":"https:\/\/roveyayinevi.com.tr\/index.php\/wp-json\/wp\/v2\/product_tag?post=759637"}],"curies":[{"name":"wp","href":"https:\/\/api.w.org\/{rel}","templated":true}]}}