{"id":759636,"date":"2025-08-28T08:41:00","date_gmt":"2025-08-28T05:41:00","guid":{"rendered":"https:\/\/roveyayinevi.com.tr\/index.php\/urun\/hizir-bey-ve-kaside-i-nuniyesi\/"},"modified":"2026-04-16T03:12:37","modified_gmt":"2026-04-16T00:12:37","slug":"hizir-bey-ve-kaside-i-nuniyesi","status":"publish","type":"product","link":"https:\/\/roveyayinevi.com.tr\/index.php\/urun\/hizir-bey-ve-kaside-i-nuniyesi\/","title":{"rendered":"H\u0131z\u0131r Bey ve Kaside-\u0130 Nuniyesi"},"content":{"rendered":"<p>Biz bu kitapta Fatih Sultan Mehmed&#8217;in ilk \u0130stanbul Kad\u0131s\u0131 ve Belediye Ba\u015fkan\u0131 H\u0131z\u0131r Bey&#8217;i b\u00fct\u00fcn y\u00f6nleri ile tan\u0131tmay\u0131 hedef ald\u0131k. \u0130stanbul Kad\u0131l\u0131\u011f\u0131 gibi zor bir g\u00f6revi nas\u0131l ba\u015fard\u0131\u011f\u0131n\u0131 tes-bite \u00e7al\u0131\u015ft\u0131k.   Ayn\u0131 zamanda \u00e2lim bir ki\u015fi olan H\u0131z\u0131r Bey, gerek \u00e7ocuklar\u0131 gerekse yeti\u015ftirdi\u011fi birbirinden \u00fcnl\u00fc talebeleri ile, kendinden sonra \u00e7ok etkili olmu\u015f, devrine oldu\u011fu gibi sonraki d\u00f6nemlere de damgas\u0131n\u0131 vurmu\u015ftur.   H\u0131z\u0131r Bey&#8217;in elimizde mevcut tek eseri olan Nuniye Kaside-si&#8217;nin terc\u00fcmesidir. Nuniye Kasidesi&#8217;nin temel \u00f6zelli\u011fi, Maturidi kelam\u0131n\u0131n ana temalar\u0131n\u0131 ele almas\u0131d\u0131r. Biz bu \u00e7al\u0131\u015fmada Nuniye Kasidesi&#8217;nin olabildi\u011fince sadele\u015ftirerek ve asl\u0131na uygun olarak vermeye \u00e7al\u0131\u015ft\u0131k.   B\u00f6ylece \u00fcnl\u00fc bir T\u00fcrk b\u00fcy\u00fc\u011f\u00fcn\u00fc gen\u00e7 ku\u015faklara tan\u0131tmaya gayret ettik. Ba\u015farabildikse ne mutlu! <\/p>\n","protected":false},"excerpt":{"rendered":"<p>Biz bu kitapta Fatih Sultan Mehmed&#8217;in ilk \u0130stanbul Kad\u0131s\u0131 ve Belediye Ba\u015fkan\u0131 H\u0131z\u0131r Bey&#8217;i b\u00fct\u00fcn y\u00f6nleri ile tan\u0131tmay\u0131 hedef ald\u0131k. \u0130stanbul Kad\u0131l\u0131\u011f\u0131 gibi zor bir g\u00f6revi<span class=\"excerpt-hellip\"> [\u2026]<\/span><\/p>\n","protected":false},"featured_media":0,"template":"","meta":{"_monsterinsights_skip_tracking":false,"_monsterinsights_sitenote_active":false,"_monsterinsights_sitenote_note":"","_monsterinsights_sitenote_category":0},"product_brand":[],"product_cat":[12370,12304],"product_tag":[],"class_list":{"0":"post-759636","1":"product","2":"type-product","3":"status-publish","5":"product_cat-arastirma-inceleme","6":"product_cat-tarih","7":"pa_cilt-ciltsiz","8":"pa_tur-kitap","9":"pa_yayinevi-biyografi-net-yayincilik","10":"pa_yazar-m-said-yazicioglu","12":"first","13":"instock","14":"sale","15":"shipping-taxable","16":"purchasable","17":"product-type-simple"},"_links":{"self":[{"href":"https:\/\/roveyayinevi.com.tr\/index.php\/wp-json\/wp\/v2\/product\/759636","targetHints":{"allow":["GET"]}}],"collection":[{"href":"https:\/\/roveyayinevi.com.tr\/index.php\/wp-json\/wp\/v2\/product"}],"about":[{"href":"https:\/\/roveyayinevi.com.tr\/index.php\/wp-json\/wp\/v2\/types\/product"}],"wp:attachment":[{"href":"https:\/\/roveyayinevi.com.tr\/index.php\/wp-json\/wp\/v2\/media?parent=759636"}],"wp:term":[{"taxonomy":"product_brand","embeddable":true,"href":"https:\/\/roveyayinevi.com.tr\/index.php\/wp-json\/wp\/v2\/product_brand?post=759636"},{"taxonomy":"product_cat","embeddable":true,"href":"https:\/\/roveyayinevi.com.tr\/index.php\/wp-json\/wp\/v2\/product_cat?post=759636"},{"taxonomy":"product_tag","embeddable":true,"href":"https:\/\/roveyayinevi.com.tr\/index.php\/wp-json\/wp\/v2\/product_tag?post=759636"}],"curies":[{"name":"wp","href":"https:\/\/api.w.org\/{rel}","templated":true}]}}