{"id":759633,"date":"2025-08-28T08:40:55","date_gmt":"2025-08-28T05:40:55","guid":{"rendered":"https:\/\/roveyayinevi.com.tr\/index.php\/urun\/abdurrahim-karakoc-sairin-haberci-olarak-portresi\/"},"modified":"2026-04-16T03:12:37","modified_gmt":"2026-04-16T00:12:37","slug":"abdurrahim-karakoc-sairin-haberci-olarak-portresi","status":"publish","type":"product","link":"https:\/\/roveyayinevi.com.tr\/index.php\/urun\/abdurrahim-karakoc-sairin-haberci-olarak-portresi\/","title":{"rendered":"Abdurrahim Karako\u00e7 \u015eair&#8217;in Haberci Olarak Portresi"},"content":{"rendered":"<p>\u0130mzas\u0131 tek a\u011fa\u00e7 olan Mihriban\u2019\u0131n \u015fairi Abdurrahim Karako\u00e7 benim can dostumdu. O y\u00fczy\u0131l\u0131m\u0131z\u0131n Karacao\u011flan\u2019\u0131, A\u015fk \u00d6mer\u2019i Seyrani\u2019siydi. 35 y\u0131l k\u00f6y\u00fcnde \u015fiir yazd\u0131. Sonraki 35 y\u0131l da \u0131srar\u0131mla Ankara\u2019da ge\u00e7irdi\u011fi y\u0131llar\u2026A\u015fk, memleket, dava ve tasavvuf \u015fiirleri yazd\u0131. Fakat hepsinde ortak bir \u00f6zellik g\u00f6ze \u00e7arp\u0131yordu: Mihriban\u2019\u0131n \u015fairi ayn\u0131 zamanda suyun ve da\u011flar\u0131n \u015fairiydi. O kadar mr? K\u00fc\u00e7\u00fck k\u00f6y\u00fcnden \u201cglobal k\u00f6y\u2019e iletiler yayan bir haberciydi.   <\/p>\n","protected":false},"excerpt":{"rendered":"<p>\u0130mzas\u0131 tek a\u011fa\u00e7 olan Mihriban\u2019\u0131n \u015fairi Abdurrahim Karako\u00e7 benim can dostumdu. O y\u00fczy\u0131l\u0131m\u0131z\u0131n Karacao\u011flan\u2019\u0131, A\u015fk \u00d6mer\u2019i Seyrani\u2019siydi. 35 y\u0131l k\u00f6y\u00fcnde \u015fiir yazd\u0131. Sonraki 35 y\u0131l da<span class=\"excerpt-hellip\"> [\u2026]<\/span><\/p>\n","protected":false},"featured_media":0,"template":"","meta":{"_monsterinsights_skip_tracking":false,"_monsterinsights_sitenote_active":false,"_monsterinsights_sitenote_note":"","_monsterinsights_sitenote_category":0},"product_brand":[],"product_cat":[14009,12291],"product_tag":[],"class_list":{"0":"post-759633","1":"product","2":"type-product","3":"status-publish","5":"product_cat-biyografi-otobiyografi-edebiyat","6":"product_cat-edebiyat","7":"pa_cilt-ciltsiz","8":"pa_tur-kitap","9":"pa_yayinevi-biyografi-net-yayincilik","10":"pa_yazar-lutfu-sahsuvaroglu","12":"first","13":"instock","14":"sale","15":"shipping-taxable","16":"purchasable","17":"product-type-simple"},"_links":{"self":[{"href":"https:\/\/roveyayinevi.com.tr\/index.php\/wp-json\/wp\/v2\/product\/759633","targetHints":{"allow":["GET"]}}],"collection":[{"href":"https:\/\/roveyayinevi.com.tr\/index.php\/wp-json\/wp\/v2\/product"}],"about":[{"href":"https:\/\/roveyayinevi.com.tr\/index.php\/wp-json\/wp\/v2\/types\/product"}],"wp:attachment":[{"href":"https:\/\/roveyayinevi.com.tr\/index.php\/wp-json\/wp\/v2\/media?parent=759633"}],"wp:term":[{"taxonomy":"product_brand","embeddable":true,"href":"https:\/\/roveyayinevi.com.tr\/index.php\/wp-json\/wp\/v2\/product_brand?post=759633"},{"taxonomy":"product_cat","embeddable":true,"href":"https:\/\/roveyayinevi.com.tr\/index.php\/wp-json\/wp\/v2\/product_cat?post=759633"},{"taxonomy":"product_tag","embeddable":true,"href":"https:\/\/roveyayinevi.com.tr\/index.php\/wp-json\/wp\/v2\/product_tag?post=759633"}],"curies":[{"name":"wp","href":"https:\/\/api.w.org\/{rel}","templated":true}]}}