{"id":759632,"date":"2025-08-28T08:40:53","date_gmt":"2025-08-28T05:40:53","guid":{"rendered":"https:\/\/roveyayinevi.com.tr\/index.php\/urun\/akame-keser-2\/"},"modified":"2026-04-16T03:12:37","modified_gmt":"2026-04-16T00:12:37","slug":"akame-keser-2","status":"publish","type":"product","link":"https:\/\/roveyayinevi.com.tr\/index.php\/urun\/akame-keser-2\/","title":{"rendered":"Akame Keser 2"},"content":{"rendered":"<p>GECE AKINCILARI\u2019NA KATILDIKTAN SONRA, TATSUM\u0130\u2019N\u0130N KAR\u015eISINDA \u0130MPARATORLUK S\u0130LAHI KULLANAN B\u0130R D\u00dc\u015eMAN BEL\u0130R\u0130R. \u0130MPARATORLUK S\u0130LAHI KULLANAN D\u00dc\u015eMANLAR KOL GEZ\u0130YOR! ANT\u0130K \u00c7A\u011eLARDAN KALAN \u0130MPARATORLUK S\u0130LAHLARI\u2019NIN G\u00dc\u00c7LER\u0130NDEN DOLAYI, \u0130K\u0130 KULLANICI \u00c7ARPI\u015eIRSA MUTLAKA B\u0130R\u0130 \u00d6LMEK ZORUNDA! GECE AKINCILARI\u2019NIN \u00d6L\u00dcM KALIM SAVA\u015eI BA\u015eLIYOR! \u201cTSUYOK\u0130SS\u201d VE \u201cMAJ\u0130 DE WATASH\u0130 N\u0130 KO\u0130 WOSH\u0130NASA\u0130!\u201d YAPIMCISI TAKAH\u0130RO\u2019DAN ACIMASIZ, KARANLIKLARLA DOLU AKS\u0130YON SER\u0130S\u0130N\u0130N \u0130K\u0130NC\u0130 C\u0130LD\u0130 KAR\u015eINIZDA! <\/p>\n","protected":false},"excerpt":{"rendered":"<p>GECE AKINCILARI\u2019NA KATILDIKTAN SONRA, TATSUM\u0130\u2019N\u0130N KAR\u015eISINDA \u0130MPARATORLUK S\u0130LAHI KULLANAN B\u0130R D\u00dc\u015eMAN BEL\u0130R\u0130R. \u0130MPARATORLUK S\u0130LAHI KULLANAN D\u00dc\u015eMANLAR KOL GEZ\u0130YOR! ANT\u0130K \u00c7A\u011eLARDAN KALAN \u0130MPARATORLUK S\u0130LAHLARI\u2019NIN G\u00dc\u00c7LER\u0130NDEN DOLAYI, \u0130K\u0130<span class=\"excerpt-hellip\"> [\u2026]<\/span><\/p>\n","protected":false},"featured_media":0,"template":"","meta":{"_monsterinsights_skip_tracking":false,"_monsterinsights_sitenote_active":false,"_monsterinsights_sitenote_note":"","_monsterinsights_sitenote_category":0},"product_brand":[],"product_cat":[12416,12291],"product_tag":[],"class_list":{"0":"post-759632","1":"product","2":"type-product","3":"status-publish","5":"product_cat-cizgi-roman","6":"product_cat-edebiyat","7":"pa_cilt-ciltsiz","8":"pa_tur-kitap","9":"pa_yayinevi-athica-yayinlari","10":"pa_yazar-takahiro","12":"first","13":"instock","14":"sale","15":"shipping-taxable","16":"purchasable","17":"product-type-simple"},"_links":{"self":[{"href":"https:\/\/roveyayinevi.com.tr\/index.php\/wp-json\/wp\/v2\/product\/759632","targetHints":{"allow":["GET"]}}],"collection":[{"href":"https:\/\/roveyayinevi.com.tr\/index.php\/wp-json\/wp\/v2\/product"}],"about":[{"href":"https:\/\/roveyayinevi.com.tr\/index.php\/wp-json\/wp\/v2\/types\/product"}],"wp:attachment":[{"href":"https:\/\/roveyayinevi.com.tr\/index.php\/wp-json\/wp\/v2\/media?parent=759632"}],"wp:term":[{"taxonomy":"product_brand","embeddable":true,"href":"https:\/\/roveyayinevi.com.tr\/index.php\/wp-json\/wp\/v2\/product_brand?post=759632"},{"taxonomy":"product_cat","embeddable":true,"href":"https:\/\/roveyayinevi.com.tr\/index.php\/wp-json\/wp\/v2\/product_cat?post=759632"},{"taxonomy":"product_tag","embeddable":true,"href":"https:\/\/roveyayinevi.com.tr\/index.php\/wp-json\/wp\/v2\/product_tag?post=759632"}],"curies":[{"name":"wp","href":"https:\/\/api.w.org\/{rel}","templated":true}]}}