{"id":759630,"date":"2025-08-28T08:40:50","date_gmt":"2025-08-28T05:40:50","guid":{"rendered":"https:\/\/roveyayinevi.com.tr\/index.php\/urun\/simulasyonlarla-uluslararasi-iliskiler-ve-siyaset-bilimi\/"},"modified":"2026-04-16T03:12:36","modified_gmt":"2026-04-16T00:12:36","slug":"simulasyonlarla-uluslararasi-iliskiler-ve-siyaset-bilimi","status":"publish","type":"product","link":"https:\/\/roveyayinevi.com.tr\/index.php\/urun\/simulasyonlarla-uluslararasi-iliskiler-ve-siyaset-bilimi\/","title":{"rendered":"Sim\u00fclasyonlarla Uluslararas\u0131 \u0130li\u015fkiler ve Siyaset Bilimi"},"content":{"rendered":"<p>Sim\u00fclasyonlar, \u00f6\u011frencilerin pasif bir \u015fekilde bilgiyi t\u00fcketmelerinden ziyade, etkile\u015fimli \u00f6\u011frenme deneyimleri arac\u0131l\u0131\u011f\u0131yla konular\u0131 daha derinlemesine anlamalar\u0131n\u0131 sa\u011flar. Sim\u00fclasyonlar, uluslararas\u0131 ili\u015fkilerin karma\u015f\u0131kl\u0131\u011f\u0131n\u0131 ve ger\u00e7ek d\u00fcnya sorunlar\u0131na kar\u015f\u0131 karar verme s\u00fcre\u00e7lerini anlama konusunda \u00f6\u011frencilere benzersiz bir f\u0131rsat sunarken aktif \u00f6\u011frenme y\u00f6ntemi olarak \u00f6\u011frencilerin kat\u0131l\u0131m\u0131 ve etkile\u015fimi \u00fczerinden \u00f6\u011frenme deneyimlerini zenginle\u015ftirir. Sim\u00fclasyonlarla Uluslararas\u0131 \u0130li\u015fkiler ve Siyaset Bilimi, T\u00fcrkiye\u2019de y\u00fcksek\u00f6\u011fretim seviyesinde uluslararas\u0131 ili\u015fkiler ve siyaset bilimi \u00f6\u011fretiminde sim\u00fclasyonlar\u0131n etkili kullan\u0131m\u0131na dair \u00f6zg\u00fcn bir bak\u0131\u015f a\u00e7\u0131s\u0131 sunuyor. Uluslararas\u0131 ili\u015fkiler teorileri, uyu\u015fmazl\u0131k analizi, uluslararas\u0131 \u00f6rg\u00fctlerin i\u015fleyi\u015fi, siyasi tarih uygulamalar\u0131 ve kar\u015f\u0131la\u015ft\u0131rmal\u0131 siyaset gibi konular\u0131 i\u00e7eren geni\u015f bir yelpazede sim\u00fclasyon uygulam\u0131\u015f akademisyenlerin katk\u0131lar\u0131yla \u015fekillenen kitap, \u00f6\u011frenci merkezli \u00f6\u011fretim y\u00f6ntemlerinin, bilgiyi ger\u00e7ek d\u00fcnya ba\u011flam\u0131nda kavrama ve uygulama becerisi kazand\u0131rma konusundaki kritik \u00f6nemini vurguluyor. Kitapta yer verilen \u00f6rnekler, farkl\u0131 akademisyenlerin g\u00f6z\u00fcnden sim\u00fclasyonlar\u0131n haz\u0131rl\u0131k, uygulama ve de\u011ferlendirme a\u015famalar\u0131na dair bir se\u00e7ki sunarken kitap, uluslararas\u0131 ili\u015fkiler ve siyaset bilimi \u00f6\u011fretiminde sim\u00fclasyonlar\u0131n uygulanmas\u0131na dair bir k\u0131lavuz niteli\u011fi ta\u015f\u0131yor. <\/p>\n","protected":false},"excerpt":{"rendered":"<p>Sim\u00fclasyonlar, \u00f6\u011frencilerin pasif bir \u015fekilde bilgiyi t\u00fcketmelerinden ziyade, etkile\u015fimli \u00f6\u011frenme deneyimleri arac\u0131l\u0131\u011f\u0131yla konular\u0131 daha derinlemesine anlamalar\u0131n\u0131 sa\u011flar. Sim\u00fclasyonlar, uluslararas\u0131 ili\u015fkilerin karma\u015f\u0131kl\u0131\u011f\u0131n\u0131 ve ger\u00e7ek d\u00fcnya sorunlar\u0131na kar\u015f\u0131<span class=\"excerpt-hellip\"> [\u2026]<\/span><\/p>\n","protected":false},"featured_media":0,"template":"","meta":{"_monsterinsights_skip_tracking":false,"_monsterinsights_sitenote_active":false,"_monsterinsights_sitenote_note":"","_monsterinsights_sitenote_category":0},"product_brand":[],"product_cat":[12337,14706],"product_tag":[],"class_list":{"0":"post-759630","1":"product","2":"type-product","3":"status-publish","5":"product_cat-politika-siyaset","6":"product_cat-siyaset-bilimi","7":"pa_cilt-ciltsiz","8":"pa_tur-kitap","9":"pa_yayinevi-istanbul-bilgi-universitesi-yayinlari","10":"pa_yazar-kolektif","12":"first","13":"instock","14":"sale","15":"shipping-taxable","16":"purchasable","17":"product-type-simple"},"_links":{"self":[{"href":"https:\/\/roveyayinevi.com.tr\/index.php\/wp-json\/wp\/v2\/product\/759630","targetHints":{"allow":["GET"]}}],"collection":[{"href":"https:\/\/roveyayinevi.com.tr\/index.php\/wp-json\/wp\/v2\/product"}],"about":[{"href":"https:\/\/roveyayinevi.com.tr\/index.php\/wp-json\/wp\/v2\/types\/product"}],"wp:attachment":[{"href":"https:\/\/roveyayinevi.com.tr\/index.php\/wp-json\/wp\/v2\/media?parent=759630"}],"wp:term":[{"taxonomy":"product_brand","embeddable":true,"href":"https:\/\/roveyayinevi.com.tr\/index.php\/wp-json\/wp\/v2\/product_brand?post=759630"},{"taxonomy":"product_cat","embeddable":true,"href":"https:\/\/roveyayinevi.com.tr\/index.php\/wp-json\/wp\/v2\/product_cat?post=759630"},{"taxonomy":"product_tag","embeddable":true,"href":"https:\/\/roveyayinevi.com.tr\/index.php\/wp-json\/wp\/v2\/product_tag?post=759630"}],"curies":[{"name":"wp","href":"https:\/\/api.w.org\/{rel}","templated":true}]}}