{"id":759629,"date":"2025-08-28T08:39:55","date_gmt":"2025-08-28T05:39:55","guid":{"rendered":"https:\/\/roveyayinevi.com.tr\/index.php\/urun\/hanna-segali-dinlemek-hanna-segalin-psikanalize-katkilari\/"},"modified":"2026-04-16T03:12:36","modified_gmt":"2026-04-16T00:12:36","slug":"hanna-segali-dinlemek-hanna-segalin-psikanalize-katkilari","status":"publish","type":"product","link":"https:\/\/roveyayinevi.com.tr\/index.php\/urun\/hanna-segali-dinlemek-hanna-segalin-psikanalize-katkilari\/","title":{"rendered":"Hanna Segal\u2019i Dinlemek Hanna Segal\u2019in Psikanalize Katk\u0131lar\u0131"},"content":{"rendered":"<p>Jean-Michel Quinodoz, Hanna Segal\u2019in kendisiyle ve Segal\u2019i \u00e7e\u015fitli ba\u011flamlarda dinlemi\u015f meslekta\u015flarla yap\u0131lm\u0131\u015f biyografik ve kavramsal s\u00f6yle\u015fileri bir araya getirerek, okurlara, Segal\u2019in hayat\u0131, klinik ve kuramsal \u00e7al\u0131\u015fmalar\u0131 ve son altm\u0131\u015f y\u0131ldaki psikanalize katk\u0131s\u0131 hakk\u0131nda kapsaml\u0131 bir genel bak\u0131\u015f sunuyor. Hanna Segal\u2019i Dinlemek, hem Segal\u2019in ki\u015fisel ve mesleki ge\u00e7mi\u015fini hem de bunlar\u0131n aras\u0131ndaki etkile\u015fimi inceliyor. Kitap, Segal\u2019in Polonya\u2019daki do\u011fumundan, Britanya Psikanaliz Cemiyeti\u2019nin en gen\u00e7 \u00fcyesi oldu\u011fu, Londra\u2019da Melanie Klein\u2019la analizine kadar olan hayat\u0131n\u0131n otobiyografik bir anlat\u0131m\u0131yla ba\u015fl\u0131yor. Quinodoz, Segal\u2019in psikanalizin \u00e7e\u015fitli alanlar\u0131na katk\u0131lar\u0131n\u0131 a\u00e7\u0131klayarak devam ediyor: \u2022 psikotik hastalar\u0131n psikanalitik tedavisi \u2022 \u201csimgesel denklem\u201d kavram\u0131n\u0131n \u00f6ne s\u00fcr\u00fclmesi \u2022 estetik ve yarat\u0131c\u0131 itki \u2022 ya\u015fl\u0131 hastalar\u0131n analizi \u2022 Melanie Klein\u2019\u0131n \u00e7al\u0131\u015fmas\u0131n\u0131n tan\u0131t\u0131m\u0131 Quinodoz, Segal\u2019in psikanalize en son katk\u0131s\u0131 olan n\u00fckleer deh\u015fet, psikotik kayg\u0131lar ve grup g\u00f6r\u00fcng\u00fclerine dair incelemesini ele alarak kitab\u0131 sonland\u0131r\u0131yor. Segal\u2019in, s\u00f6yle\u015filer boyunca, Klein, Rosenfeld ve Bion gibi \u00f6nemli meslekta\u015flarla yak\u0131n ili\u015fkilerinden s\u00f6z etmesi bu kitab\u0131 hem psikanaliz tarihine de\u011ferli bir katk\u0131 hem de psikanalitik d\u00fc\u015f\u00fcncelerin son altm\u0131\u015f y\u0131lda geli\u015fiminin bir g\u00f6stergesi h\u00e2line getiriyor. Hanna Segal\u2019in hayat\u0131 ve psikanalize katk\u0131lar\u0131n\u0131n bu net \u00f6zeti, Segal\u2019i ve \u00e7a\u011fda\u015flar\u0131n\u0131 inceleyen herkes i\u00e7in temel bir rehber olacakt\u0131r. <\/p>\n","protected":false},"excerpt":{"rendered":"<p>Jean-Michel Quinodoz, Hanna Segal\u2019in kendisiyle ve Segal\u2019i \u00e7e\u015fitli ba\u011flamlarda dinlemi\u015f meslekta\u015flarla yap\u0131lm\u0131\u015f biyografik ve kavramsal s\u00f6yle\u015fileri bir araya getirerek, okurlara, Segal\u2019in hayat\u0131, klinik ve kuramsal \u00e7al\u0131\u015fmalar\u0131<span class=\"excerpt-hellip\"> [\u2026]<\/span><\/p>\n","protected":false},"featured_media":0,"template":"","meta":{"_monsterinsights_skip_tracking":false,"_monsterinsights_sitenote_active":false,"_monsterinsights_sitenote_note":"","_monsterinsights_sitenote_category":0},"product_brand":[],"product_cat":[12357],"product_tag":[],"class_list":{"0":"post-759629","1":"product","2":"type-product","3":"status-publish","5":"product_cat-psikoloji","6":"pa_cilt-ciltsiz","7":"pa_tur-kitap","8":"pa_yayinevi-istanbul-bilgi-universitesi-yayinlari","9":"pa_yazar-jean-michel-quinodoz","11":"first","12":"instock","13":"sale","14":"shipping-taxable","15":"purchasable","16":"product-type-simple"},"_links":{"self":[{"href":"https:\/\/roveyayinevi.com.tr\/index.php\/wp-json\/wp\/v2\/product\/759629","targetHints":{"allow":["GET"]}}],"collection":[{"href":"https:\/\/roveyayinevi.com.tr\/index.php\/wp-json\/wp\/v2\/product"}],"about":[{"href":"https:\/\/roveyayinevi.com.tr\/index.php\/wp-json\/wp\/v2\/types\/product"}],"wp:attachment":[{"href":"https:\/\/roveyayinevi.com.tr\/index.php\/wp-json\/wp\/v2\/media?parent=759629"}],"wp:term":[{"taxonomy":"product_brand","embeddable":true,"href":"https:\/\/roveyayinevi.com.tr\/index.php\/wp-json\/wp\/v2\/product_brand?post=759629"},{"taxonomy":"product_cat","embeddable":true,"href":"https:\/\/roveyayinevi.com.tr\/index.php\/wp-json\/wp\/v2\/product_cat?post=759629"},{"taxonomy":"product_tag","embeddable":true,"href":"https:\/\/roveyayinevi.com.tr\/index.php\/wp-json\/wp\/v2\/product_tag?post=759629"}],"curies":[{"name":"wp","href":"https:\/\/api.w.org\/{rel}","templated":true}]}}