{"id":759628,"date":"2025-08-28T08:39:54","date_gmt":"2025-08-28T05:39:54","guid":{"rendered":"https:\/\/roveyayinevi.com.tr\/index.php\/urun\/degisen-dunyada-uluslararasi-iliskileri-okumak\/"},"modified":"2026-03-01T03:43:17","modified_gmt":"2026-03-01T00:43:17","slug":"degisen-dunyada-uluslararasi-iliskileri-okumak","status":"publish","type":"product","link":"https:\/\/roveyayinevi.com.tr\/index.php\/urun\/degisen-dunyada-uluslararasi-iliskileri-okumak\/","title":{"rendered":"De\u011fi\u015fen D\u00fcnyada Uluslararas\u0131 \u0130li\u015fkileri Okumak"},"content":{"rendered":"<p>B\u00fcy\u00fck bir h\u0131zla ve giderek karma\u015f\u0131kla\u015farak de\u011fi\u015fen d\u00fcnyada, teknoloji alan\u0131ndaki at\u0131l\u0131mlar hayat\u0131n her alan\u0131na s\u0131zarak k\u00fcreselle\u015fmeye ivme verirken, uluslararas\u0131 ili\u015fkilerin \u201cdevlet\u201d, \u201cg\u00fc\u00e7\u201d, \u201csava\u015f\u201d, \u201cbar\u0131\u015f\u201d, \u201cdiplomasi\u201d, \u201cd\u0131\u015f politika\u201d ve \u201cjeopolitik rekabet\u201d gibi klasik kavramlar\u0131 da de\u011fi\u015fim ge\u00e7iren uluslararas\u0131 sistemle birlikte farkl\u0131la\u015f\u0131yor\u2026 Bu, d\u00fcnyan\u0131n ge\u00e7irdi\u011fi ilk de\u011fi\u015fim olmasa da, k\u00fcreselle\u015fmenin ola\u011fan sonucu olan de\u011fi\u015fken \u00e7oklu\u011fu, bunlar\u0131n kontrol edilebilir ve y\u00f6netilebilir olmas\u0131n\u0131 da o denli zorla\u015ft\u0131r\u0131yor. De\u011fi\u015fen D\u00fcnyada Uluslararas\u0131 \u0130li\u015fkileri Okumak, bu kadar \u00e7ok analiz d\u00fczeyi ve kavram\u0131n birlikte de\u011fi\u015fti\u011fi g\u00fcn\u00fcm\u00fczde uluslararas\u0131 ili\u015fkilerin okunabilmesi i\u00e7in bir pusula olu\u015fturuyor. Kitapta, eski d\u00fcnya d\u00fczeni, yeni d\u00fcnya d\u00fczenine ge\u00e7i\u015fte de\u011fi\u015fen dengeler, tek kutuplu-\u00e7ok kutuplu sistem, k\u00fcreselle\u015fme ve g\u00fcvenlik, geleneksel g\u00fcvenli\u011fin dirili\u015fi, kozmopolitanizm ve evrenselcilik, devlet ve toplum, uluslararas\u0131 ili\u015fkilerin akt\u00f6rleri, k\u00fcresel y\u00f6neti\u015fimin krizleri ve gelece\u011fi, uluslararas\u0131 ili\u015fkiler teorilerinin d\u00f6n\u00fc\u015f\u00fcm\u00fc, liberalizm ve neoliberalizm, yap\u0131salc\u0131l\u0131k, uluslararas\u0131 ekonomi politik ve COVID-19, yeni d\u00fcnya d\u00fczeninde g\u00fc\u00e7 tart\u0131\u015fmas\u0131, g\u00fcvenlik ekolleri, End\u00fcstri 4.0 ve sava\u015f, yeni d\u00fczen kurgular\u0131, yeni d\u00fcnya d\u00fczeninde d\u0131\u015f politikalar, diplomaside karakter de\u011fi\u015fimi, dijital diplomasi, de\u011fi\u015fen d\u00fcnyada toplumsal cinsiyet, k\u00fcresel ili\u015fkilerde ahlaki gerilim ve yeni d\u00fcnya d\u00fczeninde b\u00fcy\u00fck strateji konular\u0131 bir arada ele al\u0131n\u0131yor. Birbirinden farkl\u0131 teori ve y\u00f6ntem perspektifine sahip yazarlar\u0131 bir araya getiren De\u011fi\u015fen D\u00fcnyada Uluslararas\u0131 \u0130li\u015fkileri Okumak, de\u011fi\u015fimleri anlaman\u0131n yarataca\u011f\u0131 fark\u0131ndal\u0131\u011fa katk\u0131 sa\u011fl\u0131yor.<\/p>\n","protected":false},"excerpt":{"rendered":"<p>B\u00fcy\u00fck bir h\u0131zla ve giderek karma\u015f\u0131kla\u015farak de\u011fi\u015fen d\u00fcnyada, teknoloji alan\u0131ndaki at\u0131l\u0131mlar hayat\u0131n her alan\u0131na s\u0131zarak k\u00fcreselle\u015fmeye ivme verirken, uluslararas\u0131 ili\u015fkilerin \u201cdevlet\u201d, \u201cg\u00fc\u00e7\u201d, \u201csava\u015f\u201d, \u201cbar\u0131\u015f\u201d, \u201cdiplomasi\u201d, \u201cd\u0131\u015f<span class=\"excerpt-hellip\"> [\u2026]<\/span><\/p>\n","protected":false},"featured_media":0,"template":"","meta":{"_monsterinsights_skip_tracking":false,"_monsterinsights_sitenote_active":false,"_monsterinsights_sitenote_note":"","_monsterinsights_sitenote_category":0},"product_brand":[],"product_cat":[12337,14706],"product_tag":[],"class_list":{"0":"post-759628","1":"product","2":"type-product","3":"status-publish","5":"product_cat-politika-siyaset","6":"product_cat-siyaset-bilimi","7":"pa_cilt-ciltsiz","8":"pa_tur-kitap","9":"pa_yayinevi-istanbul-bilgi-universitesi-yayinlari","10":"pa_yazar-tarik-oguzlu-oner-akgul","12":"first","13":"instock","14":"sale","15":"shipping-taxable","16":"purchasable","17":"product-type-simple"},"_links":{"self":[{"href":"https:\/\/roveyayinevi.com.tr\/index.php\/wp-json\/wp\/v2\/product\/759628","targetHints":{"allow":["GET"]}}],"collection":[{"href":"https:\/\/roveyayinevi.com.tr\/index.php\/wp-json\/wp\/v2\/product"}],"about":[{"href":"https:\/\/roveyayinevi.com.tr\/index.php\/wp-json\/wp\/v2\/types\/product"}],"wp:attachment":[{"href":"https:\/\/roveyayinevi.com.tr\/index.php\/wp-json\/wp\/v2\/media?parent=759628"}],"wp:term":[{"taxonomy":"product_brand","embeddable":true,"href":"https:\/\/roveyayinevi.com.tr\/index.php\/wp-json\/wp\/v2\/product_brand?post=759628"},{"taxonomy":"product_cat","embeddable":true,"href":"https:\/\/roveyayinevi.com.tr\/index.php\/wp-json\/wp\/v2\/product_cat?post=759628"},{"taxonomy":"product_tag","embeddable":true,"href":"https:\/\/roveyayinevi.com.tr\/index.php\/wp-json\/wp\/v2\/product_tag?post=759628"}],"curies":[{"name":"wp","href":"https:\/\/api.w.org\/{rel}","templated":true}]}}