{"id":759627,"date":"2025-08-28T08:39:52","date_gmt":"2025-08-28T05:39:52","guid":{"rendered":"https:\/\/roveyayinevi.com.tr\/index.php\/urun\/ben-yapmadim-beynim-mi-yaptirdi\/"},"modified":"2026-01-22T03:37:41","modified_gmt":"2026-01-22T00:37:41","slug":"ben-yapmadim-beynim-mi-yaptirdi","status":"publish","type":"product","link":"https:\/\/roveyayinevi.com.tr\/index.php\/urun\/ben-yapmadim-beynim-mi-yaptirdi\/","title":{"rendered":"Ben Yapmad\u0131m, Beynim mi Yapt\u0131rd\u0131?"},"content":{"rendered":"<p>Uzun zamand\u0131r beyin ara\u015ft\u0131rmalar\u0131 yapan biri olarak, beyinle ilgili matematik ve teknoloji ile \u00e7\u00f6zemedi\u011fim bir noktada tak\u0131ld\u0131\u011f\u0131m\u0131 fark ettim. Senelerce beynin i\u00e7inde neler d\u00f6n\u00fcp bitti\u011fini say\u0131s\u0131z aletle inceledim. Y\u00fczlerce binlerce sat\u0131r kod yaz\u0131p beynin bize sunduklar\u0131n\u0131 matematik ve bilgisayar yard\u0131m\u0131yla anlamaya \u00e7al\u0131\u015ft\u0131m. Ama nafile! Olmuyor da olmuyor! Nas\u0131l olur da insan\u0131n o anda can\u0131 m\u00fczik dinlemek istiyor, nas\u0131l oluyor da bir anda a\u015f\u0131k oluveriyorsun, nas\u0131l oluyor da doktora yapmaya ve beynini b\u00f6yle senelerce s\u00fcrecek bir tacize alet etmeye karar veriyorsun? \u00dcstelik bundan da zevk al\u0131yorsun. \u2014 \u00d6ns\u00f6z\u2019den <\/p>\n","protected":false},"excerpt":{"rendered":"<p>Uzun zamand\u0131r beyin ara\u015ft\u0131rmalar\u0131 yapan biri olarak, beyinle ilgili matematik ve teknoloji ile \u00e7\u00f6zemedi\u011fim bir noktada tak\u0131ld\u0131\u011f\u0131m\u0131 fark ettim. Senelerce beynin i\u00e7inde neler d\u00f6n\u00fcp bitti\u011fini say\u0131s\u0131z<span class=\"excerpt-hellip\"> [\u2026]<\/span><\/p>\n","protected":false},"featured_media":0,"template":"","meta":{"_monsterinsights_skip_tracking":false,"_monsterinsights_sitenote_active":false,"_monsterinsights_sitenote_note":"","_monsterinsights_sitenote_category":0},"product_brand":[],"product_cat":[13005,13006],"product_tag":[],"class_list":{"0":"post-759627","1":"product","2":"type-product","3":"status-publish","5":"product_cat-bilim-muhendislik","6":"product_cat-populer-bilim","7":"pa_cilt-ciltsiz","8":"pa_tur-kitap","9":"pa_yayinevi-zoe-kitap","10":"pa_yazar-ata-akin","12":"first","13":"instock","14":"sale","15":"shipping-taxable","16":"purchasable","17":"product-type-simple"},"_links":{"self":[{"href":"https:\/\/roveyayinevi.com.tr\/index.php\/wp-json\/wp\/v2\/product\/759627","targetHints":{"allow":["GET"]}}],"collection":[{"href":"https:\/\/roveyayinevi.com.tr\/index.php\/wp-json\/wp\/v2\/product"}],"about":[{"href":"https:\/\/roveyayinevi.com.tr\/index.php\/wp-json\/wp\/v2\/types\/product"}],"wp:attachment":[{"href":"https:\/\/roveyayinevi.com.tr\/index.php\/wp-json\/wp\/v2\/media?parent=759627"}],"wp:term":[{"taxonomy":"product_brand","embeddable":true,"href":"https:\/\/roveyayinevi.com.tr\/index.php\/wp-json\/wp\/v2\/product_brand?post=759627"},{"taxonomy":"product_cat","embeddable":true,"href":"https:\/\/roveyayinevi.com.tr\/index.php\/wp-json\/wp\/v2\/product_cat?post=759627"},{"taxonomy":"product_tag","embeddable":true,"href":"https:\/\/roveyayinevi.com.tr\/index.php\/wp-json\/wp\/v2\/product_tag?post=759627"}],"curies":[{"name":"wp","href":"https:\/\/api.w.org\/{rel}","templated":true}]}}