{"id":759626,"date":"2025-08-28T08:39:52","date_gmt":"2025-08-28T05:39:52","guid":{"rendered":"https:\/\/roveyayinevi.com.tr\/index.php\/urun\/alacakaranlikta-gazetecilik-turkiyede-neoliberal-medya-duzeninin-kurulusu\/"},"modified":"2026-04-16T03:12:36","modified_gmt":"2026-04-16T00:12:36","slug":"alacakaranlikta-gazetecilik-turkiyede-neoliberal-medya-duzeninin-kurulusu","status":"publish","type":"product","link":"https:\/\/roveyayinevi.com.tr\/index.php\/urun\/alacakaranlikta-gazetecilik-turkiyede-neoliberal-medya-duzeninin-kurulusu\/","title":{"rendered":"Alacakaranlikta Gazetecilik T\u00fcrkiye\u2019de Neoliberal Medya D\u00fczeninin Kurulu\u015fu"},"content":{"rendered":"<p>1980\u2019lerin ikinci yar\u0131s\u0131ndan ba\u015flayarak T\u00fcrkiye\u2019yi etkisi alt\u0131na alan neoliberal dalga ve d\u0131\u015fa a\u00e7\u0131k b\u00fcy\u00fcme politikas\u0131, ba\u015flarda epey diren\u00e7le kar\u015f\u0131la\u015fm\u0131\u015ft\u0131. Ancak 1990\u2019l\u0131 y\u0131llar, birbiri ard\u0131na gelen ekonomik krizler ve politik \u00e7alkant\u0131larla T\u00fcrkiye\u2019yi 2000\u2019lerde son s\u00fcrat girece\u011fi bir kav\u015fa\u011fa do\u011fru h\u0131zla itmekteydi. 1990\u2019lardaki bu b\u00fcy\u00fck yol ayr\u0131m\u0131, T\u00fcrkiye\u2019nin hem siyasi hayat\u0131n\u0131 hem de medya d\u00fczenini geri d\u00f6n\u00fc\u015f\u00fc olmayacak \u015fekilde de\u011fi\u015ftirdi. Alacakaranl\u0131kta Gazetecilik: T\u00fcrkiye\u2019de Neoliberal Medya D\u00fczeninin Kurulu\u015fu, i\u015fte bu de\u011fi\u015fim y\u0131llar\u0131n\u0131 a\u00e7\u0131klama \u00e7abas\u0131 g\u00fcd\u00fcyor. Kitab\u0131n ilk b\u00f6l\u00fcm\u00fcnde, liberalizmin \u201cB\u0131rak\u0131n\u0131z yaps\u0131nlar\u201d ilkesinden, neoliberalizmin \u201cNeyin nas\u0131l yap\u0131laca\u011f\u0131na biz karar veririz\u201d \u015fiar\u0131na ge\u00e7i\u015finin, nas\u0131l ve hangi \u015fartlarda ger\u00e7ekle\u015fti\u011fi tart\u0131\u015f\u0131l\u0131yor. \u0130kinci b\u00f6l\u00fcmde, d\u00fcnyada ve T\u00fcrkiye\u2019de medya end\u00fcstrisinin neoliberal norm ekseninde nas\u0131l yeniden yap\u0131land\u0131r\u0131ld\u0131\u011f\u0131n\u0131n tarihsel arkaplan\u0131 sunuluyor. \u00dc\u00e7\u00fcnc\u00fc ve son b\u00f6l\u00fcmde ise neoliberal medya d\u00fczeninin in\u015fas\u0131 s\u0131ras\u0131nda gazetecilerin ya\u015fad\u0131klar\u0131; haberin, gazetecili\u011fin ve \u00e7al\u0131\u015fma ko\u015fullar\u0131n\u0131n nas\u0131l de\u011fi\u015fti\u011fi gazetecilerin g\u00f6z\u00fcnden aktar\u0131l\u0131yor. G\u00fcvent\u00fcrk G\u00f6rg\u00fcl\u00fc\u2019n\u00fcn titiz bir \u00e7al\u0131\u015fmayla kaleme ald\u0131\u011f\u0131 bu kitap, medya tarihinin bir d\u00f6nemine \u0131\u015f\u0131k tutarken, ba\u011f\u0131ms\u0131z habercilik \u00fczerine bug\u00fcnlerde zihinleri me\u015fgul eden meselelerin k\u00f6kenlerini anlamak i\u00e7in de ba\u015fvurulacak bir kaynak. <\/p>\n","protected":false},"excerpt":{"rendered":"<p>1980\u2019lerin ikinci yar\u0131s\u0131ndan ba\u015flayarak T\u00fcrkiye\u2019yi etkisi alt\u0131na alan neoliberal dalga ve d\u0131\u015fa a\u00e7\u0131k b\u00fcy\u00fcme politikas\u0131, ba\u015flarda epey diren\u00e7le kar\u015f\u0131la\u015fm\u0131\u015ft\u0131. Ancak 1990\u2019l\u0131 y\u0131llar, birbiri ard\u0131na gelen ekonomik<span class=\"excerpt-hellip\"> [\u2026]<\/span><\/p>\n","protected":false},"featured_media":0,"template":"","meta":{"_monsterinsights_skip_tracking":false,"_monsterinsights_sitenote_active":false,"_monsterinsights_sitenote_note":"","_monsterinsights_sitenote_category":0},"product_brand":[],"product_cat":[52477],"product_tag":[],"class_list":{"0":"post-759626","1":"product","2":"type-product","3":"status-publish","5":"product_cat-arastirma","6":"pa_cilt-ciltsiz","7":"pa_tur-kitap","8":"pa_yayinevi-istanbul-bilgi-universitesi-yayinlari","9":"pa_yazar-guventurk-gorgulu","11":"first","12":"instock","13":"sale","14":"shipping-taxable","15":"purchasable","16":"product-type-simple"},"_links":{"self":[{"href":"https:\/\/roveyayinevi.com.tr\/index.php\/wp-json\/wp\/v2\/product\/759626","targetHints":{"allow":["GET"]}}],"collection":[{"href":"https:\/\/roveyayinevi.com.tr\/index.php\/wp-json\/wp\/v2\/product"}],"about":[{"href":"https:\/\/roveyayinevi.com.tr\/index.php\/wp-json\/wp\/v2\/types\/product"}],"wp:attachment":[{"href":"https:\/\/roveyayinevi.com.tr\/index.php\/wp-json\/wp\/v2\/media?parent=759626"}],"wp:term":[{"taxonomy":"product_brand","embeddable":true,"href":"https:\/\/roveyayinevi.com.tr\/index.php\/wp-json\/wp\/v2\/product_brand?post=759626"},{"taxonomy":"product_cat","embeddable":true,"href":"https:\/\/roveyayinevi.com.tr\/index.php\/wp-json\/wp\/v2\/product_cat?post=759626"},{"taxonomy":"product_tag","embeddable":true,"href":"https:\/\/roveyayinevi.com.tr\/index.php\/wp-json\/wp\/v2\/product_tag?post=759626"}],"curies":[{"name":"wp","href":"https:\/\/api.w.org\/{rel}","templated":true}]}}