{"id":759625,"date":"2025-08-28T08:39:51","date_gmt":"2025-08-28T05:39:51","guid":{"rendered":"https:\/\/roveyayinevi.com.tr\/index.php\/urun\/hukuk-ve-marksizm-rehberi\/"},"modified":"2026-01-22T03:37:41","modified_gmt":"2026-01-22T00:37:41","slug":"hukuk-ve-marksizm-rehberi","status":"publish","type":"product","link":"https:\/\/roveyayinevi.com.tr\/index.php\/urun\/hukuk-ve-marksizm-rehberi\/","title":{"rendered":"Hukuk ve Marksizm Rehberi"},"content":{"rendered":"<p>Berlin Duvar\u0131\u2019n\u0131n y\u0131k\u0131lmas\u0131n\u0131 izleyen k\u00fcreselle\u015fmenin zafer g\u00f6sterileri \u00e7ok da uzun s\u00fcrmedi ve kapitalizmin yinelenen krizleri, Marx\u2019a ve Marksizme y\u00f6nelik geni\u015f \u00e7apl\u0131, hi\u00e7 de \u015fa\u015f\u0131rt\u0131c\u0131 olmayan bir uyan\u0131\u015fa sebep oldu. Sosyal ili\u015fkiler art\u0131-de\u011fer u\u0308retme ve biriktirme du\u0308rtu\u0308su\u0308 \u00e7er\u00e7evesinde ortaya \u00e7\u0131kmaya devam ettik\u00e7e, kapitalist u\u0308retim tarz\u0131n\u0131n sistematik ele\u015ftirisi de ka\u00e7\u0131n\u0131lmaz olmaya devam ediyor. Hukuk ve Marksizm Rehberi de s\u00f6z konusu ele\u015ftiriyi hukuk ve devlet merkezinde ele al\u0131yor. Rehber\u2019de, Marx ve Engels\u2019e ilaveten Marksist literat\u00fcr\u00fcn hukuk ele\u015ftirisi ve a\u00e7\u0131klamas\u0131 farkl\u0131 geleneklerden ara\u015ft\u0131rmac\u0131larca i\u015fleniyor. Kitapta yer alan yaz\u0131lar, her \u015feyden \u00f6nce Marksist ele\u015ftirel ara\u00e7lar\u0131n \u00e7e\u015fitlili\u011fine, \u00e7ok y\u00f6nlu\u0308lu\u0308\u011fu\u0308ne ve \u015fa\u015f\u0131rt\u0131c\u0131 analitik gu\u0308cu\u0308ne tan\u0131kl\u0131k ediyor. Bu ara\u00e7lar, kapitalist toplumlarda hukukun, haklar\u0131n ve devletin rolu\u0308nu\u0308 anlamak i\u00e7in her zaman oldu\u011fu gibi vazge\u00e7ilmezdir. <\/p>\n","protected":false},"excerpt":{"rendered":"<p>Berlin Duvar\u0131\u2019n\u0131n y\u0131k\u0131lmas\u0131n\u0131 izleyen k\u00fcreselle\u015fmenin zafer g\u00f6sterileri \u00e7ok da uzun s\u00fcrmedi ve kapitalizmin yinelenen krizleri, Marx\u2019a ve Marksizme y\u00f6nelik geni\u015f \u00e7apl\u0131, hi\u00e7 de \u015fa\u015f\u0131rt\u0131c\u0131 olmayan bir<span class=\"excerpt-hellip\"> [\u2026]<\/span><\/p>\n","protected":false},"featured_media":0,"template":"","meta":{"_monsterinsights_skip_tracking":false,"_monsterinsights_sitenote_active":false,"_monsterinsights_sitenote_note":"","_monsterinsights_sitenote_category":0},"product_brand":[],"product_cat":[15350,17602],"product_tag":[],"class_list":{"0":"post-759625","1":"product","2":"type-product","3":"status-publish","5":"product_cat-hukuk","6":"product_cat-hukuk-uzerine","7":"pa_cilt-ciltsiz","8":"pa_tur-kitap","9":"pa_yayinevi-zoe-kitap","10":"pa_yazar-kolektif","12":"first","13":"instock","14":"sale","15":"shipping-taxable","16":"purchasable","17":"product-type-simple"},"_links":{"self":[{"href":"https:\/\/roveyayinevi.com.tr\/index.php\/wp-json\/wp\/v2\/product\/759625","targetHints":{"allow":["GET"]}}],"collection":[{"href":"https:\/\/roveyayinevi.com.tr\/index.php\/wp-json\/wp\/v2\/product"}],"about":[{"href":"https:\/\/roveyayinevi.com.tr\/index.php\/wp-json\/wp\/v2\/types\/product"}],"wp:attachment":[{"href":"https:\/\/roveyayinevi.com.tr\/index.php\/wp-json\/wp\/v2\/media?parent=759625"}],"wp:term":[{"taxonomy":"product_brand","embeddable":true,"href":"https:\/\/roveyayinevi.com.tr\/index.php\/wp-json\/wp\/v2\/product_brand?post=759625"},{"taxonomy":"product_cat","embeddable":true,"href":"https:\/\/roveyayinevi.com.tr\/index.php\/wp-json\/wp\/v2\/product_cat?post=759625"},{"taxonomy":"product_tag","embeddable":true,"href":"https:\/\/roveyayinevi.com.tr\/index.php\/wp-json\/wp\/v2\/product_tag?post=759625"}],"curies":[{"name":"wp","href":"https:\/\/api.w.org\/{rel}","templated":true}]}}