{"id":759624,"date":"2025-08-28T08:39:50","date_gmt":"2025-08-28T05:39:50","guid":{"rendered":"https:\/\/roveyayinevi.com.tr\/index.php\/urun\/psikomitoloji-insani-oykulerinde-aramak-1\/"},"modified":"2026-02-27T03:13:48","modified_gmt":"2026-02-27T00:13:48","slug":"psikomitoloji-insani-oykulerinde-aramak-1","status":"publish","type":"product","link":"https:\/\/roveyayinevi.com.tr\/index.php\/urun\/psikomitoloji-insani-oykulerinde-aramak-1\/","title":{"rendered":"Psikomitoloji \u2013  \u0130nsan\u0131 \u00d6yk\u00fclerinde Aramak 1"},"content":{"rendered":"<p>\u00d6ncesi hi\u00e7likti. Sonra, varl\u0131k peyda oldu. Canland\u0131 bir zaman; g\u00fcn\u00fc geldi ayakland\u0131, insan oldu. S\u00f6ylenmeye ba\u015flad\u0131. Kendini ve d\u00fcnyas\u0131n\u0131 anlamak i\u00e7in \u00f6yk\u00fcler uydurdu, anlatmaya koyuldu. Masallar anlatt\u0131, mitler yaratt\u0131, destanlar s\u00f6yledi. \u015e\u00fcphesiz inand\u0131. Tutkulu ideolojilere kap\u0131ld\u0131. Yaz\u0131 yazd\u0131, say\u0131 sayd\u0131, kuram kurdu. Bakt\u0131, d\u00fc\u015f\u00fcnd\u00fc, felsefe yapt\u0131. Varl\u0131\u011f\u0131n ard\u0131ndaki mutlak hi\u00e7li\u011fi, s\u00f6z\u00fcn gerisindeki derin sessizli\u011fi fark etti\u011fi vakit ise her \u015feyden ku\u015fkuya d\u00fc\u015ft\u00fc. Prof. Dr. M. Bilgin Saydam\u2019\u0131n, \u00f6zg\u00fcn bir yorumlamayla, bireysel ve kolektif \u00f6yk\u00fclerin \u00e7at\u0131 disiplini olarak tan\u0131mlad\u0131\u011f\u0131 psikomitoloji i\u015fte bu ku\u015fkuyu rehber edinir. Masallar\u0131n, mitlerin, destanlar\u0131n, halk \u00f6yk\u00fclerinin, t\u00fcrl\u00fc inan\u00e7 ve felsefi g\u00f6r\u00fc\u015flerin, ideolojilerin ve bilimsel kuramlar\u0131n, varl\u0131k ve eylem bilgisinden yoksun insan taraf\u0131ndan, bu epistemolojik yoksunlu\u011fu ikame etmek \u00fczere \u2013\u00e7o\u011fu kez fark\u0131nda olunmaks\u0131z\u0131n\u2013 kurgulanan \u00f6yk\u00fcler oldu\u011funu varsayar. Bu kurgusal \u00f6yk\u00fcleri psikodinamik\/psikok\u00fclt\u00fcrel perspektiften yorumlamak suretiyle, insan bilincinin ve ruhsall\u0131\u011f\u0131n\u0131n i\u00e7y\u00fcz\u00fcn\u00fc a\u00e7\u0131\u011fa \u00e7\u0131karmaya, yap\u0131s\u0131n\u0131, i\u015fleyi\u015fini ve geli\u015fimini anlamaya \u00e7al\u0131\u015f\u0131r. \u0130stanbul Psikomitoloji \u00c7al\u0131\u015fma Grubu (\u0130PM) etkinli\u011fi kapsam\u0131nda \u0130stanbul T\u0131p Fak\u00fcltesi Psikiyatri Anabilim Dal\u0131\u2019nda Prof. Dr. M. Bilgin Saydam\u2019la birlikte 2015 y\u0131l\u0131ndan bu yana d\u00fczenledi\u011fimiz ve elinizde tuttu\u011funuz bu ilk kitapla beraber metinle\u015fmi\u015f ilk se\u00e7kisini sundu\u011fumuz HER \u015eEY H\u0130K\u00c2YE! ba\u015fl\u0131kl\u0131 seminer dizisinde mitolojiden dine, sanattan felsefeye, ideolojiden bilime dek insan\u0131n t\u00fcm k\u00fclt\u00fcrel hayat bilgisini kapsayan disiplinleri kendine has \u201c\u00f6yk\u00fc\u201dleriyle a\u011f\u0131rlamaktay\u0131z. Aralar\u0131ndaki ontolojik ve epistemolojik farklar\u0131 g\u00f6z ard\u0131 etmeksizin, her bir \u201c\u00f6yk\u00fc\u201dn\u00fcn insan ruhuna dair bilgimizi art\u0131raca\u011f\u0131na ve derinle\u015ftirece\u011fine inan\u0131yoruz. Bu sebeple \u00f6yk\u00fcleri seviyor, ama vazettikleri hakikate de ku\u015fkuyla yakla\u015f\u0131yoruz. \u00c7\u00fcnk\u00fc biliyoruz ki, insan\u0131n el yordam\u0131yla ya\u015fad\u0131\u011f\u0131 bu d\u00fcnyada, do\u011frulu\u011fundan emin olabilece\u011fi mutlak bir hakikat yok; ne biliyorsa kendine ve hayata dair, her \u015fey hik\u00e2ye! \u2014HAKAN KIZILTAN <\/p>\n","protected":false},"excerpt":{"rendered":"<p>\u00d6ncesi hi\u00e7likti. Sonra, varl\u0131k peyda oldu. Canland\u0131 bir zaman; g\u00fcn\u00fc geldi ayakland\u0131, insan oldu. S\u00f6ylenmeye ba\u015flad\u0131. Kendini ve d\u00fcnyas\u0131n\u0131 anlamak i\u00e7in \u00f6yk\u00fcler uydurdu, anlatmaya koyuldu. Masallar<span class=\"excerpt-hellip\"> [\u2026]<\/span><\/p>\n","protected":false},"featured_media":0,"template":"","meta":{"_monsterinsights_skip_tracking":false,"_monsterinsights_sitenote_active":false,"_monsterinsights_sitenote_note":"","_monsterinsights_sitenote_category":0},"product_brand":[],"product_cat":[12718,12858],"product_tag":[],"class_list":{"0":"post-759624","1":"product","2":"type-product","3":"status-publish","5":"product_cat-din","6":"product_cat-mitolojiler","7":"pa_cilt-ciltsiz","8":"pa_tur-kitap","9":"pa_yayinevi-minotor-kitap","10":"pa_yazar-kolektif","12":"first","13":"instock","14":"sale","15":"shipping-taxable","16":"purchasable","17":"product-type-simple"},"_links":{"self":[{"href":"https:\/\/roveyayinevi.com.tr\/index.php\/wp-json\/wp\/v2\/product\/759624","targetHints":{"allow":["GET"]}}],"collection":[{"href":"https:\/\/roveyayinevi.com.tr\/index.php\/wp-json\/wp\/v2\/product"}],"about":[{"href":"https:\/\/roveyayinevi.com.tr\/index.php\/wp-json\/wp\/v2\/types\/product"}],"wp:attachment":[{"href":"https:\/\/roveyayinevi.com.tr\/index.php\/wp-json\/wp\/v2\/media?parent=759624"}],"wp:term":[{"taxonomy":"product_brand","embeddable":true,"href":"https:\/\/roveyayinevi.com.tr\/index.php\/wp-json\/wp\/v2\/product_brand?post=759624"},{"taxonomy":"product_cat","embeddable":true,"href":"https:\/\/roveyayinevi.com.tr\/index.php\/wp-json\/wp\/v2\/product_cat?post=759624"},{"taxonomy":"product_tag","embeddable":true,"href":"https:\/\/roveyayinevi.com.tr\/index.php\/wp-json\/wp\/v2\/product_tag?post=759624"}],"curies":[{"name":"wp","href":"https:\/\/api.w.org\/{rel}","templated":true}]}}