{"id":759623,"date":"2025-08-28T08:39:48","date_gmt":"2025-08-28T05:39:48","guid":{"rendered":"https:\/\/roveyayinevi.com.tr\/index.php\/urun\/gastronotlar\/"},"modified":"2026-04-16T03:12:36","modified_gmt":"2026-04-16T00:12:36","slug":"gastronotlar","status":"publish","type":"product","link":"https:\/\/roveyayinevi.com.tr\/index.php\/urun\/gastronotlar\/","title":{"rendered":"Gastronotlar"},"content":{"rendered":"<p>D\u00fcnya genelinde on iki ya\u015f\u0131ndan k\u00fc\u00e7\u00fck mucitler aras\u0131nda en iyisi olan Sally Tinker, yine m\u00fcthi\u015f bir icatla kar\u015f\u0131m\u0131zda: \u0130nsan\u0131n en g\u00fc\u00e7l\u00fc organ\u0131na yerle\u015fip onu s\u00fcper zeki yapan bir Ak\u0131ll\u0131\u00c7ip! Ancak Sally\u2019nin k\u00fc\u00e7\u00fck karde\u015fi Joe bu \u00e7ipi yutunca, felaket boyutunda baz\u0131 gazl\u0131 sonu\u00e7lar ortaya \u00e7\u0131kar. Sally ve arkada\u015f\u0131 Charli, kendilerini k\u00fc\u00e7\u00fclt\u00fcp Joe\u2019nin ba\u011f\u0131rsaklar\u0131na girmek ve bir an \u00f6nce bu icad\u0131 devre d\u0131\u015f\u0131 b\u0131rakmak zorundad\u0131r. Sonu\u00e7ta, en k\u00f6t\u00fc ne olabilir ki?.. Bol kokulu ve heyecanl\u0131 bir Sally Tinker maceras\u0131na daha haz\u0131r olun! <\/p>\n","protected":false},"excerpt":{"rendered":"<p>D\u00fcnya genelinde on iki ya\u015f\u0131ndan k\u00fc\u00e7\u00fck mucitler aras\u0131nda en iyisi olan Sally Tinker, yine m\u00fcthi\u015f bir icatla kar\u015f\u0131m\u0131zda: \u0130nsan\u0131n en g\u00fc\u00e7l\u00fc organ\u0131na yerle\u015fip onu s\u00fcper zeki<span class=\"excerpt-hellip\"> [\u2026]<\/span><\/p>\n","protected":false},"featured_media":0,"template":"","meta":{"_monsterinsights_skip_tracking":false,"_monsterinsights_sitenote_active":false,"_monsterinsights_sitenote_note":"","_monsterinsights_sitenote_category":0},"product_brand":[],"product_cat":[12274,12284],"product_tag":[],"class_list":{"0":"post-759623","1":"product","2":"type-product","3":"status-publish","5":"product_cat-cocuk-ve-genclik-kitaplari","6":"product_cat-hikayeler","7":"pa_cilt-ciltsiz","8":"pa_tur-kitap","9":"pa_yayinevi-ithaki-yayinlari","10":"pa_yazar-james-foley","12":"first","13":"instock","14":"sale","15":"shipping-taxable","16":"purchasable","17":"product-type-simple"},"_links":{"self":[{"href":"https:\/\/roveyayinevi.com.tr\/index.php\/wp-json\/wp\/v2\/product\/759623","targetHints":{"allow":["GET"]}}],"collection":[{"href":"https:\/\/roveyayinevi.com.tr\/index.php\/wp-json\/wp\/v2\/product"}],"about":[{"href":"https:\/\/roveyayinevi.com.tr\/index.php\/wp-json\/wp\/v2\/types\/product"}],"wp:attachment":[{"href":"https:\/\/roveyayinevi.com.tr\/index.php\/wp-json\/wp\/v2\/media?parent=759623"}],"wp:term":[{"taxonomy":"product_brand","embeddable":true,"href":"https:\/\/roveyayinevi.com.tr\/index.php\/wp-json\/wp\/v2\/product_brand?post=759623"},{"taxonomy":"product_cat","embeddable":true,"href":"https:\/\/roveyayinevi.com.tr\/index.php\/wp-json\/wp\/v2\/product_cat?post=759623"},{"taxonomy":"product_tag","embeddable":true,"href":"https:\/\/roveyayinevi.com.tr\/index.php\/wp-json\/wp\/v2\/product_tag?post=759623"}],"curies":[{"name":"wp","href":"https:\/\/api.w.org\/{rel}","templated":true}]}}