{"id":759622,"date":"2025-08-28T08:39:47","date_gmt":"2025-08-28T05:39:47","guid":{"rendered":"https:\/\/roveyayinevi.com.tr\/index.php\/urun\/toksik-olumlama\/"},"modified":"2026-04-16T03:12:36","modified_gmt":"2026-04-16T00:12:36","slug":"toksik-olumlama","status":"publish","type":"product","link":"https:\/\/roveyayinevi.com.tr\/index.php\/urun\/toksik-olumlama\/","title":{"rendered":"Toksik Olumlama"},"content":{"rendered":"<p>Terapist Whitney Goodman\u2019dan olumlu olma bask\u0131s\u0131 kar\u015f\u0131s\u0131nda, duygular\u0131m\u0131za \u2013ba\u015f etmesi g\u00fc\u00e7 olanlara bile\u2013 sahip \u00e7\u0131kmak i\u00e7in nitelikli bir rehber.\u0130nsanlar her yeni g\u00fcn pozitif olma bask\u0131s\u0131yla kar\u015f\u0131 kar\u015f\u0131ya. \u201cG\u00fczel enerji e\u015fittir g\u00fczel hayat\u201d mottolar\u0131, \u201ciyi taraf\u0131ndan bak\u201d tavsiyeleri havada u\u00e7u\u015furken olumsuz ki\u015fileri tek mutluluk form\u00fcl\u00fcyle susturmak m\u00fcmk\u00fcn: G\u00fcl\u00fcmse ge\u00e7! Hastal\u0131k, kay\u0131p, ayr\u0131l\u0131k ve di\u011fer zorluklarla kar\u015f\u0131 kar\u015f\u0131ya kal\u0131nd\u0131\u011f\u0131nda bile ger\u00e7ek duygular hakk\u0131nda konu\u015fmak, onlar\u0131 sindirerek zamanla daha iyi hissetmek i\u00e7in \u00e7ok az f\u0131rsat var.Peki olumlu olmak t\u00fcm sorunlar\u0131n \u00e7\u00f6z\u00fcm\u00fcyse neden \u00e7o\u011fumuz endi\u015feli, depresif ve t\u00fckenmi\u015f h\u00e2ldeyiz?Elinizdeki bu kitap, toksik olumlaman\u0131n kendimize ve ili\u015fkilerimize ne kadar zarar verdi\u011fini ortaya koyarken ara\u015ft\u0131rmalardan ve dan\u0131\u015fan hik\u00e2yelerinden besleniyor. Terapist Whitney Goodman\u2019\u0131n kaleme ald\u0131\u011f\u0131 bu d\u00fcr\u00fcst rehber, olumsuz duygular\u0131 deneyimlemenin ve onlarla ba\u015fa \u00e7\u0131kman\u0131n etkili yollar\u0131n\u0131 \u015fefkatle sunuyor.\u201cBu kitap, \u015f\u00fckran defterinizi olabilecek en iyi \u015fekilde doldurman\u0131z\u0131 sa\u011flayacak.\u201d \u2014Stylist<\/p>\n","protected":false},"excerpt":{"rendered":"<p>Terapist Whitney Goodman\u2019dan olumlu olma bask\u0131s\u0131 kar\u015f\u0131s\u0131nda, duygular\u0131m\u0131za \u2013ba\u015f etmesi g\u00fc\u00e7 olanlara bile\u2013 sahip \u00e7\u0131kmak i\u00e7in nitelikli bir rehber.\u0130nsanlar her yeni g\u00fcn pozitif olma bask\u0131s\u0131yla kar\u015f\u0131<span class=\"excerpt-hellip\"> [\u2026]<\/span><\/p>\n","protected":false},"featured_media":0,"template":"","meta":{"_monsterinsights_skip_tracking":false,"_monsterinsights_sitenote_active":false,"_monsterinsights_sitenote_note":"","_monsterinsights_sitenote_category":0},"product_brand":[],"product_cat":[12364,12376],"product_tag":[],"class_list":{"0":"post-759622","1":"product","2":"type-product","3":"status-publish","5":"product_cat-genel-konular","6":"product_cat-kisisel-gelisim","7":"pa_cilt-ciltsiz","8":"pa_tur-kitap","9":"pa_yayinevi-nova-kitap","10":"pa_yazar-whitney-goodman","12":"first","13":"instock","14":"sale","15":"shipping-taxable","16":"purchasable","17":"product-type-simple"},"_links":{"self":[{"href":"https:\/\/roveyayinevi.com.tr\/index.php\/wp-json\/wp\/v2\/product\/759622","targetHints":{"allow":["GET"]}}],"collection":[{"href":"https:\/\/roveyayinevi.com.tr\/index.php\/wp-json\/wp\/v2\/product"}],"about":[{"href":"https:\/\/roveyayinevi.com.tr\/index.php\/wp-json\/wp\/v2\/types\/product"}],"wp:attachment":[{"href":"https:\/\/roveyayinevi.com.tr\/index.php\/wp-json\/wp\/v2\/media?parent=759622"}],"wp:term":[{"taxonomy":"product_brand","embeddable":true,"href":"https:\/\/roveyayinevi.com.tr\/index.php\/wp-json\/wp\/v2\/product_brand?post=759622"},{"taxonomy":"product_cat","embeddable":true,"href":"https:\/\/roveyayinevi.com.tr\/index.php\/wp-json\/wp\/v2\/product_cat?post=759622"},{"taxonomy":"product_tag","embeddable":true,"href":"https:\/\/roveyayinevi.com.tr\/index.php\/wp-json\/wp\/v2\/product_tag?post=759622"}],"curies":[{"name":"wp","href":"https:\/\/api.w.org\/{rel}","templated":true}]}}