{"id":759619,"date":"2025-08-28T08:39:43","date_gmt":"2025-08-28T05:39:43","guid":{"rendered":"https:\/\/roveyayinevi.com.tr\/index.php\/urun\/dervisin-kulagi\/"},"modified":"2026-04-08T03:21:11","modified_gmt":"2026-04-08T00:21:11","slug":"dervisin-kulagi","status":"publish","type":"product","link":"https:\/\/roveyayinevi.com.tr\/index.php\/urun\/dervisin-kulagi\/","title":{"rendered":"Dervi\u015fin Kula\u011f\u0131"},"content":{"rendered":"<p>Do\u011fukan \u0130\u015fler\u2019den t\u00fcm kalem yontanlara, yonttuktan sonra kalemlerini tutup \u00f6penlere ve yazmasa deli olacaklara ithaf edilmi\u015f yeni bir \u00f6yk\u00fc toplam\u0131: Dervi\u015fin Kula\u011f\u0131.   \u00c7ocuklar, kediler, dervi\u015fler, mezar\u0131ndan kalk\u0131p gelenler, u\u00e7arken ya\u011fmura yakalananlar&#8230; \u0130\u015fler, d\u00fc\u015flemini ustaca k\u00e2\u011f\u0131da d\u00f6kmeye devam ediyor Dervi\u015fin Kula\u011f\u0131\u2019nda. R\u00fcyalardan, hayallerden, kendi yaz\u0131 evreninden; fantezi ve ger\u00e7ekli\u011fin kat\u0131\u015f\u0131p ayr\u0131\u015ft\u0131\u011f\u0131 bir \u00e2lemden sesleniyor okura. Kan\u0131n do\u011fru damarlarda akt\u0131\u011f\u0131, sulayaca\u011f\u0131 yeri kimselere dan\u0131\u015fmadan buldu\u011fu; inleyen, say\u0131klayan, g\u00f6r\u00fcn\u00fcr g\u00f6r\u00fcnmez hik\u00e2yeler anlat\u0131yor.   \u201cBen h\u0131zland\u0131k\u00e7a ses yak\u0131nla\u015f\u0131yor. Demek ki do\u011fru yolday\u0131m, diyorum kendime. \u015eeyhimin sesi bu duydu\u011fum, amenna, ama ne diyor, ne anlat\u0131yor, kime sesleniyor, ne s\u00f6yl\u00fcyor, onu anlam\u0131yorum. Sese do\u011fru yakla\u015ft\u0131k\u00e7a da bir karalt\u0131n\u0131n peyda oldu\u011funu g\u00f6r\u00fcyorum az ilerimde. Bir taraftan ko\u015ftur ko\u015ftur ilerlerken, di\u011fer taraftan da g\u00f6zlerimi k\u0131sarak bak\u0131yorum ki karalt\u0131ya, emin olay\u0131m, kimdir, hakikaten de \u015feyhim midir bu duydu\u011fum, can\u0131m sultan\u0131m m\u0131d\u0131r bu g\u00f6rd\u00fc\u011f\u00fcm. (&#8230;) Tut kulaklar\u0131n\u0131, b\u0131rakma. Tut kulaklar\u0131n\u0131, b\u0131rakma. Tut kulaklar\u0131n\u0131&#8230;\u201d <\/p>\n","protected":false},"excerpt":{"rendered":"<p>Do\u011fukan \u0130\u015fler\u2019den t\u00fcm kalem yontanlara, yonttuktan sonra kalemlerini tutup \u00f6penlere ve yazmasa deli olacaklara ithaf edilmi\u015f yeni bir \u00f6yk\u00fc toplam\u0131: Dervi\u015fin Kula\u011f\u0131. \u00c7ocuklar, kediler, dervi\u015fler, mezar\u0131ndan<span class=\"excerpt-hellip\"> [\u2026]<\/span><\/p>\n","protected":false},"featured_media":0,"template":"","meta":{"_monsterinsights_skip_tracking":false,"_monsterinsights_sitenote_active":false,"_monsterinsights_sitenote_note":"","_monsterinsights_sitenote_category":0},"product_brand":[],"product_cat":[12291,12711],"product_tag":[],"class_list":{"0":"post-759619","1":"product","2":"type-product","3":"status-publish","5":"product_cat-edebiyat","6":"product_cat-roman-oyku","7":"pa_cilt-ciltsiz","8":"pa_tur-kitap","9":"pa_yayinevi-ithaki-yayinlari","10":"pa_yazar-dogukan-isler","12":"first","13":"instock","14":"sale","15":"shipping-taxable","16":"purchasable","17":"product-type-simple"},"_links":{"self":[{"href":"https:\/\/roveyayinevi.com.tr\/index.php\/wp-json\/wp\/v2\/product\/759619","targetHints":{"allow":["GET"]}}],"collection":[{"href":"https:\/\/roveyayinevi.com.tr\/index.php\/wp-json\/wp\/v2\/product"}],"about":[{"href":"https:\/\/roveyayinevi.com.tr\/index.php\/wp-json\/wp\/v2\/types\/product"}],"wp:attachment":[{"href":"https:\/\/roveyayinevi.com.tr\/index.php\/wp-json\/wp\/v2\/media?parent=759619"}],"wp:term":[{"taxonomy":"product_brand","embeddable":true,"href":"https:\/\/roveyayinevi.com.tr\/index.php\/wp-json\/wp\/v2\/product_brand?post=759619"},{"taxonomy":"product_cat","embeddable":true,"href":"https:\/\/roveyayinevi.com.tr\/index.php\/wp-json\/wp\/v2\/product_cat?post=759619"},{"taxonomy":"product_tag","embeddable":true,"href":"https:\/\/roveyayinevi.com.tr\/index.php\/wp-json\/wp\/v2\/product_tag?post=759619"}],"curies":[{"name":"wp","href":"https:\/\/api.w.org\/{rel}","templated":true}]}}