{"id":759618,"date":"2025-08-28T08:39:41","date_gmt":"2025-08-28T05:39:41","guid":{"rendered":"https:\/\/roveyayinevi.com.tr\/index.php\/urun\/dadanik\/"},"modified":"2026-04-16T03:12:36","modified_gmt":"2026-04-16T00:12:36","slug":"dadanik","status":"publish","type":"product","link":"https:\/\/roveyayinevi.com.tr\/index.php\/urun\/dadanik\/","title":{"rendered":"Dadan\u0131k"},"content":{"rendered":"<p>DADANIK ORTAYA \u00c7IKMADAN HEMEN \u00d6NCE: Yazar\u0131n g\u00fclmekten karn\u0131na a\u011fr\u0131lar girdi. \u00c7izerin g\u00f6zlerinden gelen ya\u015flar boyalar\u0131 ak\u0131tt\u0131. Edit\u00f6r hep ayn\u0131 r\u00fcyay\u0131 g\u00f6r\u00fcyor: Dadan\u0131k, elmas\u0131ndan bir \u0131s\u0131r\u0131k al\u0131yor. \u00c7evirmene hen\u00fcz dadan\u0131lmad\u0131. Ama yak\u0131nd\u0131r! K\u00fct\u00fcphaneci, birbirine yap\u0131\u015fan kitaplar\u0131 ay\u0131rmaya \u00e7al\u0131\u015f\u0131yor. Okur&#8230; \u015eimdi s\u0131ra onda. Dadan\u0131k\u2019la tan\u0131\u015fman\u0131n tam zaman\u0131! An\u0131l Bas\u0131l\u0131, Dadan\u0131k ile bizleri karanl\u0131kta el feneriyle kitap okudu\u011fumuz ve g\u00fcl\u00fc\u015fmelerimizle evdekileri uyutmad\u0131\u011f\u0131m\u0131z g\u00fcnlere g\u00f6t\u00fcr\u00fcyor. #Dadan\u0131kAram\u0131zda <\/p>\n","protected":false},"excerpt":{"rendered":"<p>DADANIK ORTAYA \u00c7IKMADAN HEMEN \u00d6NCE: Yazar\u0131n g\u00fclmekten karn\u0131na a\u011fr\u0131lar girdi. \u00c7izerin g\u00f6zlerinden gelen ya\u015flar boyalar\u0131 ak\u0131tt\u0131. Edit\u00f6r hep ayn\u0131 r\u00fcyay\u0131 g\u00f6r\u00fcyor: Dadan\u0131k, elmas\u0131ndan bir \u0131s\u0131r\u0131k al\u0131yor.<span class=\"excerpt-hellip\"> [\u2026]<\/span><\/p>\n","protected":false},"featured_media":0,"template":"","meta":{"_monsterinsights_skip_tracking":false,"_monsterinsights_sitenote_active":false,"_monsterinsights_sitenote_note":"","_monsterinsights_sitenote_category":0},"product_brand":[],"product_cat":[12274,12284],"product_tag":[],"class_list":{"0":"post-759618","1":"product","2":"type-product","3":"status-publish","5":"product_cat-cocuk-ve-genclik-kitaplari","6":"product_cat-hikayeler","7":"pa_cilt-ciltsiz","8":"pa_tur-kitap","9":"pa_yayinevi-dogan-cocuk","10":"pa_yazar-anil-basili","12":"first","13":"instock","14":"sale","15":"shipping-taxable","16":"purchasable","17":"product-type-simple"},"_links":{"self":[{"href":"https:\/\/roveyayinevi.com.tr\/index.php\/wp-json\/wp\/v2\/product\/759618","targetHints":{"allow":["GET"]}}],"collection":[{"href":"https:\/\/roveyayinevi.com.tr\/index.php\/wp-json\/wp\/v2\/product"}],"about":[{"href":"https:\/\/roveyayinevi.com.tr\/index.php\/wp-json\/wp\/v2\/types\/product"}],"wp:attachment":[{"href":"https:\/\/roveyayinevi.com.tr\/index.php\/wp-json\/wp\/v2\/media?parent=759618"}],"wp:term":[{"taxonomy":"product_brand","embeddable":true,"href":"https:\/\/roveyayinevi.com.tr\/index.php\/wp-json\/wp\/v2\/product_brand?post=759618"},{"taxonomy":"product_cat","embeddable":true,"href":"https:\/\/roveyayinevi.com.tr\/index.php\/wp-json\/wp\/v2\/product_cat?post=759618"},{"taxonomy":"product_tag","embeddable":true,"href":"https:\/\/roveyayinevi.com.tr\/index.php\/wp-json\/wp\/v2\/product_tag?post=759618"}],"curies":[{"name":"wp","href":"https:\/\/api.w.org\/{rel}","templated":true}]}}