{"id":759617,"date":"2025-08-28T08:39:40","date_gmt":"2025-08-28T05:39:40","guid":{"rendered":"https:\/\/roveyayinevi.com.tr\/index.php\/urun\/alacagol-efsanesi\/"},"modified":"2026-04-16T03:12:36","modified_gmt":"2026-04-16T00:12:36","slug":"alacagol-efsanesi","status":"publish","type":"product","link":"https:\/\/roveyayinevi.com.tr\/index.php\/urun\/alacagol-efsanesi\/","title":{"rendered":"Alacag\u00f6l Efsanesi"},"content":{"rendered":"<p>\u201cGece yar\u0131s\u0131 d\u00fc\u015fen \u00e7\u0131\u011f, mezra ile b\u00fct\u00fcn ileti\u015fimi kesmi\u015fti. Jandarmalar, kar\u0131n kapad\u0131\u011f\u0131 k\u0131y\u0131 yolunu a\u00e7t\u0131klar\u0131nda, mahsur kalan k\u00f6yl\u00fclerin hepsinin katledilmi\u015f oldu\u011funu g\u00f6rd\u00fcler. Sadece insanlar de\u011fil, hayvanlar da yok edilmi\u015fti.\u201d   Alacag\u00f6l Efsanesi\u2019nde Levent \u015eeny\u00fcrek, 90\u2019l\u0131 y\u0131llar\u0131n G\u00fcneydo\u011fu\u2019sunda ge\u00e7en d\u00f6rt g\u00fcn\u00fcn hik\u00e2yesini anlat\u0131yor; Jandarma Aste\u011fmen Haluk G\u00fcner\u2019in, Alacag\u00f6l k\u0131y\u0131s\u0131nda ger\u00e7ekle\u015fen esrarengiz \u00f6l\u00fcmleri ara\u015ft\u0131rd\u0131\u011f\u0131 gizemli ve bir o kadar da gerilimli d\u00f6rt g\u00fcn&#8230;   \u201cG\u00f6lde bir \u015fey vard\u0131 sanki. Bir \u015fekilde ortaya \u00e7\u0131k\u0131yor ve bekliyordu. Rahats\u0131z edilmedi\u011fi s\u00fcrece bal\u0131klar d\u0131\u015f\u0131nda kimseye zarar\u0131 dokunmuyordu. Ancak rahats\u0131z edilirse hemen harekete ge\u00e7iyor, g\u00f6lden \u00e7\u0131karak \u00e7evrede ya\u015fayan ne varsa bo\u011fduktan sonra geldi\u011fi yere geri d\u00f6n\u00fcyordu.\u201d   Merak unsurunu s\u00fcrekli diri tutan temposuyla Alacag\u00f6l Efsanesi, fantasti\u011fin \u00e7o\u011fu zaman hayat\u0131n ta kendisi oldu\u011funu yeniden hat\u0131rlat\u0131yor. <\/p>\n","protected":false},"excerpt":{"rendered":"<p>\u201cGece yar\u0131s\u0131 d\u00fc\u015fen \u00e7\u0131\u011f, mezra ile b\u00fct\u00fcn ileti\u015fimi kesmi\u015fti. Jandarmalar, kar\u0131n kapad\u0131\u011f\u0131 k\u0131y\u0131 yolunu a\u00e7t\u0131klar\u0131nda, mahsur kalan k\u00f6yl\u00fclerin hepsinin katledilmi\u015f oldu\u011funu g\u00f6rd\u00fcler. Sadece insanlar de\u011fil, hayvanlar<span class=\"excerpt-hellip\"> [\u2026]<\/span><\/p>\n","protected":false},"featured_media":0,"template":"","meta":{"_monsterinsights_skip_tracking":false,"_monsterinsights_sitenote_active":false,"_monsterinsights_sitenote_note":"","_monsterinsights_sitenote_category":0},"product_brand":[],"product_cat":[12291,14777],"product_tag":[],"class_list":{"0":"post-759617","1":"product","2":"type-product","3":"status-publish","5":"product_cat-edebiyat","6":"product_cat-fantastik","7":"pa_cilt-ciltsiz","8":"pa_tur-kitap","9":"pa_yayinevi-ithaki-yayinlari","10":"pa_yazar-levent-senyurek","12":"first","13":"instock","14":"sale","15":"shipping-taxable","16":"purchasable","17":"product-type-simple"},"_links":{"self":[{"href":"https:\/\/roveyayinevi.com.tr\/index.php\/wp-json\/wp\/v2\/product\/759617","targetHints":{"allow":["GET"]}}],"collection":[{"href":"https:\/\/roveyayinevi.com.tr\/index.php\/wp-json\/wp\/v2\/product"}],"about":[{"href":"https:\/\/roveyayinevi.com.tr\/index.php\/wp-json\/wp\/v2\/types\/product"}],"wp:attachment":[{"href":"https:\/\/roveyayinevi.com.tr\/index.php\/wp-json\/wp\/v2\/media?parent=759617"}],"wp:term":[{"taxonomy":"product_brand","embeddable":true,"href":"https:\/\/roveyayinevi.com.tr\/index.php\/wp-json\/wp\/v2\/product_brand?post=759617"},{"taxonomy":"product_cat","embeddable":true,"href":"https:\/\/roveyayinevi.com.tr\/index.php\/wp-json\/wp\/v2\/product_cat?post=759617"},{"taxonomy":"product_tag","embeddable":true,"href":"https:\/\/roveyayinevi.com.tr\/index.php\/wp-json\/wp\/v2\/product_tag?post=759617"}],"curies":[{"name":"wp","href":"https:\/\/api.w.org\/{rel}","templated":true}]}}