{"id":759615,"date":"2025-08-28T08:39:36","date_gmt":"2025-08-28T05:39:36","guid":{"rendered":"https:\/\/roveyayinevi.com.tr\/index.php\/urun\/esnek-ile-genis\/"},"modified":"2026-04-16T03:12:36","modified_gmt":"2026-04-16T00:12:36","slug":"esnek-ile-genis","status":"publish","type":"product","link":"https:\/\/roveyayinevi.com.tr\/index.php\/urun\/esnek-ile-genis\/","title":{"rendered":"Esnek ile Geni\u015f"},"content":{"rendered":"<p>Modern zamanlar\u0131n ideal \u00e7ifti Esnek ile Geni\u015f. Be\u015f paras\u0131z da olsalar, makarnaya da talim etseler kayg\u0131s\u0131zl\u0131\u011f\u0131n manifestosunu yazm\u0131\u015f, alt\u0131na imzas\u0131n\u0131 atm\u0131\u015f bir \u00e7ift kar\u015f\u0131m\u0131zdaki. Yeri geldi\u011finde seslerini \u00e7\u0131karmaktan \u00e7ekinmeyecek kadar cesur, yeri geldi\u011finde bir o kadar vurdumduymaz. Kemik, Lombak ve Uykusuz dergilerinde yay\u0131mlanan Esnek ile Geni\u015f her sayfas\u0131nda okuru \u00f6zde\u015fle\u015febilece\u011fi, bazen de imrenebilece\u011fi bir yolculu\u011fa \u00e7\u0131kar\u0131yor. <\/p>\n","protected":false},"excerpt":{"rendered":"<p>Modern zamanlar\u0131n ideal \u00e7ifti Esnek ile Geni\u015f. Be\u015f paras\u0131z da olsalar, makarnaya da talim etseler kayg\u0131s\u0131zl\u0131\u011f\u0131n manifestosunu yazm\u0131\u015f, alt\u0131na imzas\u0131n\u0131 atm\u0131\u015f bir \u00e7ift kar\u015f\u0131m\u0131zdaki. Yeri geldi\u011finde<span class=\"excerpt-hellip\"> [\u2026]<\/span><\/p>\n","protected":false},"featured_media":0,"template":"","meta":{"_monsterinsights_skip_tracking":false,"_monsterinsights_sitenote_active":false,"_monsterinsights_sitenote_note":"","_monsterinsights_sitenote_category":0},"product_brand":[],"product_cat":[12416,12291],"product_tag":[],"class_list":{"0":"post-759615","1":"product","2":"type-product","3":"status-publish","5":"product_cat-cizgi-roman","6":"product_cat-edebiyat","7":"pa_cilt-ciltsiz","8":"pa_tur-kitap","9":"pa_yayinevi-ithaki-yayinlari","10":"pa_yazar-yetkin-gulmen","12":"first","13":"instock","14":"sale","15":"shipping-taxable","16":"purchasable","17":"product-type-simple"},"_links":{"self":[{"href":"https:\/\/roveyayinevi.com.tr\/index.php\/wp-json\/wp\/v2\/product\/759615","targetHints":{"allow":["GET"]}}],"collection":[{"href":"https:\/\/roveyayinevi.com.tr\/index.php\/wp-json\/wp\/v2\/product"}],"about":[{"href":"https:\/\/roveyayinevi.com.tr\/index.php\/wp-json\/wp\/v2\/types\/product"}],"wp:attachment":[{"href":"https:\/\/roveyayinevi.com.tr\/index.php\/wp-json\/wp\/v2\/media?parent=759615"}],"wp:term":[{"taxonomy":"product_brand","embeddable":true,"href":"https:\/\/roveyayinevi.com.tr\/index.php\/wp-json\/wp\/v2\/product_brand?post=759615"},{"taxonomy":"product_cat","embeddable":true,"href":"https:\/\/roveyayinevi.com.tr\/index.php\/wp-json\/wp\/v2\/product_cat?post=759615"},{"taxonomy":"product_tag","embeddable":true,"href":"https:\/\/roveyayinevi.com.tr\/index.php\/wp-json\/wp\/v2\/product_tag?post=759615"}],"curies":[{"name":"wp","href":"https:\/\/api.w.org\/{rel}","templated":true}]}}