{"id":759614,"date":"2025-08-28T08:39:35","date_gmt":"2025-08-28T05:39:35","guid":{"rendered":"https:\/\/roveyayinevi.com.tr\/index.php\/urun\/kis-nisanlilari\/"},"modified":"2026-04-16T03:12:36","modified_gmt":"2026-04-16T00:12:36","slug":"kis-nisanlilari","status":"publish","type":"product","link":"https:\/\/roveyayinevi.com.tr\/index.php\/urun\/kis-nisanlilari\/","title":{"rendered":"K\u0131\u015f Ni\u015fanl\u0131lar\u0131"},"content":{"rendered":"<p>Uzun zaman \u00f6nce, \u201cK\u0131r\u0131lma\u201d ad\u0131 verilen bir felaketin ard\u0131ndan, d\u00fcnya bir\u00e7ok g\u00f6ksel adaya b\u00f6l\u00fcnm\u00fc\u015ft\u00fc. Kemer olarak bilinen bu adalar\u0131n her biri farkl\u0131 \u015fekillerde geli\u015fmi\u015fti ve zamanla kendine \u00f6zg\u00fc bir ili\u015fkisi var gibi g\u00f6r\u00fcnmekteydi, \u00f6yle ki g\u00fcn\u00fcm\u00fczde birbirine hi\u00e7 benzemeyen d\u00fcnyalar bir arada ama ayr\u0131 ayr\u0131 var olabiliyordu. Ve Kemerlerin her birinde, her \u015feye g\u00fcc\u00fc yeten bir atan\u0131n ruhu ya\u015f\u0131yordu.   Anima Kemeri\u2019nde ya\u015fayan bir k\u0131z, eski p\u00fcsk\u00fc e\u015farb\u0131 ve miyop g\u00f6zl\u00fckleriyle Oph\u00e9lie, e\u015fsiz yeteneklere sahipti: Nesnelerin ge\u00e7mi\u015flerini okuyabilir ve aynalardan ge\u00e7ebilirdi. Onu, g\u00fc\u00e7l\u00fc Ejderha klan\u0131ndan Thorn\u2019la ni\u015fanlad\u0131klar\u0131 s\u0131rada d\u00fcnyas\u0131nda dertsizce ya\u015famaktayd\u0131. Oysa art\u0131k ailesinden ayr\u0131lmas\u0131 ve Kuzey\u2019in u\u00e7an ba\u015fkenti G\u00f6k\u015fehir\u2019e, Thorn\u2019a gitmesi gerekmekteydi. Peki hangi ama\u00e7la se\u00e7ilmi\u015fti? Ger\u00e7ek kimli\u011fini neden saklamas\u0131 istenmi\u015fti? Oph\u00e9lie fark\u0131nda olmadan \u00f6l\u00fcmc\u00fcl bir komplonun oyunca\u011f\u0131 h\u00e2line gelecekti.   \u201cDabos nadiren bir araya gelen karma\u015f\u0131k d\u00fcnya in\u015fas\u0131, incelikli karakter geli\u015fimi ve s\u00fcr\u00fckleyici olay \u00f6rg\u00fcs\u00fc \u00fc\u00e7l\u00fcs\u00fcn\u00fc kolaym\u0131\u015f gibi g\u00f6stermeyi bile ba\u015farm\u0131\u015f.\u201d \u2013KIRKUS REVIEWS <\/p>\n","protected":false},"excerpt":{"rendered":"<p>Uzun zaman \u00f6nce, \u201cK\u0131r\u0131lma\u201d ad\u0131 verilen bir felaketin ard\u0131ndan, d\u00fcnya bir\u00e7ok g\u00f6ksel adaya b\u00f6l\u00fcnm\u00fc\u015ft\u00fc. Kemer olarak bilinen bu adalar\u0131n her biri farkl\u0131 \u015fekillerde geli\u015fmi\u015fti ve zamanla<span class=\"excerpt-hellip\"> [\u2026]<\/span><\/p>\n","protected":false},"featured_media":0,"template":"","meta":{"_monsterinsights_skip_tracking":false,"_monsterinsights_sitenote_active":false,"_monsterinsights_sitenote_note":"","_monsterinsights_sitenote_category":0},"product_brand":[],"product_cat":[12291,14777],"product_tag":[],"class_list":{"0":"post-759614","1":"product","2":"type-product","3":"status-publish","5":"product_cat-edebiyat","6":"product_cat-fantastik","7":"pa_cilt-ciltsiz","8":"pa_tur-kitap","9":"pa_yayinevi-ithaki-yayinlari","10":"pa_yazar-christelle-dabos","12":"first","13":"instock","14":"sale","15":"shipping-taxable","16":"purchasable","17":"product-type-simple"},"_links":{"self":[{"href":"https:\/\/roveyayinevi.com.tr\/index.php\/wp-json\/wp\/v2\/product\/759614","targetHints":{"allow":["GET"]}}],"collection":[{"href":"https:\/\/roveyayinevi.com.tr\/index.php\/wp-json\/wp\/v2\/product"}],"about":[{"href":"https:\/\/roveyayinevi.com.tr\/index.php\/wp-json\/wp\/v2\/types\/product"}],"wp:attachment":[{"href":"https:\/\/roveyayinevi.com.tr\/index.php\/wp-json\/wp\/v2\/media?parent=759614"}],"wp:term":[{"taxonomy":"product_brand","embeddable":true,"href":"https:\/\/roveyayinevi.com.tr\/index.php\/wp-json\/wp\/v2\/product_brand?post=759614"},{"taxonomy":"product_cat","embeddable":true,"href":"https:\/\/roveyayinevi.com.tr\/index.php\/wp-json\/wp\/v2\/product_cat?post=759614"},{"taxonomy":"product_tag","embeddable":true,"href":"https:\/\/roveyayinevi.com.tr\/index.php\/wp-json\/wp\/v2\/product_tag?post=759614"}],"curies":[{"name":"wp","href":"https:\/\/api.w.org\/{rel}","templated":true}]}}