{"id":759613,"date":"2025-08-28T08:39:33","date_gmt":"2025-08-28T05:39:33","guid":{"rendered":"https:\/\/roveyayinevi.com.tr\/index.php\/urun\/dune-butleryan-cihadi\/"},"modified":"2026-04-16T03:12:36","modified_gmt":"2026-04-16T00:12:36","slug":"dune-butleryan-cihadi","status":"publish","type":"product","link":"https:\/\/roveyayinevi.com.tr\/index.php\/urun\/dune-butleryan-cihadi\/","title":{"rendered":"Dune: Butleryan Cihad\u0131"},"content":{"rendered":"<p>Paul Atreides\u2019in cihad\u0131na kadar s\u00fcren binlerce y\u0131ll\u0131k yolculu\u011fun ba\u015flang\u0131c\u0131n\u0131 anlatan Dune: Butleryan Cihad\u0131\u2019yla Dune Efsaneleri \u00fc\u00e7lemesi ba\u015fl\u0131yor!   Paul Atreides, Dune olarak bilinen \u00e7\u00f6l gezegenindeki Fremenlerin lideri Muad&#8217;Dib olmadan, \u015feytani Baron Harkonnen, Atreides Hanedan\u0131&#8217;n\u0131 yok etmeden ve baharat ile kumsolucanlar\u0131n\u0131n s\u0131rr\u0131 ke\u015ffedilmeden \u00e7ok uzun zaman \u00f6nce destans\u0131 bir hik\u00e2ye vard\u0131. Mentatlar\u0131n, Zens\u00fcnni Gezginlerinin ve Bene Gesseritlerin do\u011fu\u015funu i\u00e7eren bir hik\u00e2ye&#8230;   \u201cPolitik ve ticari evrenimizin ba\u015flang\u0131c\u0131, d\u00fc\u015f\u00fcnen makinelere kar\u015f\u0131 giri\u015filen bu korkun\u00e7 sava\u015ft\u0131. Robotlar\u0131n, bilgisayarlar\u0131n ve simeklerin h\u00e2kimiyetine kar\u015f\u0131 isyan eden \u00f6zg\u00fcr insanlar\u0131n hik\u00e2yesini anlat\u0131rken beni dinleyin. Atreides ve Harkonnen Hanedanlar\u0131n\u0131 \u00f6l\u00fcmc\u00fcl d\u00fc\u015fmanlar h\u00e2line getiren b\u00fcy\u00fck ihanetin, bug\u00fcne kadar s\u00fcren \u015fiddetli kan davas\u0131n\u0131n nedenini anlay\u0131n. Bene Gesserit Rahibeler Birli\u011fi\u2019nin, Uzay Loncas\u0131\u2019n\u0131n ve onlar\u0131n Y\u00f6nbulucular\u0131n\u0131n, Ginazl\u0131 K\u0131l\u0131\u00e7ustalar\u0131n\u0131n, Suk T\u0131p Okulu\u2019nun, mentatlar\u0131n k\u00f6klerini \u00f6\u011frenin. Zul\u00fcm alt\u0131ndaki Zens\u00fcnni Gezginlerinin \u00e7\u00f6l d\u00fcnyas\u0131 Arrakis\u2019e ka\u00e7\u0131\u015flar\u0131na ve orada, en b\u00fcy\u00fck askerlerimiz olan Fremenler h\u00e2line geli\u015flerine tan\u0131k olun.\u201d <\/p>\n","protected":false},"excerpt":{"rendered":"<p>Paul Atreides\u2019in cihad\u0131na kadar s\u00fcren binlerce y\u0131ll\u0131k yolculu\u011fun ba\u015flang\u0131c\u0131n\u0131 anlatan Dune: Butleryan Cihad\u0131\u2019yla Dune Efsaneleri \u00fc\u00e7lemesi ba\u015fl\u0131yor! Paul Atreides, Dune olarak bilinen \u00e7\u00f6l gezegenindeki Fremenlerin lideri<span class=\"excerpt-hellip\"> [\u2026]<\/span><\/p>\n","protected":false},"featured_media":0,"template":"","meta":{"_monsterinsights_skip_tracking":false,"_monsterinsights_sitenote_active":false,"_monsterinsights_sitenote_note":"","_monsterinsights_sitenote_category":0},"product_brand":[],"product_cat":[12540,12291],"product_tag":[],"class_list":{"0":"post-759613","1":"product","2":"type-product","3":"status-publish","5":"product_cat-bilim-kurgu","6":"product_cat-edebiyat","7":"pa_cilt-ciltsiz","8":"pa_tur-kitap","9":"pa_yayinevi-ithaki-yayinlari","10":"pa_yazar-brian-herbert-kevin-j-anderson","12":"first","13":"instock","14":"sale","15":"shipping-taxable","16":"purchasable","17":"product-type-simple"},"_links":{"self":[{"href":"https:\/\/roveyayinevi.com.tr\/index.php\/wp-json\/wp\/v2\/product\/759613","targetHints":{"allow":["GET"]}}],"collection":[{"href":"https:\/\/roveyayinevi.com.tr\/index.php\/wp-json\/wp\/v2\/product"}],"about":[{"href":"https:\/\/roveyayinevi.com.tr\/index.php\/wp-json\/wp\/v2\/types\/product"}],"wp:attachment":[{"href":"https:\/\/roveyayinevi.com.tr\/index.php\/wp-json\/wp\/v2\/media?parent=759613"}],"wp:term":[{"taxonomy":"product_brand","embeddable":true,"href":"https:\/\/roveyayinevi.com.tr\/index.php\/wp-json\/wp\/v2\/product_brand?post=759613"},{"taxonomy":"product_cat","embeddable":true,"href":"https:\/\/roveyayinevi.com.tr\/index.php\/wp-json\/wp\/v2\/product_cat?post=759613"},{"taxonomy":"product_tag","embeddable":true,"href":"https:\/\/roveyayinevi.com.tr\/index.php\/wp-json\/wp\/v2\/product_tag?post=759613"}],"curies":[{"name":"wp","href":"https:\/\/api.w.org\/{rel}","templated":true}]}}