{"id":759611,"date":"2025-08-28T08:39:30","date_gmt":"2025-08-28T05:39:30","guid":{"rendered":"https:\/\/roveyayinevi.com.tr\/index.php\/urun\/yirmi-ask-siiri-ve-bir-umutsuz-sarki\/"},"modified":"2026-04-16T03:12:36","modified_gmt":"2026-04-16T00:12:36","slug":"yirmi-ask-siiri-ve-bir-umutsuz-sarki","status":"publish","type":"product","link":"https:\/\/roveyayinevi.com.tr\/index.php\/urun\/yirmi-ask-siiri-ve-bir-umutsuz-sarki\/","title":{"rendered":"Yirmi A\u015fk \u015eiiri ve Bir Umutsuz \u015eark\u0131"},"content":{"rendered":"<p>Yirmi A\u015fk \u015eiiri ve Bir Umutsuz \u015eark\u0131, 1924 y\u0131l\u0131nda ilk bas\u0131ld\u0131\u011f\u0131nda k\u0131sa s\u00fcrede uluslararas\u0131 bir \u00fcne kavu\u015ftu. Sonraki y\u00fcz y\u0131l i\u00e7inde tazeli\u011finden hi\u00e7bir \u015fey kaybetmeden okunmaya devam ederek bir milyondan fazla \u015fiir ve edebiyat severle bulu\u015ftu. Y\u00fcz y\u0131ld\u0131r \u00e2\u015f\u0131klar ve edebiyat severler bu modern klasi\u011fi ellerinden d\u00fc\u015f\u00fcremediler.   \u201cPablo Neruda XX. y\u00fczy\u0131l\u0131n b\u00fct\u00fcn d\u00fcnya dilleri itibariyleen b\u00fcy\u00fck \u015fairidir.\u201d Gabriel Garc\u00eda M\u00e1rquez   \u201cNeruda bize bizim olan\u0131 geri verdi\u2026 bizi Avrupal\u0131 \u00e2\u015f\u0131klar\u0131n ve ilham perilerinin belirsiz kuram\u0131ndan kopar\u0131p, kanl\u0131 canl\u0131 ve somut bir kad\u0131n\u0131n kollar\u0131na att\u0131.\u201d Julio Cort\u00e1zar <\/p>\n","protected":false},"excerpt":{"rendered":"<p>Yirmi A\u015fk \u015eiiri ve Bir Umutsuz \u015eark\u0131, 1924 y\u0131l\u0131nda ilk bas\u0131ld\u0131\u011f\u0131nda k\u0131sa s\u00fcrede uluslararas\u0131 bir \u00fcne kavu\u015ftu. Sonraki y\u00fcz y\u0131l i\u00e7inde tazeli\u011finden hi\u00e7bir \u015fey kaybetmeden okunmaya<span class=\"excerpt-hellip\"> [\u2026]<\/span><\/p>\n","protected":false},"featured_media":0,"template":"","meta":{"_monsterinsights_skip_tracking":false,"_monsterinsights_sitenote_active":false,"_monsterinsights_sitenote_note":"","_monsterinsights_sitenote_category":0},"product_brand":[],"product_cat":[12291,12509],"product_tag":[],"class_list":{"0":"post-759611","1":"product","2":"type-product","3":"status-publish","5":"product_cat-edebiyat","6":"product_cat-siir","7":"pa_cilt-ciltsiz","8":"pa_tur-kitap","9":"pa_yayinevi-dogan-kitap","10":"pa_yazar-pablo-neruda","12":"first","13":"instock","14":"sale","15":"shipping-taxable","16":"purchasable","17":"product-type-simple"},"_links":{"self":[{"href":"https:\/\/roveyayinevi.com.tr\/index.php\/wp-json\/wp\/v2\/product\/759611","targetHints":{"allow":["GET"]}}],"collection":[{"href":"https:\/\/roveyayinevi.com.tr\/index.php\/wp-json\/wp\/v2\/product"}],"about":[{"href":"https:\/\/roveyayinevi.com.tr\/index.php\/wp-json\/wp\/v2\/types\/product"}],"wp:attachment":[{"href":"https:\/\/roveyayinevi.com.tr\/index.php\/wp-json\/wp\/v2\/media?parent=759611"}],"wp:term":[{"taxonomy":"product_brand","embeddable":true,"href":"https:\/\/roveyayinevi.com.tr\/index.php\/wp-json\/wp\/v2\/product_brand?post=759611"},{"taxonomy":"product_cat","embeddable":true,"href":"https:\/\/roveyayinevi.com.tr\/index.php\/wp-json\/wp\/v2\/product_cat?post=759611"},{"taxonomy":"product_tag","embeddable":true,"href":"https:\/\/roveyayinevi.com.tr\/index.php\/wp-json\/wp\/v2\/product_tag?post=759611"}],"curies":[{"name":"wp","href":"https:\/\/api.w.org\/{rel}","templated":true}]}}