{"id":759608,"date":"2025-08-28T08:39:26","date_gmt":"2025-08-28T05:39:26","guid":{"rendered":"https:\/\/roveyayinevi.com.tr\/index.php\/urun\/aryeres-feminen-tarot-kartlari\/"},"modified":"2026-04-16T03:12:36","modified_gmt":"2026-04-16T00:12:36","slug":"aryeres-feminen-tarot-kartlari","status":"publish","type":"product","link":"https:\/\/roveyayinevi.com.tr\/index.php\/urun\/aryeres-feminen-tarot-kartlari\/","title":{"rendered":"Aryeres Feminen Tarot Kartlar\u0131"},"content":{"rendered":"<p>Tarot kartlar\u0131, \u00e7a\u011flar boyunca insanlar\u0131n i\u00e7sel ke\u015fiflerine rehberlik eden gizemli ve ilham verici ara\u00e7lard\u0131r. Her biri sembolizm ve derin anlamlarla dolu olan bu kartlar, ge\u00e7mi\u015ften g\u00fcn\u00fcm\u00fcze pek \u00e7ok ki\u015fiye ilham kayna\u011f\u0131 olmu\u015ftur. Her kart\u0131n kendine \u00f6zg\u00fc bir sembolizmi, anlam\u0131 ve enerjisi vard\u0131r. Tarot 78 karttan olu\u015fur, 22 kartl\u0131k Maj\u00f6r arkana ve 56 karttan olu\u015fan min\u00f6r arkana olarak iki gruba ayr\u0131l\u0131r. Maj\u00f6r Arkana, b\u00fcy\u00fck s\u0131rlar\u0131, kadersel d\u00f6n\u00fcm noktalar\u0131n\u0131 ve ruhsal b\u00fcy\u00fcme s\u00fcrecini temsil ederken, Min\u00f6r Arkana, g\u00fcnl\u00fck ya\u015fam\u0131n daha pratik y\u00f6nlerini, duygular\u0131 ve ili\u015fkileri yans\u0131t\u0131r. \u2018\u2019Aryeres Feminen Tarot\u2019\u2019destesini Sultan G\u00fcner; klasik Waite Smith destesinden ilham alarak g\u00fcn\u00fcm\u00fcz teknolojisinin en yeni arac\u0131 olan yapay zek\u00e2 destekli olarak tasar\u0131m\u0131n\u0131 olu\u015fturmu\u015ftur. Bu destenin bir di\u011fer \u00f6zelli\u011fi ise klasik desteden farkl\u0131 olarak, kartlarda ki fig\u00fcrlerin di\u015fil formlarda betimlenmi\u015f olmas\u0131d\u0131r.Tarotun ilk ortaya \u00e7\u0131k\u0131\u015f d\u00f6neminde eril egemen bir d\u00fcnya vard\u0131 ve  baz\u0131 kartlarda kelimelere de eril bir cinsiyet y\u00fcklenmi\u015f oldu\u011fudur.Aryeres Feminen Tarot destesinde , Sultan G\u00fcner, ruhun evrimini anlatan bu kadim sembolizm kartlar\u0131n\u0131n neden cinsiyet kavram\u0131na s\u0131k\u0131\u015ft\u0131r\u0131lmaya \u00e7al\u0131\u015f\u0131ld\u0131\u011f\u0131n\u0131 sorgulayarak fig\u00fcrleri di\u015fil bask\u0131n tasar\u0131mlar ile de\u011fi\u015ftirmi\u015f ve y\u00fczlerine bak\u0131ld\u0131\u011f\u0131nda ise eril ve di\u015fil belirlenemeyen un\u0131sex karakterler se\u00e7erek tasarlam\u0131\u015ft\u0131r.Tarot severler i\u00e7in koleksiyonluk olan bu \u00f6zel deste ile keyifli a\u00e7\u0131l\u0131mlar yapman\u0131z dile\u011fiyle. <\/p>\n","protected":false},"excerpt":{"rendered":"<p>Tarot kartlar\u0131, \u00e7a\u011flar boyunca insanlar\u0131n i\u00e7sel ke\u015fiflerine rehberlik eden gizemli ve ilham verici ara\u00e7lard\u0131r. Her biri sembolizm ve derin anlamlarla dolu olan bu kartlar, ge\u00e7mi\u015ften g\u00fcn\u00fcm\u00fcze<span class=\"excerpt-hellip\"> [\u2026]<\/span><\/p>\n","protected":false},"featured_media":0,"template":"","meta":{"_monsterinsights_skip_tracking":false,"_monsterinsights_sitenote_active":false,"_monsterinsights_sitenote_note":"","_monsterinsights_sitenote_category":0},"product_brand":[],"product_cat":[19840,12364],"product_tag":[],"class_list":{"0":"post-759608","1":"product","2":"type-product","3":"status-publish","5":"product_cat-astroloji","6":"product_cat-genel-konular","7":"pa_cilt-ciltsiz","8":"pa_tur-kitap20","9":"pa_yayinevi-kirmizi-ada-yayinlari","10":"pa_yazar-sultan-guner","12":"first","13":"instock","14":"sale","15":"shipping-taxable","16":"purchasable","17":"product-type-simple"},"_links":{"self":[{"href":"https:\/\/roveyayinevi.com.tr\/index.php\/wp-json\/wp\/v2\/product\/759608","targetHints":{"allow":["GET"]}}],"collection":[{"href":"https:\/\/roveyayinevi.com.tr\/index.php\/wp-json\/wp\/v2\/product"}],"about":[{"href":"https:\/\/roveyayinevi.com.tr\/index.php\/wp-json\/wp\/v2\/types\/product"}],"wp:attachment":[{"href":"https:\/\/roveyayinevi.com.tr\/index.php\/wp-json\/wp\/v2\/media?parent=759608"}],"wp:term":[{"taxonomy":"product_brand","embeddable":true,"href":"https:\/\/roveyayinevi.com.tr\/index.php\/wp-json\/wp\/v2\/product_brand?post=759608"},{"taxonomy":"product_cat","embeddable":true,"href":"https:\/\/roveyayinevi.com.tr\/index.php\/wp-json\/wp\/v2\/product_cat?post=759608"},{"taxonomy":"product_tag","embeddable":true,"href":"https:\/\/roveyayinevi.com.tr\/index.php\/wp-json\/wp\/v2\/product_tag?post=759608"}],"curies":[{"name":"wp","href":"https:\/\/api.w.org\/{rel}","templated":true}]}}