{"id":759606,"date":"2025-08-28T08:39:24","date_gmt":"2025-08-28T05:39:24","guid":{"rendered":"https:\/\/roveyayinevi.com.tr\/index.php\/urun\/kadin-ve-tasavvuf\/"},"modified":"2026-04-16T03:12:36","modified_gmt":"2026-04-16T00:12:36","slug":"kadin-ve-tasavvuf","status":"publish","type":"product","link":"https:\/\/roveyayinevi.com.tr\/index.php\/urun\/kadin-ve-tasavvuf\/","title":{"rendered":"Kad\u0131n ve Tasavvuf"},"content":{"rendered":"<p>\u0130sl\u00e2m\u00ee gelenek, Allah\u2019\u0131n \u00c2dem\u2019e \u015f\u00f6yle seslendi\u011fini bildirir: \u201cBen rahmetimi kulum Havv\u00e2\u2019n\u0131n \u015fahs\u0131nda senin i\u00e7in toplad\u0131m\u201d ve \u201cEy \u00c2dem, m\u00fcmine bir kad\u0131ndan daha hay\u0131rl\u0131 bir rahmet olamaz.\u201d Tasavvuf\u00ee bak\u0131\u015f a\u00e7\u0131s\u0131 bu s\u00f6zleri \u015f\u00f6yle yorumlar: Allah, rahmetiyle insan\u0131n nefsini var etmi\u015ftir. E\u011fer o nefis mutmain mertebesine ula\u015f\u0131p m\u00fcmin olursa be\u015feri insan makam\u0131na y\u00fckseltir ve Allah\u2019\u0131n ondaki tecell\u00eesiyle m\u00fck\u00e2fatland\u0131r\u0131r ki bu da en hay\u0131rl\u0131 rahmettir. Dolay\u0131s\u0131yla tasavvufta di\u015fi nefsi, erkek ise akl\u0131 temsil eder. Ve nefis, \u015fik\u00e2yet edilmesi de\u011fil, bilakis \u015f\u00fckredilmesi gereken bir tek\u00e2m\u00fcl f\u0131rsat\u0131d\u0131r. Akl\u0131n nefse, nefsin de akla ihtiyac\u0131 vard\u0131r. Bu ger\u00e7ek, Kur\u2019an\u2019da \u015f\u00f6yle bildirilir: \u201cSiz kad\u0131nlar\u0131n\u0131z i\u00e7in bir elbisesiniz, kad\u0131nlar\u0131n\u0131z da sizin i\u00e7in bir elbisedir.\u201d   Hz. Peygamber (s.a.s) \u201cKad\u0131n ve erkek birbirlerinin iki yar\u0131s\u0131d\u0131r.\u201d derken Hucur\u00e2t S\u00fbresi\u2019nde buyurulan \u201cEy insanlar! \u015e\u00fcphesiz sizi bir erkek ile bir di\u015fiden yaratt\u0131k.\u201d \u00e2yetinin yorumunu yapm\u0131\u015ft\u0131r. Ve O\u2019nun (s.a.s) \u201cKad\u0131nlar, ak\u0131l ve g\u00f6n\u00fcl sahibi erkeklere h\u00fckmederler.\u201d s\u00f6z\u00fc de kad\u0131n\u0131n Allah\u2019\u0131n z\u00e2t\u0131ndan bir nur oldu\u011funu a\u00e7\u0131klamaktad\u0131r.   Nihayet diyebiliriz ki: \u201cEy Allah\u2019\u0131n Cem\u00e2li olan kad\u0131n, sen ki Allah\u2019\u0131n Rahmet ve Rah\u00eem tecell\u00eelerinin kayna\u011f\u0131s\u0131n. E\u011fer Yaradan, erkek ve kad\u0131n kutuplarda g\u00f6r\u00fcn\u00fcp kendinden kendine \u00e2\u015f\u0131k olmasayd\u0131 O\u2019nu nas\u0131l tan\u0131y\u0131p idrak edebilirdik.\u201d   ***   Elinizdeki bu kitapta; Cem\u00e2lnur Sargut, Dr. Karim D. Crow, Dr. Anna Bigelow, Prof. Dr. Az\u00eezan Baharuddin, Rabia Brodbeck Uzun, Prof. Dr. Suad el-Hak\u00eem, Prof. Dr. Mehmet Demirci, Prof. Dr. Carl W. Ernst, Dr. F. Cang\u00fczel G\u00fcner Z\u00fclfikar, Sad\u0131k Yals\u0131zu\u00e7anlar gibi k\u0131ymetli isimlerin \u201cKad\u0131n ve Tasavvuf\u201d \u00fczerine kaleme ald\u0131klar\u0131 yaz\u0131lar\u0131 okuyacaks\u0131n\u0131z. <\/p>\n","protected":false},"excerpt":{"rendered":"<p>\u0130sl\u00e2m\u00ee gelenek, Allah\u2019\u0131n \u00c2dem\u2019e \u015f\u00f6yle seslendi\u011fini bildirir: \u201cBen rahmetimi kulum Havv\u00e2\u2019n\u0131n \u015fahs\u0131nda senin i\u00e7in toplad\u0131m\u201d ve \u201cEy \u00c2dem, m\u00fcmine bir kad\u0131ndan daha hay\u0131rl\u0131 bir rahmet olamaz.\u201d<span class=\"excerpt-hellip\"> [\u2026]<\/span><\/p>\n","protected":false},"featured_media":0,"template":"","meta":{"_monsterinsights_skip_tracking":false,"_monsterinsights_sitenote_active":false,"_monsterinsights_sitenote_note":"","_monsterinsights_sitenote_category":0},"product_brand":[],"product_cat":[12718,12719,15238],"product_tag":[],"class_list":{"0":"post-759606","1":"product","2":"type-product","3":"status-publish","5":"product_cat-din","6":"product_cat-islam","7":"product_cat-tasavvuf","8":"pa_cilt-ciltsiz","9":"pa_tur-kitap","10":"pa_yayinevi-nefes-yayincilik","11":"pa_yazar-kolektif","13":"first","14":"instock","15":"sale","16":"shipping-taxable","17":"purchasable","18":"product-type-simple"},"_links":{"self":[{"href":"https:\/\/roveyayinevi.com.tr\/index.php\/wp-json\/wp\/v2\/product\/759606","targetHints":{"allow":["GET"]}}],"collection":[{"href":"https:\/\/roveyayinevi.com.tr\/index.php\/wp-json\/wp\/v2\/product"}],"about":[{"href":"https:\/\/roveyayinevi.com.tr\/index.php\/wp-json\/wp\/v2\/types\/product"}],"wp:attachment":[{"href":"https:\/\/roveyayinevi.com.tr\/index.php\/wp-json\/wp\/v2\/media?parent=759606"}],"wp:term":[{"taxonomy":"product_brand","embeddable":true,"href":"https:\/\/roveyayinevi.com.tr\/index.php\/wp-json\/wp\/v2\/product_brand?post=759606"},{"taxonomy":"product_cat","embeddable":true,"href":"https:\/\/roveyayinevi.com.tr\/index.php\/wp-json\/wp\/v2\/product_cat?post=759606"},{"taxonomy":"product_tag","embeddable":true,"href":"https:\/\/roveyayinevi.com.tr\/index.php\/wp-json\/wp\/v2\/product_tag?post=759606"}],"curies":[{"name":"wp","href":"https:\/\/api.w.org\/{rel}","templated":true}]}}