{"id":759605,"date":"2025-08-28T08:39:23","date_gmt":"2025-08-28T05:39:23","guid":{"rendered":"https:\/\/roveyayinevi.com.tr\/index.php\/urun\/havala\/"},"modified":"2026-04-16T03:12:36","modified_gmt":"2026-04-16T00:12:36","slug":"havala","status":"publish","type":"product","link":"https:\/\/roveyayinevi.com.tr\/index.php\/urun\/havala\/","title":{"rendered":"Havala"},"content":{"rendered":"<p>\u2022 Uyu\u015fturucu ka\u00e7ak\u00e7\u0131l\u0131\u011f\u0131, g\u00f6\u00e7men krizi, ter\u00f6r finansman\u0131&#8230; Bu \u00fc\u00e7 b\u00fcy\u00fck sorun nerede bulu\u015fuyor?\u2022 T\u00fcrkiye\u2019ye giren uyu\u015fturucu paras\u0131 nas\u0131l bir yolla aklan\u0131yor?\u2022 Uyu\u015fturucu tacirleri ve kara para sahipleri milyonlarca dolar\u0131 yurtd\u0131\u015f\u0131na \u00e7\u0131karmak i\u00e7in hangi y\u00f6ntemleri deniyorlar?\u2022 D\u00f6viz b\u00fcrolar\u0131 ve kuyumcular\u0131n kara para ak\u0131\u015f\u0131ndaki rol\u00fc ne?\u2022 Kokain ticaretinde muz ithalat\u0131 neden en kullan\u0131\u015fl\u0131 y\u00f6ntem?\u2022 Varl\u0131k Bar\u0131\u015f\u0131\u2019ndan yararlanan su\u00e7lular kimler?\u2022 Varl\u0131k Bar\u0131\u015f\u0131 hangi amaca hizmet etti?\u2022 Her ge\u00e7en g\u00fcn geli\u015fen teknolojiye ra\u011fmen, uluslararas\u0131 su\u00e7 \u00f6rg\u00fctleri neden \u201cgeleneksel\u201d para aktarma sistemini kullan\u0131yorlar? \u2022 T\u00fcm d\u00fcnyay\u0131 ilgilendiren \u201cHavala\u201d nedir? T\u00fcrkiye\u2019de kimler kullan\u0131yor?Gazeteci Murat A\u011f\u0131rel, bu kitapta T\u00fcrkiye\u2019de son y\u0131llarda giderek daha s\u0131k duydu\u011fumuz para transferi sistemi \u201cHavala\u201dy\u0131 ve kara paran\u0131n nas\u0131l akland\u0131\u011f\u0131n\u0131 masaya yat\u0131r\u0131yor.<\/p>\n","protected":false},"excerpt":{"rendered":"<p>\u2022 Uyu\u015fturucu ka\u00e7ak\u00e7\u0131l\u0131\u011f\u0131, g\u00f6\u00e7men krizi, ter\u00f6r finansman\u0131&#8230; Bu \u00fc\u00e7 b\u00fcy\u00fck sorun nerede bulu\u015fuyor?\u2022 T\u00fcrkiye\u2019ye giren uyu\u015fturucu paras\u0131 nas\u0131l bir yolla aklan\u0131yor?\u2022 Uyu\u015fturucu tacirleri ve kara para<span class=\"excerpt-hellip\"> [\u2026]<\/span><\/p>\n","protected":false},"featured_media":0,"template":"","meta":{"_monsterinsights_skip_tracking":false,"_monsterinsights_sitenote_active":false,"_monsterinsights_sitenote_note":"","_monsterinsights_sitenote_category":0},"product_brand":[],"product_cat":[13590,12337],"product_tag":[],"class_list":{"0":"post-759605","1":"product","2":"type-product","3":"status-publish","5":"product_cat-arastirma-inceleme-politika-siyaset","6":"product_cat-politika-siyaset","7":"pa_cilt-ciltsiz","8":"pa_tur-kitap","9":"pa_yayinevi-kirmizi-kedi-yayinevi","10":"pa_yazar-murat-agirel","12":"first","13":"instock","14":"sale","15":"shipping-taxable","16":"purchasable","17":"product-type-simple"},"_links":{"self":[{"href":"https:\/\/roveyayinevi.com.tr\/index.php\/wp-json\/wp\/v2\/product\/759605","targetHints":{"allow":["GET"]}}],"collection":[{"href":"https:\/\/roveyayinevi.com.tr\/index.php\/wp-json\/wp\/v2\/product"}],"about":[{"href":"https:\/\/roveyayinevi.com.tr\/index.php\/wp-json\/wp\/v2\/types\/product"}],"wp:attachment":[{"href":"https:\/\/roveyayinevi.com.tr\/index.php\/wp-json\/wp\/v2\/media?parent=759605"}],"wp:term":[{"taxonomy":"product_brand","embeddable":true,"href":"https:\/\/roveyayinevi.com.tr\/index.php\/wp-json\/wp\/v2\/product_brand?post=759605"},{"taxonomy":"product_cat","embeddable":true,"href":"https:\/\/roveyayinevi.com.tr\/index.php\/wp-json\/wp\/v2\/product_cat?post=759605"},{"taxonomy":"product_tag","embeddable":true,"href":"https:\/\/roveyayinevi.com.tr\/index.php\/wp-json\/wp\/v2\/product_tag?post=759605"}],"curies":[{"name":"wp","href":"https:\/\/api.w.org\/{rel}","templated":true}]}}