{"id":759603,"date":"2025-08-28T08:39:20","date_gmt":"2025-08-28T05:39:20","guid":{"rendered":"https:\/\/roveyayinevi.com.tr\/index.php\/urun\/dudak-yarasi\/"},"modified":"2026-04-16T03:12:36","modified_gmt":"2026-04-16T00:12:36","slug":"dudak-yarasi","status":"publish","type":"product","link":"https:\/\/roveyayinevi.com.tr\/index.php\/urun\/dudak-yarasi\/","title":{"rendered":"Dudak Yaras\u0131"},"content":{"rendered":"<p>ya\u011fmur kokusunda pas tutmu\u015f \u00e7o\u011ful yaln\u0131zl\u0131klar\u0131mdan kalm\u0131\u015f gebe s\u00f6zc\u00fcklerim uzunca bir yolun teri d\u00fc\u015ft\u00fc yorgunlu\u011fuma emeksiz sevdalar\u0131n zenginlikleri i\u00e7ersindeyiz yeni bir \u00e7a\u011f\u0131n ge\u00e7mi\u015f \u00e7\u0131rakl\u0131\u011f\u0131nda yan\u0131yoruz soyunmak m\u0131 istersin ac\u0131mas\u0131z d\u00fcnyan\u0131n kibrine   geldik ve gidiyoruz   \u00fc\u00e7 g\u00fcnl\u00fck uykumuzun \u00f6l\u00fcm sersemli\u011finde ya\u011fmur kokusundaki toprak   binlerce insan\u0131n an\u0131lar\u0131n\u0131 saklam\u0131\u015f\u00e7as\u0131na geliyor <\/p>\n","protected":false},"excerpt":{"rendered":"<p>ya\u011fmur kokusunda pas tutmu\u015f \u00e7o\u011ful yaln\u0131zl\u0131klar\u0131mdan kalm\u0131\u015f gebe s\u00f6zc\u00fcklerim uzunca bir yolun teri d\u00fc\u015ft\u00fc yorgunlu\u011fuma emeksiz sevdalar\u0131n zenginlikleri i\u00e7ersindeyiz yeni bir \u00e7a\u011f\u0131n ge\u00e7mi\u015f \u00e7\u0131rakl\u0131\u011f\u0131nda yan\u0131yoruz soyunmak<span class=\"excerpt-hellip\"> [\u2026]<\/span><\/p>\n","protected":false},"featured_media":0,"template":"","meta":{"_monsterinsights_skip_tracking":false,"_monsterinsights_sitenote_active":false,"_monsterinsights_sitenote_note":"","_monsterinsights_sitenote_category":0},"product_brand":[],"product_cat":[12291,12509],"product_tag":[],"class_list":{"0":"post-759603","1":"product","2":"type-product","3":"status-publish","5":"product_cat-edebiyat","6":"product_cat-siir","7":"pa_cilt-ciltsiz","8":"pa_tur-kitap","9":"pa_yayinevi-doksan-dokuz-yayinlari","10":"pa_yazar-niyazi-yangin","12":"first","13":"instock","14":"sale","15":"shipping-taxable","16":"purchasable","17":"product-type-simple"},"_links":{"self":[{"href":"https:\/\/roveyayinevi.com.tr\/index.php\/wp-json\/wp\/v2\/product\/759603","targetHints":{"allow":["GET"]}}],"collection":[{"href":"https:\/\/roveyayinevi.com.tr\/index.php\/wp-json\/wp\/v2\/product"}],"about":[{"href":"https:\/\/roveyayinevi.com.tr\/index.php\/wp-json\/wp\/v2\/types\/product"}],"wp:attachment":[{"href":"https:\/\/roveyayinevi.com.tr\/index.php\/wp-json\/wp\/v2\/media?parent=759603"}],"wp:term":[{"taxonomy":"product_brand","embeddable":true,"href":"https:\/\/roveyayinevi.com.tr\/index.php\/wp-json\/wp\/v2\/product_brand?post=759603"},{"taxonomy":"product_cat","embeddable":true,"href":"https:\/\/roveyayinevi.com.tr\/index.php\/wp-json\/wp\/v2\/product_cat?post=759603"},{"taxonomy":"product_tag","embeddable":true,"href":"https:\/\/roveyayinevi.com.tr\/index.php\/wp-json\/wp\/v2\/product_tag?post=759603"}],"curies":[{"name":"wp","href":"https:\/\/api.w.org\/{rel}","templated":true}]}}