{"id":759601,"date":"2025-08-28T08:39:17","date_gmt":"2025-08-28T05:39:17","guid":{"rendered":"https:\/\/roveyayinevi.com.tr\/index.php\/urun\/cevre-kahramanlari-sifir-atik-pesinde\/"},"modified":"2026-04-16T03:12:36","modified_gmt":"2026-04-16T00:12:36","slug":"cevre-kahramanlari-sifir-atik-pesinde","status":"publish","type":"product","link":"https:\/\/roveyayinevi.com.tr\/index.php\/urun\/cevre-kahramanlari-sifir-atik-pesinde\/","title":{"rendered":"\u00c7evre Kahramanlar\u0131 S\u0131f\u0131r At\u0131k Pe\u015finde"},"content":{"rendered":"<p>Pelin ile Kemal yaz tatilinin tad\u0131n\u0131 \u00e7\u0131kar\u0131rken Profes\u00f6r Dodo, onlar\u0131 yepyeni bir maceraya davet eder. Pelin ve Kemal, gelece\u011fi kurtarmak i\u00e7in bu sefer ge\u00e7mi\u015fe yolculuk yaparlar. Ge\u00e7mi\u015fte \u00e7ok daha az at\u0131\u011f\u0131n ortaya \u00e7\u0131kt\u0131\u011f\u0131n\u0131 g\u00f6ren \u00c7evre Kahramanlar\u0131, R\u00fcyalar Orman\u0131\u2019n\u0131 yeniden g\u00fczelle\u015ftirmek i\u00e7in\u00e7al\u0131\u015fmalara ba\u015flarlar. Gelece\u011fi ayd\u0131nlatmak ve s\u00fcrd\u00fcr\u00fclebilir ya\u015fam\u0131 en e\u011flenceli \u015fekilde hayata ge\u00e7irmek i\u00e7in \u00c7evre Kahramanlar\u0131 yeniden bir arada!<\/p>\n","protected":false},"excerpt":{"rendered":"<p>Pelin ile Kemal yaz tatilinin tad\u0131n\u0131 \u00e7\u0131kar\u0131rken Profes\u00f6r Dodo, onlar\u0131 yepyeni bir maceraya davet eder. Pelin ve Kemal, gelece\u011fi kurtarmak i\u00e7in bu sefer ge\u00e7mi\u015fe yolculuk yaparlar.<span class=\"excerpt-hellip\"> [\u2026]<\/span><\/p>\n","protected":false},"featured_media":0,"template":"","meta":{"_monsterinsights_skip_tracking":false,"_monsterinsights_sitenote_active":false,"_monsterinsights_sitenote_note":"","_monsterinsights_sitenote_category":0},"product_brand":[],"product_cat":[12274],"product_tag":[],"class_list":{"0":"post-759601","1":"product","2":"type-product","3":"status-publish","5":"product_cat-cocuk-ve-genclik-kitaplari","6":"pa_cilt-ciltsiz","7":"pa_tur-kitap","8":"pa_yayinevi-masalperest-ozel-urun","9":"pa_yazar-dogan-akdogan","11":"first","12":"instock","13":"sale","14":"shipping-taxable","15":"purchasable","16":"product-type-simple"},"_links":{"self":[{"href":"https:\/\/roveyayinevi.com.tr\/index.php\/wp-json\/wp\/v2\/product\/759601","targetHints":{"allow":["GET"]}}],"collection":[{"href":"https:\/\/roveyayinevi.com.tr\/index.php\/wp-json\/wp\/v2\/product"}],"about":[{"href":"https:\/\/roveyayinevi.com.tr\/index.php\/wp-json\/wp\/v2\/types\/product"}],"wp:attachment":[{"href":"https:\/\/roveyayinevi.com.tr\/index.php\/wp-json\/wp\/v2\/media?parent=759601"}],"wp:term":[{"taxonomy":"product_brand","embeddable":true,"href":"https:\/\/roveyayinevi.com.tr\/index.php\/wp-json\/wp\/v2\/product_brand?post=759601"},{"taxonomy":"product_cat","embeddable":true,"href":"https:\/\/roveyayinevi.com.tr\/index.php\/wp-json\/wp\/v2\/product_cat?post=759601"},{"taxonomy":"product_tag","embeddable":true,"href":"https:\/\/roveyayinevi.com.tr\/index.php\/wp-json\/wp\/v2\/product_tag?post=759601"}],"curies":[{"name":"wp","href":"https:\/\/api.w.org\/{rel}","templated":true}]}}