{"id":759600,"date":"2025-08-28T08:39:16","date_gmt":"2025-08-28T05:39:16","guid":{"rendered":"https:\/\/roveyayinevi.com.tr\/index.php\/urun\/karinca-sensin\/"},"modified":"2026-04-11T14:27:42","modified_gmt":"2026-04-11T11:27:42","slug":"karinca-sensin","status":"publish","type":"product","link":"https:\/\/roveyayinevi.com.tr\/index.php\/urun\/karinca-sensin\/","title":{"rendered":"Kar\u0131nca Sensin"},"content":{"rendered":"<p>\u00d6yk\u00fc \u015eahin, Kar\u0131nca Sensin\u2019de, iyile\u015fme yolculu\u011funda kazand\u0131\u011f\u0131 ki\u015fisel g\u00fc\u00e7, denge ve esnekli\u011fi okurlar\u0131yla payla\u015f\u0131yor. Yogayla ba\u015flayan bu iyile\u015fme hik\u00e2yesi, kundalini uyan\u0131\u015f\u0131 ve manifest etme s\u00fcreci ile iyice derinle\u015fiyor. Teorik bilgileri, kendi hayat\u0131ndan verdi\u011fi \u00f6rneklerle peki\u015ftiren yazar, okurlar\u0131na hayata kar\u015f\u0131 daha geni\u015f bir perspektif kazand\u0131rmay\u0131 hedefliyor. Yal\u0131n ve incelikli anlat\u0131m\u0131yla Kar\u0131nca Sensin, bu deneyimleri do\u011frudan ya\u015fam\u0131\u015f birinin anlat\u0131m\u0131ndaki i\u00e7tenlikle birle\u015ftirip hayat yolculu\u011funuzda size ger\u00e7ek\u00e7i bir \u015fekilde rehberlik etmeyi ama\u00e7l\u0131yor.  \u201cBu kitapta tam olarak istedi\u011finiz hayat\u0131 ya\u015famay\u0131 normalle\u015ftirmek i\u00e7in arad\u0131\u011f\u0131n\u0131z her \u015feyi bulaca\u011f\u0131n\u0131za inan\u0131yorum. Kitab\u0131 bitirdi\u011finizde kendiniz ve hayat\u0131n\u0131zla ilgili bir\u00e7ok konuyu zihninizde ve kalbinizde yerli yerine oturttu\u011funuzu ve tam olarak istedi\u011finiz hayata giden yolun belirginle\u015fti\u011fini g\u00f6rmek sizi \u015fa\u015f\u0131rtmas\u0131n.\u201d<\/p>\n","protected":false},"excerpt":{"rendered":"<p>\u00d6yk\u00fc \u015eahin, Kar\u0131nca Sensin\u2019de, iyile\u015fme yolculu\u011funda kazand\u0131\u011f\u0131 ki\u015fisel g\u00fc\u00e7, denge ve esnekli\u011fi okurlar\u0131yla payla\u015f\u0131yor. Yogayla ba\u015flayan bu iyile\u015fme hik\u00e2yesi, kundalini uyan\u0131\u015f\u0131 ve manifest etme s\u00fcreci ile<span class=\"excerpt-hellip\"> [\u2026]<\/span><\/p>\n","protected":false},"featured_media":0,"template":"","meta":{"_monsterinsights_skip_tracking":false,"_monsterinsights_sitenote_active":false,"_monsterinsights_sitenote_note":"","_monsterinsights_sitenote_category":0},"product_brand":[],"product_cat":[12364,12376],"product_tag":[],"class_list":{"0":"post-759600","1":"product","2":"type-product","3":"status-publish","5":"product_cat-genel-konular","6":"product_cat-kisisel-gelisim","7":"pa_cilt-ciltsiz","8":"pa_tur-kitap","9":"pa_yayinevi-nemesis-kitap","10":"pa_yazar-oyku-sahin","12":"first","13":"instock","14":"sale","15":"shipping-taxable","16":"purchasable","17":"product-type-simple"},"_links":{"self":[{"href":"https:\/\/roveyayinevi.com.tr\/index.php\/wp-json\/wp\/v2\/product\/759600","targetHints":{"allow":["GET"]}}],"collection":[{"href":"https:\/\/roveyayinevi.com.tr\/index.php\/wp-json\/wp\/v2\/product"}],"about":[{"href":"https:\/\/roveyayinevi.com.tr\/index.php\/wp-json\/wp\/v2\/types\/product"}],"wp:attachment":[{"href":"https:\/\/roveyayinevi.com.tr\/index.php\/wp-json\/wp\/v2\/media?parent=759600"}],"wp:term":[{"taxonomy":"product_brand","embeddable":true,"href":"https:\/\/roveyayinevi.com.tr\/index.php\/wp-json\/wp\/v2\/product_brand?post=759600"},{"taxonomy":"product_cat","embeddable":true,"href":"https:\/\/roveyayinevi.com.tr\/index.php\/wp-json\/wp\/v2\/product_cat?post=759600"},{"taxonomy":"product_tag","embeddable":true,"href":"https:\/\/roveyayinevi.com.tr\/index.php\/wp-json\/wp\/v2\/product_tag?post=759600"}],"curies":[{"name":"wp","href":"https:\/\/api.w.org\/{rel}","templated":true}]}}