{"id":759599,"date":"2025-08-28T08:39:14","date_gmt":"2025-08-28T05:39:14","guid":{"rendered":"https:\/\/roveyayinevi.com.tr\/index.php\/urun\/abus\/"},"modified":"2026-04-16T03:12:36","modified_gmt":"2026-04-16T00:12:36","slug":"abus","status":"publish","type":"product","link":"https:\/\/roveyayinevi.com.tr\/index.php\/urun\/abus\/","title":{"rendered":"Abus"},"content":{"rendered":"<p>Abus&#8230;Merhametin hor g\u00f6r\u00fcld\u00fc\u011f\u00fc, iyili\u011fin su\u00e7 oldu\u011fu, vicdan\u0131 kara \u015fehir&#8230;Ve \u00f6yle bir \u015fehir ki; iklimi yumu\u015fak, topra\u011f\u0131 verimli, havas\u0131 temiz, suyu berrak, kaynaklar\u0131 bol\u2026 Denizin kokusu \u00fczerinde\u2026 Baharda a\u00e7an pembe beyaz \u00e7i\u00e7eklerin kokusuyla birlikte\u2026Var m\u0131d\u0131r d\u00fcnyada b\u00f6yle bir \u015fehir?Hayal \u00fcr\u00fcn\u00fc m\u00fcd\u00fcr Abus yoksa ger\u00e7ek midir?Oras\u0131n\u0131 okur kestirecek&#8230;  \u201cLakin d\u00fcnya karanl\u0131\u011f\u0131 da sever, yapamaz onsuz da neticede. \u015eartt\u0131r hatta\u2026 A\u011flayan da g\u00fclen de daha samimidir gecede. Gizlenmek, gizlemek kolayla\u015f\u0131r. \u0130nsan saklanmaya da ihtiya\u00e7 duyar, nihayetinde. G\u00f6zya\u015flar\u0131n\u0131, \u00e7\u0131lg\u0131n kahkahalar\u0131n\u0131, d\u0131\u015far\u0131ya f\u0131\u015fk\u0131ran hasedini, \u015ferrini, yumu\u015fakl\u0131\u011f\u0131n\u0131, zavall\u0131l\u0131klar\u0131n\u0131, \u015fehvetini, tutkusunu\u2026 Muhafazal\u0131 bir kutuda saklad\u0131\u011f\u0131 her hissini, tabiat\u0131n\u0131n g\u00f6stermek istemedi\u011fi taraflar\u0131n\u0131 isterse karanl\u0131kta a\u00e7\u0131\u011fa \u00e7\u0131kar\u0131r. Kutuyu kar\u0131\u015ft\u0131r\u0131p ortaya d\u00f6kmek daha kolayd\u0131r gecede. Karanl\u0131k, yaln\u0131zl\u0131\u011f\u0131n da s\u00fcs\u00fcd\u00fcr. G\u00fcnahlar i\u00e7ine g\u00f6m\u00fclmeye ve unutulmaya b\u0131rak\u0131l\u0131r. Belki de o y\u00fczden kararm\u0131\u015ft\u0131r gece. Kim bilir? Her ne ise\u2026 G\u00fcnd\u00fcz\u00fcn \u0131\u015f\u0131\u011f\u0131 ne kadar gerekliyse gecenin karas\u0131 da ihtiya\u00e7t\u0131r.Abus \u015fehrinin insanlar\u0131 da birazdan gecenin kollar\u0131na b\u0131rakacaklar kendilerini. Baz\u0131lar\u0131 gev\u015feyerek, baz\u0131lar\u0131n\u0131n i\u00e7 s\u0131k\u0131nt\u0131s\u0131 artm\u0131\u015f bir h\u00e2lde, baz\u0131lar\u0131n\u0131n ise i\u00e7leri k\u0131p\u0131r k\u0131p\u0131r\u2026 Kimileri de b\u00fct\u00fcn g\u00fcn kendilerini s\u0131k\u0131p, her ne sebeple oldu\u011funu onlar bilir, i\u00e7lerinde tuttuklar\u0131 nefesi b\u0131rakmak i\u00e7in\u2026\u201d<\/p>\n","protected":false},"excerpt":{"rendered":"<p>Abus&#8230;Merhametin hor g\u00f6r\u00fcld\u00fc\u011f\u00fc, iyili\u011fin su\u00e7 oldu\u011fu, vicdan\u0131 kara \u015fehir&#8230;Ve \u00f6yle bir \u015fehir ki; iklimi yumu\u015fak, topra\u011f\u0131 verimli, havas\u0131 temiz, suyu berrak, kaynaklar\u0131 bol\u2026 Denizin kokusu \u00fczerinde\u2026<span class=\"excerpt-hellip\"> [\u2026]<\/span><\/p>\n","protected":false},"featured_media":0,"template":"","meta":{"_monsterinsights_skip_tracking":false,"_monsterinsights_sitenote_active":false,"_monsterinsights_sitenote_note":"","_monsterinsights_sitenote_category":0},"product_brand":[],"product_cat":[12291,12711],"product_tag":[],"class_list":{"0":"post-759599","1":"product","2":"type-product","3":"status-publish","5":"product_cat-edebiyat","6":"product_cat-roman-oyku","7":"pa_cilt-ciltsiz","8":"pa_tur-kitap","9":"pa_yayinevi-otuken-nesriyat","10":"pa_yazar-berna-guzey","12":"first","13":"instock","14":"sale","15":"shipping-taxable","16":"purchasable","17":"product-type-simple"},"_links":{"self":[{"href":"https:\/\/roveyayinevi.com.tr\/index.php\/wp-json\/wp\/v2\/product\/759599","targetHints":{"allow":["GET"]}}],"collection":[{"href":"https:\/\/roveyayinevi.com.tr\/index.php\/wp-json\/wp\/v2\/product"}],"about":[{"href":"https:\/\/roveyayinevi.com.tr\/index.php\/wp-json\/wp\/v2\/types\/product"}],"wp:attachment":[{"href":"https:\/\/roveyayinevi.com.tr\/index.php\/wp-json\/wp\/v2\/media?parent=759599"}],"wp:term":[{"taxonomy":"product_brand","embeddable":true,"href":"https:\/\/roveyayinevi.com.tr\/index.php\/wp-json\/wp\/v2\/product_brand?post=759599"},{"taxonomy":"product_cat","embeddable":true,"href":"https:\/\/roveyayinevi.com.tr\/index.php\/wp-json\/wp\/v2\/product_cat?post=759599"},{"taxonomy":"product_tag","embeddable":true,"href":"https:\/\/roveyayinevi.com.tr\/index.php\/wp-json\/wp\/v2\/product_tag?post=759599"}],"curies":[{"name":"wp","href":"https:\/\/api.w.org\/{rel}","templated":true}]}}