{"id":759598,"date":"2025-08-28T08:39:12","date_gmt":"2025-08-28T05:39:12","guid":{"rendered":"https:\/\/roveyayinevi.com.tr\/index.php\/urun\/ilham-verenler-4-mahatma-gandi\/"},"modified":"2026-04-16T03:12:36","modified_gmt":"2026-04-16T00:12:36","slug":"ilham-verenler-4-mahatma-gandi","status":"publish","type":"product","link":"https:\/\/roveyayinevi.com.tr\/index.php\/urun\/ilham-verenler-4-mahatma-gandi\/","title":{"rendered":"\u0130lham Verenler-4 Mahatma Gandi"},"content":{"rendered":"<p>H\u0130NT TOPLUMUNDA bir lidere d\u00f6n\u00fc\u015fen, adalet ve e\u015fitli\u011fin savunucusu olan Mahatma Gandi, Hindistan\u2019\u0131n ba\u011f\u0131ms\u0131zl\u0131k hareketinin \u00f6nc\u00fcs\u00fc oldu ve tarihin seyrini de\u011fi\u015ftirerek b\u00fct\u00fcn ezberleri bozdu. Albert Einstein onun hakk\u0131nda, \u201cGelecek nesiller Gandi gibi bir insan\u0131n d\u00fcnya \u00fczerinde y\u00fcr\u00fcm\u00fc\u015f oldu\u011funa inanmakta zorlanacakt\u0131r.\u201d dedi. \u00c7\u00fcnk\u00fc o, m\u00fccadelesini \u015fiddet kullanmadan, sadece sevgi dili ile ger\u00e7ekle\u015ftirdi. Evet, bu kitap haks\u0131zl\u0131\u011f\u0131n, adaletsizli\u011fin, ayr\u0131mc\u0131l\u0131\u011f\u0131n ve her t\u00fcrl\u00fc k\u00f6t\u00fc muamelenin kar\u015f\u0131s\u0131nda bar\u0131\u015f\u00e7\u0131l yollarla direnen, birli\u011fi, yard\u0131mla\u015fmay\u0131, iyili\u011fi ve g\u00fczelli\u011fi \u00f6mr\u00fc boyunca tavsiye eden, sevenleri taraf\u0131ndan \u201cY\u00fcce Ruh\u201d anlam\u0131na gelen \u201cMahatma\u201d ad\u0131 ile an\u0131lan, ilham dolu \u201cMAHATMA GAND\u0130\u201dnin hayat\u0131na ayna tutmaya \u00e7al\u0131\u015facak. Bakal\u0131m bizim pay\u0131m\u0131za bu g\u00fczel hik\u00e2yeden hangi \u0131\u015f\u0131lt\u0131lar d\u00fc\u015fecek? <\/p>\n","protected":false},"excerpt":{"rendered":"<p>H\u0130NT TOPLUMUNDA bir lidere d\u00f6n\u00fc\u015fen, adalet ve e\u015fitli\u011fin savunucusu olan Mahatma Gandi, Hindistan\u2019\u0131n ba\u011f\u0131ms\u0131zl\u0131k hareketinin \u00f6nc\u00fcs\u00fc oldu ve tarihin seyrini de\u011fi\u015ftirerek b\u00fct\u00fcn ezberleri bozdu. Albert Einstein<span class=\"excerpt-hellip\"> [\u2026]<\/span><\/p>\n","protected":false},"featured_media":0,"template":"","meta":{"_monsterinsights_skip_tracking":false,"_monsterinsights_sitenote_active":false,"_monsterinsights_sitenote_note":"","_monsterinsights_sitenote_category":0},"product_brand":[],"product_cat":[14009,12291],"product_tag":[],"class_list":{"0":"post-759598","1":"product","2":"type-product","3":"status-publish","5":"product_cat-biyografi-otobiyografi-edebiyat","6":"product_cat-edebiyat","7":"pa_cilt-ciltsiz","8":"pa_tur-kitap","9":"pa_yayinevi-ugurbocegi-yayinlari","10":"pa_yazar-sevgi-basman","12":"first","13":"instock","14":"sale","15":"shipping-taxable","16":"purchasable","17":"product-type-simple"},"_links":{"self":[{"href":"https:\/\/roveyayinevi.com.tr\/index.php\/wp-json\/wp\/v2\/product\/759598","targetHints":{"allow":["GET"]}}],"collection":[{"href":"https:\/\/roveyayinevi.com.tr\/index.php\/wp-json\/wp\/v2\/product"}],"about":[{"href":"https:\/\/roveyayinevi.com.tr\/index.php\/wp-json\/wp\/v2\/types\/product"}],"wp:attachment":[{"href":"https:\/\/roveyayinevi.com.tr\/index.php\/wp-json\/wp\/v2\/media?parent=759598"}],"wp:term":[{"taxonomy":"product_brand","embeddable":true,"href":"https:\/\/roveyayinevi.com.tr\/index.php\/wp-json\/wp\/v2\/product_brand?post=759598"},{"taxonomy":"product_cat","embeddable":true,"href":"https:\/\/roveyayinevi.com.tr\/index.php\/wp-json\/wp\/v2\/product_cat?post=759598"},{"taxonomy":"product_tag","embeddable":true,"href":"https:\/\/roveyayinevi.com.tr\/index.php\/wp-json\/wp\/v2\/product_tag?post=759598"}],"curies":[{"name":"wp","href":"https:\/\/api.w.org\/{rel}","templated":true}]}}