{"id":759596,"date":"2025-08-28T08:39:10","date_gmt":"2025-08-28T05:39:10","guid":{"rendered":"https:\/\/roveyayinevi.com.tr\/index.php\/urun\/semboller-ve-anlamlariyla-tarot-boyama-kitabi\/"},"modified":"2026-04-16T03:12:36","modified_gmt":"2026-04-16T00:12:36","slug":"semboller-ve-anlamlariyla-tarot-boyama-kitabi","status":"publish","type":"product","link":"https:\/\/roveyayinevi.com.tr\/index.php\/urun\/semboller-ve-anlamlariyla-tarot-boyama-kitabi\/","title":{"rendered":"Semboller ve Anlamlar\u0131yla Tarot Boyama Kitab\u0131"},"content":{"rendered":"<p>Tarot\u2019un gizemli kap\u0131lar\u0131n\u0131 aralamak ve bu kadim bilgelik sisteminin derinliklerine dalmak ister misiniz? Kitapta yer alan kartlar\u0131 \u00f6zenle boyarken, Tarot\u2019un sembolleri ve imgeleriyle derin bir ba\u011f kuracaks\u0131n\u0131z. Renklerin enerjisiyle sezgisel y\u00f6n\u00fcn\u00fcz\u00fc g\u00fc\u00e7lendirecek ve Tarot\u2019un mesajlar\u0131n\u0131 daha iyi kavrayacaks\u0131n\u0131z. Bu kitapta sadece boyama sayfalar\u0131 de\u011fil, her kart i\u00e7in temel a\u00e7\u0131klamalar ve yorumlar da bulacaks\u0131n\u0131z. Tarot sembollerinin anlamlar\u0131 hakk\u0131nda bilgi edinecek ve kendi yorumlar\u0131n\u0131z\u0131 olu\u015fturmak i\u00e7in ipu\u00e7lar\u0131 alacaks\u0131n\u0131z. <\/p>\n","protected":false},"excerpt":{"rendered":"<p>Tarot\u2019un gizemli kap\u0131lar\u0131n\u0131 aralamak ve bu kadim bilgelik sisteminin derinliklerine dalmak ister misiniz? Kitapta yer alan kartlar\u0131 \u00f6zenle boyarken, Tarot\u2019un sembolleri ve imgeleriyle derin bir ba\u011f<span class=\"excerpt-hellip\"> [\u2026]<\/span><\/p>\n","protected":false},"featured_media":0,"template":"","meta":{"_monsterinsights_skip_tracking":false,"_monsterinsights_sitenote_active":false,"_monsterinsights_sitenote_note":"","_monsterinsights_sitenote_category":0},"product_brand":[],"product_cat":[15563],"product_tag":[],"class_list":{"0":"post-759596","1":"product","2":"type-product","3":"status-publish","5":"product_cat-hobi","6":"pa_cilt-ciltsiz","7":"pa_tur-kitap","8":"pa_yayinevi-kirmizi-ada-yayinlari","9":"pa_yazar-fatma-burcu-uzunoglu","11":"first","12":"instock","13":"sale","14":"shipping-taxable","15":"purchasable","16":"product-type-simple"},"_links":{"self":[{"href":"https:\/\/roveyayinevi.com.tr\/index.php\/wp-json\/wp\/v2\/product\/759596","targetHints":{"allow":["GET"]}}],"collection":[{"href":"https:\/\/roveyayinevi.com.tr\/index.php\/wp-json\/wp\/v2\/product"}],"about":[{"href":"https:\/\/roveyayinevi.com.tr\/index.php\/wp-json\/wp\/v2\/types\/product"}],"wp:attachment":[{"href":"https:\/\/roveyayinevi.com.tr\/index.php\/wp-json\/wp\/v2\/media?parent=759596"}],"wp:term":[{"taxonomy":"product_brand","embeddable":true,"href":"https:\/\/roveyayinevi.com.tr\/index.php\/wp-json\/wp\/v2\/product_brand?post=759596"},{"taxonomy":"product_cat","embeddable":true,"href":"https:\/\/roveyayinevi.com.tr\/index.php\/wp-json\/wp\/v2\/product_cat?post=759596"},{"taxonomy":"product_tag","embeddable":true,"href":"https:\/\/roveyayinevi.com.tr\/index.php\/wp-json\/wp\/v2\/product_tag?post=759596"}],"curies":[{"name":"wp","href":"https:\/\/api.w.org\/{rel}","templated":true}]}}