{"id":759595,"date":"2025-08-28T08:39:09","date_gmt":"2025-08-28T05:39:09","guid":{"rendered":"https:\/\/roveyayinevi.com.tr\/index.php\/urun\/yeni-ekonomi\/"},"modified":"2026-04-16T03:12:36","modified_gmt":"2026-04-16T00:12:36","slug":"yeni-ekonomi","status":"publish","type":"product","link":"https:\/\/roveyayinevi.com.tr\/index.php\/urun\/yeni-ekonomi\/","title":{"rendered":"Yeni Ekonomi"},"content":{"rendered":"<p>Klasik ekonomik yakla\u015f\u0131mlara farkl\u0131 bak\u0131\u015f ve krizlere kar\u015f\u0131 yeni \u00e7\u00f6z\u00fcmler&#8230; K\u00fcreselle\u015fme ve ard\u0131ndan gelen K\u00fcresel Kriz, mevcut ekonomik bak\u0131\u015f\u0131n d\u00fcnyada olan biteni a\u00e7\u0131klamakta yetersiz kald\u0131\u011f\u0131n\u0131 \u00e2deta g\u00f6z\u00fcm\u00fcz\u00fcn i\u00e7ine soktu. Geli\u015fmi\u015f ve geli\u015fmekte olan \u00fclkeler aras\u0131nda giderek belirginle\u015fen farkl\u0131l\u0131klar\u0131 kavrayamayan ve bu nedenle de duruma \u00f6zel yakla\u015f\u0131mlar sunamayan ekonomi politikalar\u0131, \u00f6zellikle geli\u015fme yolundaki \u00fclkelerin ya\u015fad\u0131\u011f\u0131 sorunlara \u00e7\u00f6z\u00fcm getiremez oldu. Bu kitap, her \u00fclkenin, pop\u00fclist d\u00fcrt\u00fclere kap\u0131lmadan, bilimin \u0131\u015f\u0131\u011f\u0131nda kendi ko\u015fullar\u0131na uygun ekonomi politikalar\u0131 geli\u015ftirmesi gere\u011fini ortaya koyuyor.<\/p>\n","protected":false},"excerpt":{"rendered":"<p>Klasik ekonomik yakla\u015f\u0131mlara farkl\u0131 bak\u0131\u015f ve krizlere kar\u015f\u0131 yeni \u00e7\u00f6z\u00fcmler&#8230; K\u00fcreselle\u015fme ve ard\u0131ndan gelen K\u00fcresel Kriz, mevcut ekonomik bak\u0131\u015f\u0131n d\u00fcnyada olan biteni a\u00e7\u0131klamakta yetersiz kald\u0131\u011f\u0131n\u0131 \u00e2deta<span class=\"excerpt-hellip\"> [\u2026]<\/span><\/p>\n","protected":false},"featured_media":0,"template":"","meta":{"_monsterinsights_skip_tracking":false,"_monsterinsights_sitenote_active":false,"_monsterinsights_sitenote_note":"","_monsterinsights_sitenote_category":0},"product_brand":[],"product_cat":[13043],"product_tag":[],"class_list":{"0":"post-759595","1":"product","2":"type-product","3":"status-publish","5":"product_cat-ekonomi","6":"pa_cilt-ciltsiz","7":"pa_tur-kitap","8":"pa_yayinevi-remzi-kitabevi","9":"pa_yazar-mahfi-egilmez","11":"first","12":"instock","13":"sale","14":"shipping-taxable","15":"purchasable","16":"product-type-simple"},"_links":{"self":[{"href":"https:\/\/roveyayinevi.com.tr\/index.php\/wp-json\/wp\/v2\/product\/759595","targetHints":{"allow":["GET"]}}],"collection":[{"href":"https:\/\/roveyayinevi.com.tr\/index.php\/wp-json\/wp\/v2\/product"}],"about":[{"href":"https:\/\/roveyayinevi.com.tr\/index.php\/wp-json\/wp\/v2\/types\/product"}],"wp:attachment":[{"href":"https:\/\/roveyayinevi.com.tr\/index.php\/wp-json\/wp\/v2\/media?parent=759595"}],"wp:term":[{"taxonomy":"product_brand","embeddable":true,"href":"https:\/\/roveyayinevi.com.tr\/index.php\/wp-json\/wp\/v2\/product_brand?post=759595"},{"taxonomy":"product_cat","embeddable":true,"href":"https:\/\/roveyayinevi.com.tr\/index.php\/wp-json\/wp\/v2\/product_cat?post=759595"},{"taxonomy":"product_tag","embeddable":true,"href":"https:\/\/roveyayinevi.com.tr\/index.php\/wp-json\/wp\/v2\/product_tag?post=759595"}],"curies":[{"name":"wp","href":"https:\/\/api.w.org\/{rel}","templated":true}]}}