{"id":759594,"date":"2025-08-28T08:39:08","date_gmt":"2025-08-28T05:39:08","guid":{"rendered":"https:\/\/roveyayinevi.com.tr\/index.php\/urun\/cehennemdeki-cennet\/"},"modified":"2026-04-16T03:12:36","modified_gmt":"2026-04-16T00:12:36","slug":"cehennemdeki-cennet","status":"publish","type":"product","link":"https:\/\/roveyayinevi.com.tr\/index.php\/urun\/cehennemdeki-cennet\/","title":{"rendered":"Cehennemdeki Cennet"},"content":{"rendered":"<p>Rebecca Solnit&#8217;in etkileyici eseri Cehennemdeki Cennet: Afetlerde Olu\u015fan Ola\u011fan\u00fcst\u00fc Topluluklar felaketlerin ard\u0131ndan ortaya \u00e7\u0131kan insan topluluklar\u0131n\u0131n \u015fa\u015f\u0131rt\u0131c\u0131 hik\u00e2yelerini ve dayan\u0131\u015fma ruhunu derinlemesine inceliyor. Solnit, do\u011fal afetler, ter\u00f6r sald\u0131r\u0131lar\u0131 ve di\u011fer acil durumlar gibi kriz anlar\u0131nda ortaya \u00e7\u0131kan \u201cfelaket topluluklar\u0131\u201dn\u0131n yaratt\u0131\u011f\u0131 paradoksu mercek alt\u0131na al\u0131yor. Kitap, tarihsel ve \u00e7a\u011fda\u015f \u00f6rneklerle, felaket sonras\u0131 toplumlar\u0131n nas\u0131l bir araya gelip dayan\u0131\u015fma i\u00e7inde \u00e7al\u0131\u015fabilece\u011fini ve bireylerin ola\u011fan\u00fcst\u00fc ko\u015fullar alt\u0131nda nas\u0131l birlikte hareket edebilece\u011fini g\u00f6zler \u00f6n\u00fcne seriyor ve t\u00fcm bunlar\u0131 yaparken sistemi ele\u015ftiriyor. Cehennemdeki Cennet, felaketlerin insan do\u011fas\u0131n\u0131 ve toplumsal dinamikleri nas\u0131l \u015fekillendirdi\u011fini anlamak i\u00e7in etkileyici bir kaynak olma \u00f6zelli\u011fi ta\u015f\u0131yor.   \u201cHerkes kriz zaman\u0131 kendisini yaln\u0131z hisseder&#8230; B\u00f6yle olmak zorunda de\u011fil. Asl\u0131nda e\u015fsiz Rebecca Solnit&#8217;in uzun, dolamba\u00e7l\u0131, parlak kariyeri boyunca, \u00f6zellikle de bu kitapta g\u00f6sterdi\u011fi gibi, \u00f6yle olmamal\u0131. Cehennemdeki Cennet derin bir teselli sunuyor, sadece \u00e7aresizlik duygular\u0131na de\u011fil, yaln\u0131zl\u0131\u011fa da bir panzehir olarak.\u201d \u2013David Wallace Wells, New York Magazine   \u201cD\u00fc\u015f\u00fcnd\u00fcr\u00fcc\u00fc &#8230; b\u00fcy\u00fcleyici ve ikna edici&#8230; bu m\u00fckemmel kitapta umut, iyimserlik, hatta bula\u015f\u0131c\u0131 bir nitelik var.\u201d \u2013Los Angeles Times   \u201c\u0130nceledi\u011fi be\u015f felaket \u00fczerinden modern kapitalist toplumun sert ele\u015ftirisini sunuyor. Sadece hik\u00e2ye anlat\u0131m\u0131 i\u00e7in bile okumaya de\u011fer. Kendimizi anlama anlay\u0131\u015f\u0131m\u0131za heyecan verici ve \u00f6nemli bir katk\u0131.\u201d \u2013The Washington Post<\/p>\n","protected":false},"excerpt":{"rendered":"<p>Rebecca Solnit&#8217;in etkileyici eseri Cehennemdeki Cennet: Afetlerde Olu\u015fan Ola\u011fan\u00fcst\u00fc Topluluklar felaketlerin ard\u0131ndan ortaya \u00e7\u0131kan insan topluluklar\u0131n\u0131n \u015fa\u015f\u0131rt\u0131c\u0131 hik\u00e2yelerini ve dayan\u0131\u015fma ruhunu derinlemesine inceliyor. Solnit, do\u011fal afetler,<span class=\"excerpt-hellip\"> [\u2026]<\/span><\/p>\n","protected":false},"featured_media":0,"template":"","meta":{"_monsterinsights_skip_tracking":false,"_monsterinsights_sitenote_active":false,"_monsterinsights_sitenote_note":"","_monsterinsights_sitenote_category":0},"product_brand":[],"product_cat":[52477],"product_tag":[],"class_list":{"0":"post-759594","1":"product","2":"type-product","3":"status-publish","5":"product_cat-arastirma","6":"pa_cilt-ciltsiz","7":"pa_tur-kitap","8":"pa_yayinevi-alfa-yayinlari","9":"pa_yazar-rebecca-solnit","11":"first","12":"instock","13":"sale","14":"shipping-taxable","15":"purchasable","16":"product-type-simple"},"_links":{"self":[{"href":"https:\/\/roveyayinevi.com.tr\/index.php\/wp-json\/wp\/v2\/product\/759594","targetHints":{"allow":["GET"]}}],"collection":[{"href":"https:\/\/roveyayinevi.com.tr\/index.php\/wp-json\/wp\/v2\/product"}],"about":[{"href":"https:\/\/roveyayinevi.com.tr\/index.php\/wp-json\/wp\/v2\/types\/product"}],"wp:attachment":[{"href":"https:\/\/roveyayinevi.com.tr\/index.php\/wp-json\/wp\/v2\/media?parent=759594"}],"wp:term":[{"taxonomy":"product_brand","embeddable":true,"href":"https:\/\/roveyayinevi.com.tr\/index.php\/wp-json\/wp\/v2\/product_brand?post=759594"},{"taxonomy":"product_cat","embeddable":true,"href":"https:\/\/roveyayinevi.com.tr\/index.php\/wp-json\/wp\/v2\/product_cat?post=759594"},{"taxonomy":"product_tag","embeddable":true,"href":"https:\/\/roveyayinevi.com.tr\/index.php\/wp-json\/wp\/v2\/product_tag?post=759594"}],"curies":[{"name":"wp","href":"https:\/\/api.w.org\/{rel}","templated":true}]}}