{"id":759593,"date":"2025-08-28T08:39:07","date_gmt":"2025-08-28T05:39:07","guid":{"rendered":"https:\/\/roveyayinevi.com.tr\/index.php\/urun\/gezegenlerin-gizli-yasami\/"},"modified":"2026-04-16T03:12:36","modified_gmt":"2026-04-16T00:12:36","slug":"gezegenlerin-gizli-yasami","status":"publish","type":"product","link":"https:\/\/roveyayinevi.com.tr\/index.php\/urun\/gezegenlerin-gizli-yasami\/","title":{"rendered":"Gezegenlerin Gizli Ya\u015fam\u0131"},"content":{"rendered":"<p>G\u00fcne\u015f sisteminin genellikle bir saat veya planetaryum gibi m\u00fckemmel bir d\u00fczen ve uyum i\u00e7inde oldu\u011funu d\u00fc\u015f\u00fcn\u00fcr\u00fcz. Evet, do\u011frudur ama sadece \u00e7ok k\u0131sa zaman aral\u0131klar\u0131nda b\u00f6yledir. Daha geni\u015f bir zaman penceresinden bakt\u0131\u011f\u0131m\u0131zda gezegenler ve uydular\u0131n hi\u00e7 de \u00f6yle olmad\u0131\u011f\u0131n\u0131, bir s\u00fcr\u00fc d\u00fczensizli\u011fin ya\u015fand\u0131\u011f\u0131n\u0131 ve verici bir ya\u015famlar\u0131 oldu\u011funu g\u00f6r\u00fcr\u00fcz. \u00d6rne\u011fin, Sat\u00fcrn&#8217;\u00fcn uydusu Titan\u2019da, t\u0131pk\u0131 D\u00fcnya&#8217;da ya\u015fam ortaya \u00e7\u0131kmadan \u00f6nceki gibi s\u0131v\u0131 metan dolu g\u00f6ller ve tepelerle vadiler bulundu\u011funu pek \u00e7o\u011fumuz bilmeyiz ya da Merk\u00fcr&#8217;\u00fcn en utanga\u00e7 gezegen oldu\u011funu; Mars&#8217;\u0131n en b\u00fcy\u00fck volkan\u0131n\u0131n D\u00fcnya&#8217;n\u0131nkinden 100 kat daha b\u00fcy\u00fck oldu\u011funu; en derin kanyonunun Arizona eyaletindeki Grand Canyon&#8217;dan 10 kat daha derin ve k\u0131rm\u0131z\u0131 de\u011fil de mavi renkte oldu\u011funu bilmeyiz. Ve daha pek \u00e7ok \u015feyi&#8230;   Ya\u015fam\u0131n\u0131 astronomi \u00e7al\u0131\u015fmalar\u0131na adayan ve s\u0131n\u0131rs\u0131z bir merakla beslenen Paul Murdin&#8217;in bu b\u00fcy\u00fcleyici yeni kitab\u0131; gezegenler, uydular ve g\u00fcne\u015f sistemindeki konumumuz hakk\u0131nda ayr\u0131nt\u0131l\u0131 bir ke\u015fif sunuyor ve gezegenlerle ilgili t\u00fcm sorular\u0131n\u0131za yan\u0131t veriyor. <\/p>\n","protected":false},"excerpt":{"rendered":"<p>G\u00fcne\u015f sisteminin genellikle bir saat veya planetaryum gibi m\u00fckemmel bir d\u00fczen ve uyum i\u00e7inde oldu\u011funu d\u00fc\u015f\u00fcn\u00fcr\u00fcz. Evet, do\u011frudur ama sadece \u00e7ok k\u0131sa zaman aral\u0131klar\u0131nda b\u00f6yledir. Daha<span class=\"excerpt-hellip\"> [\u2026]<\/span><\/p>\n","protected":false},"featured_media":0,"template":"","meta":{"_monsterinsights_skip_tracking":false,"_monsterinsights_sitenote_active":false,"_monsterinsights_sitenote_note":"","_monsterinsights_sitenote_category":0},"product_brand":[],"product_cat":[13005,13006],"product_tag":[],"class_list":{"0":"post-759593","1":"product","2":"type-product","3":"status-publish","5":"product_cat-bilim-muhendislik","6":"product_cat-populer-bilim","7":"pa_cilt-ciltsiz","8":"pa_tur-kitap","9":"pa_yayinevi-orenda","10":"pa_yazar-paul-murdin","12":"first","13":"instock","14":"sale","15":"shipping-taxable","16":"purchasable","17":"product-type-simple"},"_links":{"self":[{"href":"https:\/\/roveyayinevi.com.tr\/index.php\/wp-json\/wp\/v2\/product\/759593","targetHints":{"allow":["GET"]}}],"collection":[{"href":"https:\/\/roveyayinevi.com.tr\/index.php\/wp-json\/wp\/v2\/product"}],"about":[{"href":"https:\/\/roveyayinevi.com.tr\/index.php\/wp-json\/wp\/v2\/types\/product"}],"wp:attachment":[{"href":"https:\/\/roveyayinevi.com.tr\/index.php\/wp-json\/wp\/v2\/media?parent=759593"}],"wp:term":[{"taxonomy":"product_brand","embeddable":true,"href":"https:\/\/roveyayinevi.com.tr\/index.php\/wp-json\/wp\/v2\/product_brand?post=759593"},{"taxonomy":"product_cat","embeddable":true,"href":"https:\/\/roveyayinevi.com.tr\/index.php\/wp-json\/wp\/v2\/product_cat?post=759593"},{"taxonomy":"product_tag","embeddable":true,"href":"https:\/\/roveyayinevi.com.tr\/index.php\/wp-json\/wp\/v2\/product_tag?post=759593"}],"curies":[{"name":"wp","href":"https:\/\/api.w.org\/{rel}","templated":true}]}}