{"id":759591,"date":"2025-08-28T08:39:04","date_gmt":"2025-08-28T05:39:04","guid":{"rendered":"https:\/\/roveyayinevi.com.tr\/index.php\/urun\/hayvanlar-hakkinda-dogru-bildiginiz-yanlislar\/"},"modified":"2026-04-16T03:12:36","modified_gmt":"2026-04-16T00:12:36","slug":"hayvanlar-hakkinda-dogru-bildiginiz-yanlislar","status":"publish","type":"product","link":"https:\/\/roveyayinevi.com.tr\/index.php\/urun\/hayvanlar-hakkinda-dogru-bildiginiz-yanlislar\/","title":{"rendered":"Hayvanlar Hakk\u0131nda Do\u011fru Bildi\u011finiz Yanl\u0131\u015flar"},"content":{"rendered":"<p>Develerin h\u00f6rg\u00fc\u00e7lerinde su depolan\u0131r hatta saksa\u011fanlar da parlak nesneleri \u00e7almaya bay\u0131l\u0131rlar. Ya da biz hep b\u00f6yle sand\u0131k. Peki ya ger\u00e7ekten b\u00f6yle de\u011filse? Yazar Matt Brown, Do\u011fru Bildi\u011finiz Yanl\u0131\u015flar serisinin bu kitab\u0131nda, kendine \u00f6zg\u00fc \u00fcslubuyla hayvanlar hakk\u0131ndaki \u00e7e\u015fitli efsaneleri inceliyor ve arkas\u0131ndaki ger\u00e7ekleri bir bir ortaya \u00e7\u0131kar\u0131yor. Lemminglerin intihar etmek i\u00e7in kendilerini u\u00e7urumlardan att\u0131klar\u0131 efsanesinden yarasalar\u0131n k\u00f6r oldu\u011fu efsanesine, kafas\u0131n\u0131 kuma sokan deveku\u015flar\u0131ndan hep d\u00f6rt ayak \u00fczerine d\u00fc\u015fen kedilere, evcil hayvanlar\u0131m\u0131z hakk\u0131ndaki zengin bilgilerden \u00fcrpertici s\u00fcr\u00fcngenlere ve b\u00fcy\u00fck memelilere kadar bu kitap hayvan kavram\u0131na ait \u00e7ok say\u0131da ger\u00e7e\u011fi g\u00f6zler \u00f6n\u00fcne seriyor. Ayr\u0131ca al\u0131\u015f\u0131lmad\u0131k beslenme \u015fekillerine ve filmlerde ba\u015frol\u00fc kapm\u0131\u015f baz\u0131 hayvanlar\u0131n ne kadar yanl\u0131\u015f formlarda g\u00f6sterildiklerine dair ek bilgiler de var. E\u011flenceli yakla\u015f\u0131m\u0131yla bu kitap, hayvanlar hakk\u0131nda \u00e7ocuklu\u011fumuzdan beri s\u00fcregelen efsane ve hik\u00e2yeleri ne\u015feyle \u00e7\u00fcr\u00fct\u00fcyor ve sizlere keyifli ve bilgilendirici bir okuma sunuyor. \u015ea\u015f\u0131rmaya haz\u0131r m\u0131s\u0131n\u0131z?<\/p>\n","protected":false},"excerpt":{"rendered":"<p>Develerin h\u00f6rg\u00fc\u00e7lerinde su depolan\u0131r hatta saksa\u011fanlar da parlak nesneleri \u00e7almaya bay\u0131l\u0131rlar. Ya da biz hep b\u00f6yle sand\u0131k. Peki ya ger\u00e7ekten b\u00f6yle de\u011filse? Yazar Matt Brown, Do\u011fru<span class=\"excerpt-hellip\"> [\u2026]<\/span><\/p>\n","protected":false},"featured_media":0,"template":"","meta":{"_monsterinsights_skip_tracking":false,"_monsterinsights_sitenote_active":false,"_monsterinsights_sitenote_note":"","_monsterinsights_sitenote_category":0},"product_brand":[],"product_cat":[13005,13006],"product_tag":[],"class_list":{"0":"post-759591","1":"product","2":"type-product","3":"status-publish","5":"product_cat-bilim-muhendislik","6":"product_cat-populer-bilim","7":"pa_cilt-ciltsiz","8":"pa_tur-kitap","9":"pa_yayinevi-orenda","10":"pa_yazar-matt-brown","12":"first","13":"instock","14":"sale","15":"shipping-taxable","16":"purchasable","17":"product-type-simple"},"_links":{"self":[{"href":"https:\/\/roveyayinevi.com.tr\/index.php\/wp-json\/wp\/v2\/product\/759591","targetHints":{"allow":["GET"]}}],"collection":[{"href":"https:\/\/roveyayinevi.com.tr\/index.php\/wp-json\/wp\/v2\/product"}],"about":[{"href":"https:\/\/roveyayinevi.com.tr\/index.php\/wp-json\/wp\/v2\/types\/product"}],"wp:attachment":[{"href":"https:\/\/roveyayinevi.com.tr\/index.php\/wp-json\/wp\/v2\/media?parent=759591"}],"wp:term":[{"taxonomy":"product_brand","embeddable":true,"href":"https:\/\/roveyayinevi.com.tr\/index.php\/wp-json\/wp\/v2\/product_brand?post=759591"},{"taxonomy":"product_cat","embeddable":true,"href":"https:\/\/roveyayinevi.com.tr\/index.php\/wp-json\/wp\/v2\/product_cat?post=759591"},{"taxonomy":"product_tag","embeddable":true,"href":"https:\/\/roveyayinevi.com.tr\/index.php\/wp-json\/wp\/v2\/product_tag?post=759591"}],"curies":[{"name":"wp","href":"https:\/\/api.w.org\/{rel}","templated":true}]}}