{"id":759590,"date":"2025-08-28T08:39:03","date_gmt":"2025-08-28T05:39:03","guid":{"rendered":"https:\/\/roveyayinevi.com.tr\/index.php\/urun\/orta-avrupada-osmanlilar-macarlar-ve-habsburglar\/"},"modified":"2026-04-16T03:12:36","modified_gmt":"2026-04-16T00:12:36","slug":"orta-avrupada-osmanlilar-macarlar-ve-habsburglar","status":"publish","type":"product","link":"https:\/\/roveyayinevi.com.tr\/index.php\/urun\/orta-avrupada-osmanlilar-macarlar-ve-habsburglar\/","title":{"rendered":"Orta Avrupa\u2019da Osmanl\u0131lar Macarlar ve Habsburglar"},"content":{"rendered":"<p>16. y\u00fczy\u0131lda Orta Avrupa\u2019da b\u00fcy\u00fck bir hakimiyet m\u00fccadelesi vard\u0131. Macar topraklar\u0131nda Osmanl\u0131lar ile Habsburglar aras\u0131nda s\u00fcren hakimiyet m\u00fccadelesinin askeri ve siyasi y\u00f6n\u00fc Geza David-Pal Fodor\u2019un edit\u00f6rl\u00fc\u011f\u00fcndeki bu eserde teferruatl\u0131 olarak ele al\u0131nm\u0131\u015ft\u0131r. Bu kitap, Macar ve Osmanl\u0131 savunma hatlar\u0131 ve s\u0131n\u0131r boylar\u0131yla ilgili \u00f6nemli \u00e7al\u0131\u015fmalar\u0131n bir araya getirildi\u011fi ve Askeri Devrim\u2019in Orta Avrupa\u2019daki m\u00fccadeleye etkisini inceleyen bir eserdir. <\/p>\n","protected":false},"excerpt":{"rendered":"<p>16. y\u00fczy\u0131lda Orta Avrupa\u2019da b\u00fcy\u00fck bir hakimiyet m\u00fccadelesi vard\u0131. Macar topraklar\u0131nda Osmanl\u0131lar ile Habsburglar aras\u0131nda s\u00fcren hakimiyet m\u00fccadelesinin askeri ve siyasi y\u00f6n\u00fc Geza David-Pal Fodor\u2019un edit\u00f6rl\u00fc\u011f\u00fcndeki<span class=\"excerpt-hellip\"> [\u2026]<\/span><\/p>\n","protected":false},"featured_media":0,"template":"","meta":{"_monsterinsights_skip_tracking":false,"_monsterinsights_sitenote_active":false,"_monsterinsights_sitenote_note":"","_monsterinsights_sitenote_category":0},"product_brand":[],"product_cat":[12370,12304],"product_tag":[],"class_list":{"0":"post-759590","1":"product","2":"type-product","3":"status-publish","5":"product_cat-arastirma-inceleme","6":"product_cat-tarih","7":"pa_cilt-ciltsiz","8":"pa_tur-kitap","9":"pa_yayinevi-yeditepe-yayinevi","10":"pa_yazar-kolektif","12":"first","13":"instock","14":"sale","15":"shipping-taxable","16":"purchasable","17":"product-type-simple"},"_links":{"self":[{"href":"https:\/\/roveyayinevi.com.tr\/index.php\/wp-json\/wp\/v2\/product\/759590","targetHints":{"allow":["GET"]}}],"collection":[{"href":"https:\/\/roveyayinevi.com.tr\/index.php\/wp-json\/wp\/v2\/product"}],"about":[{"href":"https:\/\/roveyayinevi.com.tr\/index.php\/wp-json\/wp\/v2\/types\/product"}],"wp:attachment":[{"href":"https:\/\/roveyayinevi.com.tr\/index.php\/wp-json\/wp\/v2\/media?parent=759590"}],"wp:term":[{"taxonomy":"product_brand","embeddable":true,"href":"https:\/\/roveyayinevi.com.tr\/index.php\/wp-json\/wp\/v2\/product_brand?post=759590"},{"taxonomy":"product_cat","embeddable":true,"href":"https:\/\/roveyayinevi.com.tr\/index.php\/wp-json\/wp\/v2\/product_cat?post=759590"},{"taxonomy":"product_tag","embeddable":true,"href":"https:\/\/roveyayinevi.com.tr\/index.php\/wp-json\/wp\/v2\/product_tag?post=759590"}],"curies":[{"name":"wp","href":"https:\/\/api.w.org\/{rel}","templated":true}]}}