{"id":759589,"date":"2025-08-28T08:39:02","date_gmt":"2025-08-28T05:39:02","guid":{"rendered":"https:\/\/roveyayinevi.com.tr\/index.php\/urun\/mogollarin-harp-taktikleri\/"},"modified":"2026-04-16T03:12:36","modified_gmt":"2026-04-16T00:12:36","slug":"mogollarin-harp-taktikleri","status":"publish","type":"product","link":"https:\/\/roveyayinevi.com.tr\/index.php\/urun\/mogollarin-harp-taktikleri\/","title":{"rendered":"Mo\u011follar\u0131n Harp Taktikleri"},"content":{"rendered":"<p>XIII. Y\u00fczy\u0131lda Mo\u011follar, Cengiz Han liderli\u011finde asker\u00ee tarihin en b\u00fcy\u00fck ve en h\u0131zl\u0131 yay\u0131lma hareketlerinden birini ba\u015flatt\u0131lar. Mo\u011fol ordular\u0131, kendilerinden \u00f6nceki bozk\u0131r g\u00f6\u00e7ebelerinden devrald\u0131klar\u0131 asker\u00ee miras\u0131 geli\u015ftirerek \u00fcst d\u00fczey bir ba\u015far\u0131yla tatbik ettiler. Tarihsel deneyime dayanan harp taktikleri, sa\u011flam te\u015fkilat yap\u0131s\u0131, silah-te\u00e7hizat nitelikleri, e\u011fitim ve disiplin, lojistik unsurlar, istihbarat faaliyetleri ve stratejik planlama gibi ana bile\u015fenler sayesinde etkinli\u011fini art\u0131rd\u0131. Mo\u011fol ordusu, Cengiz Han\u2019\u0131n y\u00fcksek te\u015fkilat\u00e7\u0131l\u0131k ve liderlik yetene\u011fi sayesinde adeta bir sava\u015f makinesi haline geldi.  Mo\u011fol ordusunda ortak sorumluluk ilkesiyle birimler aras\u0131 dayan\u0131\u015fma ve taktik uyum en \u00fcst seviyeye \u00e7\u0131kar\u0131ld\u0131. Sava\u015f durumuna ba\u011fl\u0131 olarak birlikler en uygun \u015fekilde konu\u015fland\u0131r\u0131l\u0131r ve taktik hareketler etkili bir komuta-kontrol mekanizmas\u0131yla sa\u011flan\u0131rd\u0131. Kale ve \u015fehir ku\u015fatmalar\u0131nda sabit tahkimatlar\u0131 a\u015fmak amac\u0131yla teknik bir uzman kadronun deste\u011fiyle pek \u00e7ok strateji ve taktik geli\u015ftirildi. Mo\u011follar, harp taktiklerini farkl\u0131 co\u011frafya ve d\u00fc\u015fmanlar kar\u015f\u0131s\u0131nda icra ederek b\u00fcy\u00fck zaferler kazand\u0131lar. Mo\u011fol asker\u00ee etkinli\u011fi k\u0131sa s\u00fcre i\u00e7inde Uzak Do\u011fu\u2019ya ve Orta Avrupa\u2019ya kadar uzanan geni\u015f bir sahaya yay\u0131ld\u0131. <\/p>\n","protected":false},"excerpt":{"rendered":"<p>XIII. Y\u00fczy\u0131lda Mo\u011follar, Cengiz Han liderli\u011finde asker\u00ee tarihin en b\u00fcy\u00fck ve en h\u0131zl\u0131 yay\u0131lma hareketlerinden birini ba\u015flatt\u0131lar. Mo\u011fol ordular\u0131, kendilerinden \u00f6nceki bozk\u0131r g\u00f6\u00e7ebelerinden devrald\u0131klar\u0131 asker\u00ee miras\u0131<span class=\"excerpt-hellip\"> [\u2026]<\/span><\/p>\n","protected":false},"featured_media":0,"template":"","meta":{"_monsterinsights_skip_tracking":false,"_monsterinsights_sitenote_active":false,"_monsterinsights_sitenote_note":"","_monsterinsights_sitenote_category":0},"product_brand":[],"product_cat":[12370,12304],"product_tag":[],"class_list":{"0":"post-759589","1":"product","2":"type-product","3":"status-publish","5":"product_cat-arastirma-inceleme","6":"product_cat-tarih","7":"pa_cilt-ciltsiz","8":"pa_tur-kitap","9":"pa_yayinevi-yeditepe-yayinevi","10":"pa_yazar-yavuz-delibalta","12":"first","13":"instock","14":"sale","15":"shipping-taxable","16":"purchasable","17":"product-type-simple"},"_links":{"self":[{"href":"https:\/\/roveyayinevi.com.tr\/index.php\/wp-json\/wp\/v2\/product\/759589","targetHints":{"allow":["GET"]}}],"collection":[{"href":"https:\/\/roveyayinevi.com.tr\/index.php\/wp-json\/wp\/v2\/product"}],"about":[{"href":"https:\/\/roveyayinevi.com.tr\/index.php\/wp-json\/wp\/v2\/types\/product"}],"wp:attachment":[{"href":"https:\/\/roveyayinevi.com.tr\/index.php\/wp-json\/wp\/v2\/media?parent=759589"}],"wp:term":[{"taxonomy":"product_brand","embeddable":true,"href":"https:\/\/roveyayinevi.com.tr\/index.php\/wp-json\/wp\/v2\/product_brand?post=759589"},{"taxonomy":"product_cat","embeddable":true,"href":"https:\/\/roveyayinevi.com.tr\/index.php\/wp-json\/wp\/v2\/product_cat?post=759589"},{"taxonomy":"product_tag","embeddable":true,"href":"https:\/\/roveyayinevi.com.tr\/index.php\/wp-json\/wp\/v2\/product_tag?post=759589"}],"curies":[{"name":"wp","href":"https:\/\/api.w.org\/{rel}","templated":true}]}}