{"id":759588,"date":"2025-08-28T08:39:01","date_gmt":"2025-08-28T05:39:01","guid":{"rendered":"https:\/\/roveyayinevi.com.tr\/index.php\/urun\/istihbarat-orgutleri\/"},"modified":"2026-04-16T03:12:36","modified_gmt":"2026-04-16T00:12:36","slug":"istihbarat-orgutleri","status":"publish","type":"product","link":"https:\/\/roveyayinevi.com.tr\/index.php\/urun\/istihbarat-orgutleri\/","title":{"rendered":"\u0130stihbarat \u00d6rg\u00fctleri"},"content":{"rendered":"<p>\u0130stihbarat \u00e7al\u0131\u015fmalar\u0131 alan\u0131ndaki temel ara\u015ft\u0131rma konular\u0131n\u0131n ba\u015f\u0131nda, etraflar\u0131ndaki sis perdesi ve haklar\u0131nda \u00fcretilen komplo teorileri nedeniyle istihbarat \u00f6rg\u00fctleri gelmektedir. \u0130stihbarat \u00f6rg\u00fctleriyle ilgili alan yaz\u0131n\u0131n b\u00fcy\u00fck b\u00f6l\u00fcm\u00fcnde te\u015fkilatlar\u0131n tarihsel s\u00fcre\u00e7teki ba\u015far\u0131lar\u0131, ba\u015far\u0131s\u0131zl\u0131klar\u0131 veya kar\u0131\u015ft\u0131klar\u0131 olaylar yer almaktad\u0131r. \u00d6rg\u00fctlerin ge\u00e7mi\u015fi \u00fczerine vaka analizi temelinde yap\u0131lan \u00e7al\u0131\u015fmalar \u00e7ok \u00f6nemli olmakla beraber istihbarat te\u015fkilatlar\u0131n\u0131n farkl\u0131 y\u00f6nlerinin de ele al\u0131nmas\u0131 bu alan\u0131n geli\u015fimi a\u00e7\u0131s\u0131ndan son derece elzemdir. Bu \u00e7al\u0131\u015fmada, \u0130ngiltere, Fransa, Rusya, \u00c7in, \u0130srail, \u0130ran, Suriye ve Yunanistan istihbarat \u00f6rg\u00fctleri: \u00b7Tarihsel geli\u015fim, \u00b7Kurumsal yap\u0131, \u00b7\u00dclke i\u00e7inde ve d\u0131\u015f\u0131nda kulland\u0131klar\u0131 istihbarat yetkileri, \u00b7\u0130stihbarat\u0131n denetimi ve g\u00f6zetimi ile g\u00fcncel geli\u015fmeler bak\u0131m\u0131ndan mercek alt\u0131na al\u0131nm\u0131\u015ft\u0131r. \u0130stihbarat \u00f6rg\u00fctleri \u00fczerine ba\u015fvuru niteli\u011findeki bu eserde, T\u00fcrk\u00e7e ve \u0130ngilizce haricinde di\u011fer dillerdeki \u00e7al\u0131\u015fmalardan da faydalan\u0131lm\u0131\u015ft\u0131r. <\/p>\n","protected":false},"excerpt":{"rendered":"<p>\u0130stihbarat \u00e7al\u0131\u015fmalar\u0131 alan\u0131ndaki temel ara\u015ft\u0131rma konular\u0131n\u0131n ba\u015f\u0131nda, etraflar\u0131ndaki sis perdesi ve haklar\u0131nda \u00fcretilen komplo teorileri nedeniyle istihbarat \u00f6rg\u00fctleri gelmektedir. \u0130stihbarat \u00f6rg\u00fctleriyle ilgili alan yaz\u0131n\u0131n b\u00fcy\u00fck b\u00f6l\u00fcm\u00fcnde<span class=\"excerpt-hellip\"> [\u2026]<\/span><\/p>\n","protected":false},"featured_media":0,"template":"","meta":{"_monsterinsights_skip_tracking":false,"_monsterinsights_sitenote_active":false,"_monsterinsights_sitenote_note":"","_monsterinsights_sitenote_category":0},"product_brand":[],"product_cat":[13590,12337],"product_tag":[],"class_list":{"0":"post-759588","1":"product","2":"type-product","3":"status-publish","5":"product_cat-arastirma-inceleme-politika-siyaset","6":"product_cat-politika-siyaset","7":"pa_cilt-ciltsiz","8":"pa_tur-kitap","9":"pa_yayinevi-yeditepe-yayinevi","10":"pa_yazar-kolektif","12":"first","13":"instock","14":"sale","15":"shipping-taxable","16":"purchasable","17":"product-type-simple"},"_links":{"self":[{"href":"https:\/\/roveyayinevi.com.tr\/index.php\/wp-json\/wp\/v2\/product\/759588","targetHints":{"allow":["GET"]}}],"collection":[{"href":"https:\/\/roveyayinevi.com.tr\/index.php\/wp-json\/wp\/v2\/product"}],"about":[{"href":"https:\/\/roveyayinevi.com.tr\/index.php\/wp-json\/wp\/v2\/types\/product"}],"wp:attachment":[{"href":"https:\/\/roveyayinevi.com.tr\/index.php\/wp-json\/wp\/v2\/media?parent=759588"}],"wp:term":[{"taxonomy":"product_brand","embeddable":true,"href":"https:\/\/roveyayinevi.com.tr\/index.php\/wp-json\/wp\/v2\/product_brand?post=759588"},{"taxonomy":"product_cat","embeddable":true,"href":"https:\/\/roveyayinevi.com.tr\/index.php\/wp-json\/wp\/v2\/product_cat?post=759588"},{"taxonomy":"product_tag","embeddable":true,"href":"https:\/\/roveyayinevi.com.tr\/index.php\/wp-json\/wp\/v2\/product_tag?post=759588"}],"curies":[{"name":"wp","href":"https:\/\/api.w.org\/{rel}","templated":true}]}}