{"id":759586,"date":"2025-08-28T08:38:57","date_gmt":"2025-08-28T05:38:57","guid":{"rendered":"https:\/\/roveyayinevi.com.tr\/index.php\/urun\/kan-ve-tasin-laneti-kader-ve-alev-2-ciltli\/"},"modified":"2026-04-16T03:12:36","modified_gmt":"2026-04-16T00:12:36","slug":"kan-ve-tasin-laneti-kader-ve-alev-2-ciltli","status":"publish","type":"product","link":"https:\/\/roveyayinevi.com.tr\/index.php\/urun\/kan-ve-tasin-laneti-kader-ve-alev-2-ciltli\/","title":{"rendered":"Kan ve Ta\u015f\u0131n Laneti &#8211; Kader ve Alev 2 (Ciltli)"},"content":{"rendered":"<p>ULUSLARARASI \u00c7OKSATAN YAZAR K.A. TUCKER, OLA\u011eAN\u00dcST\u00dc \u201cKADER VE ALEV\u201d EVRENININ IKINCI ROMANINDA YINE SOLUKSUZ BIR MACERA VADEDIYOR.   \u201cHem seni sevmek hem de halk\u0131ma iyi bir kral olmak\u2026 \u0130kisini ayn\u0131 anda nas\u0131l yapaca\u011f\u0131m\u0131 bilmiyorum.\u201d   M\u00fccevher h\u0131rs\u0131z\u0131ndan istenmeyen krali\u00e7eye d\u00f6n\u00fc\u015fen Romeria herkesin g\u00f6z\u00fcnde hain olarak Cirilea\u2019dan ka\u00e7t\u0131. Ancak Zander\u2019la aras\u0131ndaki b\u00fcy\u00fcyen mesafe, onu ba\u015f\u0131na konan \u00f6d\u00fclden daha fazla rahats\u0131z ediyor. Zander onunla birlikte ka\u00e7m\u0131\u015f olsa da taht\u0131n\u0131 yeniden kazanman\u0131n yollar\u0131n\u0131 ar\u0131yor. Hi\u00e7bir \u00f6l\u00fcms\u00fcz\u00fcn Romeria\u2019y\u0131 Islor\u2019un krali\u00e7esi olarak kabul etmeyece\u011finin ikisi de fark\u0131nda. Romeria sevdi\u011fi herkes gibi Zander\u2019\u0131n da onu terk etmesinden korkuyor. Zander ise onun varl\u0131\u011f\u0131n\u0131n kendi krall\u0131\u011f\u0131n\u0131n gelece\u011fi a\u00e7\u0131s\u0131ndan ne anlama geldi\u011finden. Ybaris\u2019in Islor\u2019u yok etme plan\u0131 ortaya \u00e7\u0131kt\u0131k\u00e7a, rakip kaderlerin planlad\u0131\u011f\u0131 daha sinsi bir tehditle kar\u015f\u0131 kar\u015f\u0131ya kal\u0131yorlar. Kehanetin izinde Venhorn Da\u011flar\u0131\u2019na do\u011fru \u00e7\u0131kt\u0131klar\u0131 yolda Romeria, krall\u0131k par\u00e7alanmadan \u00f6nce yeni ke\u015ffetti\u011fi yeteneklerini kullanmay\u0131 \u00f6\u011frenmek zorunda. Ancak Ybaris\u2019in arma\u011fan\u0131 olan zehir sayesinde g\u00fc\u00e7 kazanan \u00f6l\u00fcml\u00fc isyan\u0131yla birlikte, her \u015fey i\u00e7in ge\u00e7 kalm\u0131\u015f olabilirler.<\/p>\n","protected":false},"excerpt":{"rendered":"<p>ULUSLARARASI \u00c7OKSATAN YAZAR K.A. TUCKER, OLA\u011eAN\u00dcST\u00dc \u201cKADER VE ALEV\u201d EVRENININ IKINCI ROMANINDA YINE SOLUKSUZ BIR MACERA VADEDIYOR. \u201cHem seni sevmek hem de halk\u0131ma iyi bir kral<span class=\"excerpt-hellip\"> [\u2026]<\/span><\/p>\n","protected":false},"featured_media":0,"template":"","meta":{"_monsterinsights_skip_tracking":false,"_monsterinsights_sitenote_active":false,"_monsterinsights_sitenote_note":"","_monsterinsights_sitenote_category":0},"product_brand":[],"product_cat":[12291,12711],"product_tag":[],"class_list":{"0":"post-759586","1":"product","2":"type-product","3":"status-publish","5":"product_cat-edebiyat","6":"product_cat-roman-oyku","7":"pa_cilt-ciltli","8":"pa_tur-kitap","9":"pa_yayinevi-artemis-yayinlari","10":"pa_yazar-k-a-tucker","12":"first","13":"instock","14":"sale","15":"shipping-taxable","16":"purchasable","17":"product-type-simple"},"_links":{"self":[{"href":"https:\/\/roveyayinevi.com.tr\/index.php\/wp-json\/wp\/v2\/product\/759586","targetHints":{"allow":["GET"]}}],"collection":[{"href":"https:\/\/roveyayinevi.com.tr\/index.php\/wp-json\/wp\/v2\/product"}],"about":[{"href":"https:\/\/roveyayinevi.com.tr\/index.php\/wp-json\/wp\/v2\/types\/product"}],"wp:attachment":[{"href":"https:\/\/roveyayinevi.com.tr\/index.php\/wp-json\/wp\/v2\/media?parent=759586"}],"wp:term":[{"taxonomy":"product_brand","embeddable":true,"href":"https:\/\/roveyayinevi.com.tr\/index.php\/wp-json\/wp\/v2\/product_brand?post=759586"},{"taxonomy":"product_cat","embeddable":true,"href":"https:\/\/roveyayinevi.com.tr\/index.php\/wp-json\/wp\/v2\/product_cat?post=759586"},{"taxonomy":"product_tag","embeddable":true,"href":"https:\/\/roveyayinevi.com.tr\/index.php\/wp-json\/wp\/v2\/product_tag?post=759586"}],"curies":[{"name":"wp","href":"https:\/\/api.w.org\/{rel}","templated":true}]}}