{"id":759585,"date":"2025-08-28T08:38:55","date_gmt":"2025-08-28T05:38:55","guid":{"rendered":"https:\/\/roveyayinevi.com.tr\/index.php\/urun\/roza-dorea-ve-toh-kusu-efsanesi\/"},"modified":"2026-04-16T03:12:36","modified_gmt":"2026-04-16T00:12:36","slug":"roza-dorea-ve-toh-kusu-efsanesi","status":"publish","type":"product","link":"https:\/\/roveyayinevi.com.tr\/index.php\/urun\/roza-dorea-ve-toh-kusu-efsanesi\/","title":{"rendered":"Roza Dorea ve Toh Ku\u015fu Efsanesi"},"content":{"rendered":"<p>Her canl\u0131 \u00f6z\u00fcndeki ger\u00e7ekli\u011fe kavu\u015ftu\u011funda nefes almaya ba\u015flar. \u0130stedi\u011fin kadar ka\u00e7, ink\u00e2r et, kuytularda saklan. \u00d6z\u00fcndeki ger\u00e7eklik sen ne yaparsan yap pe\u015fini b\u0131rakmayacak. O, engel tan\u0131maz; do\u011fdu\u011funda damarlar\u0131ndan akmaya ba\u015flar ve zaman durana kadar seninle gelmeye devam eder.   Bu roman \u00f6z\u00fcndeki ger\u00e7eklik i\u00e7in sava\u015fanlar\u0131n roman\u0131d\u0131r, derin uykular\u0131ndan bir s\u0131\u00e7ray\u0131\u015fta uyananlar\u0131n ser\u00fcvenidir. Farkl\u0131l\u0131klar\u0131yla var olmaya \u00e7al\u0131\u015fanlar\u0131n, kanatlar\u0131n\u0131 \u00f6zg\u00fcrl\u00fc\u011fe a\u00e7anlar\u0131n bitip t\u00fckenmeyen hikayesidir&#8230;   &#8220;Mitolojik kanatl\u0131lardan olan Harpy&#8217;lerin \u00f6zg\u00fcrl\u00fck m\u00fccadelelerini konu alan bu kitap, fantastik kitap okuyucular\u0131n\u0131 soluksuz bir maceraya davet ediyor&#8230;\u201d<\/p>\n","protected":false},"excerpt":{"rendered":"<p>Her canl\u0131 \u00f6z\u00fcndeki ger\u00e7ekli\u011fe kavu\u015ftu\u011funda nefes almaya ba\u015flar. \u0130stedi\u011fin kadar ka\u00e7, ink\u00e2r et, kuytularda saklan. \u00d6z\u00fcndeki ger\u00e7eklik sen ne yaparsan yap pe\u015fini b\u0131rakmayacak. O, engel tan\u0131maz;<span class=\"excerpt-hellip\"> [\u2026]<\/span><\/p>\n","protected":false},"featured_media":0,"template":"","meta":{"_monsterinsights_skip_tracking":false,"_monsterinsights_sitenote_active":false,"_monsterinsights_sitenote_note":"","_monsterinsights_sitenote_category":0},"product_brand":[],"product_cat":[12291,14777],"product_tag":[],"class_list":{"0":"post-759585","1":"product","2":"type-product","3":"status-publish","5":"product_cat-edebiyat","6":"product_cat-fantastik","7":"pa_cilt-ciltsiz","8":"pa_tur-kitap","9":"pa_yayinevi-perseus","10":"pa_yazar-berna-guzel","12":"first","13":"instock","14":"sale","15":"shipping-taxable","16":"purchasable","17":"product-type-simple"},"_links":{"self":[{"href":"https:\/\/roveyayinevi.com.tr\/index.php\/wp-json\/wp\/v2\/product\/759585","targetHints":{"allow":["GET"]}}],"collection":[{"href":"https:\/\/roveyayinevi.com.tr\/index.php\/wp-json\/wp\/v2\/product"}],"about":[{"href":"https:\/\/roveyayinevi.com.tr\/index.php\/wp-json\/wp\/v2\/types\/product"}],"wp:attachment":[{"href":"https:\/\/roveyayinevi.com.tr\/index.php\/wp-json\/wp\/v2\/media?parent=759585"}],"wp:term":[{"taxonomy":"product_brand","embeddable":true,"href":"https:\/\/roveyayinevi.com.tr\/index.php\/wp-json\/wp\/v2\/product_brand?post=759585"},{"taxonomy":"product_cat","embeddable":true,"href":"https:\/\/roveyayinevi.com.tr\/index.php\/wp-json\/wp\/v2\/product_cat?post=759585"},{"taxonomy":"product_tag","embeddable":true,"href":"https:\/\/roveyayinevi.com.tr\/index.php\/wp-json\/wp\/v2\/product_tag?post=759585"}],"curies":[{"name":"wp","href":"https:\/\/api.w.org\/{rel}","templated":true}]}}