{"id":759584,"date":"2025-08-28T08:38:54","date_gmt":"2025-08-28T05:38:54","guid":{"rendered":"https:\/\/roveyayinevi.com.tr\/index.php\/urun\/glendor\/"},"modified":"2026-04-16T03:12:36","modified_gmt":"2026-04-16T00:12:36","slug":"glendor","status":"publish","type":"product","link":"https:\/\/roveyayinevi.com.tr\/index.php\/urun\/glendor\/","title":{"rendered":"Glendor"},"content":{"rendered":"<p>G\u00fcn sar\u0131ya, soluk sar\u0131 bir ak\u015fama d\u00f6nm\u00fc\u015ft\u00fc. Yanm\u0131\u015f saman, hafif \u00e7iseleyen ya\u011fmurun topra\u011fa b\u0131rakt\u0131\u011f\u0131 kokuyla kar\u0131\u015f\u0131nca insan mutlu dahi olabilirdi. Latif bir elin, Yaradan&#8217;\u0131n, yery\u00fcz\u00fcne dokunu\u015funa minnet duyulabilir, hayranl\u0131kla izlenebilirdi ku\u015fkusuz. Ne var ki s\u00fcrmekte olan k\u00f6t\u00fcl\u00fc\u011f\u00fcn, saf k\u00f6t\u00fcl\u00fc\u011f\u00fcn insana kim oldu\u011funu unutturabilece\u011fi bir and\u0131. Ate\u015f eti kavurdu, y\u00fcrekleri yakt\u0131, kalem yazmaya \u00e7ekindi ve dil olanlar\u0131 anmak istemedi ama \u00f6lenler oldu, \u00e7ok \u00f6lenler oldu.<\/p>\n","protected":false},"excerpt":{"rendered":"<p>G\u00fcn sar\u0131ya, soluk sar\u0131 bir ak\u015fama d\u00f6nm\u00fc\u015ft\u00fc. Yanm\u0131\u015f saman, hafif \u00e7iseleyen ya\u011fmurun topra\u011fa b\u0131rakt\u0131\u011f\u0131 kokuyla kar\u0131\u015f\u0131nca insan mutlu dahi olabilirdi. Latif bir elin, Yaradan&#8217;\u0131n, yery\u00fcz\u00fcne dokunu\u015funa<span class=\"excerpt-hellip\"> [\u2026]<\/span><\/p>\n","protected":false},"featured_media":0,"template":"","meta":{"_monsterinsights_skip_tracking":false,"_monsterinsights_sitenote_active":false,"_monsterinsights_sitenote_note":"","_monsterinsights_sitenote_category":0},"product_brand":[],"product_cat":[12291,14777],"product_tag":[],"class_list":{"0":"post-759584","1":"product","2":"type-product","3":"status-publish","5":"product_cat-edebiyat","6":"product_cat-fantastik","7":"pa_cilt-ciltsiz","8":"pa_tur-kitap","9":"pa_yayinevi-theseus-yayinevi","10":"pa_yazar-levent-bilgehan","12":"first","13":"instock","14":"sale","15":"shipping-taxable","16":"purchasable","17":"product-type-simple"},"_links":{"self":[{"href":"https:\/\/roveyayinevi.com.tr\/index.php\/wp-json\/wp\/v2\/product\/759584","targetHints":{"allow":["GET"]}}],"collection":[{"href":"https:\/\/roveyayinevi.com.tr\/index.php\/wp-json\/wp\/v2\/product"}],"about":[{"href":"https:\/\/roveyayinevi.com.tr\/index.php\/wp-json\/wp\/v2\/types\/product"}],"wp:attachment":[{"href":"https:\/\/roveyayinevi.com.tr\/index.php\/wp-json\/wp\/v2\/media?parent=759584"}],"wp:term":[{"taxonomy":"product_brand","embeddable":true,"href":"https:\/\/roveyayinevi.com.tr\/index.php\/wp-json\/wp\/v2\/product_brand?post=759584"},{"taxonomy":"product_cat","embeddable":true,"href":"https:\/\/roveyayinevi.com.tr\/index.php\/wp-json\/wp\/v2\/product_cat?post=759584"},{"taxonomy":"product_tag","embeddable":true,"href":"https:\/\/roveyayinevi.com.tr\/index.php\/wp-json\/wp\/v2\/product_tag?post=759584"}],"curies":[{"name":"wp","href":"https:\/\/api.w.org\/{rel}","templated":true}]}}