{"id":759581,"date":"2025-08-28T08:38:50","date_gmt":"2025-08-28T05:38:50","guid":{"rendered":"https:\/\/roveyayinevi.com.tr\/index.php\/urun\/girisimciligin-ustalari\/"},"modified":"2026-04-16T03:12:35","modified_gmt":"2026-04-16T00:12:35","slug":"girisimciligin-ustalari","status":"publish","type":"product","link":"https:\/\/roveyayinevi.com.tr\/index.php\/urun\/girisimciligin-ustalari\/","title":{"rendered":"Giri\u015fimcili\u011fin Ustalar\u0131"},"content":{"rendered":"<p>Apple, Netflix, Spotify, Starbucks, Google, Instagram, Nike ve Microsoft gibi d\u00fcnyan\u0131n en ikonik \u015firketlerinin liderleri, Silikon Vadisi\u2019nin efsane isimleri, daha \u00f6nce hi\u00e7bir yerde yay\u0131mlanmam\u0131\u015f stratejik s\u0131rlar\u0131yla bu kitapta!   Her iyi \u201cfikir\u201d iyi bir giri\u015fime d\u00f6n\u00fc\u015febilir mi? Kazand\u0131racak fikri nas\u0131l bulur ve onu nas\u0131l \u00f6l\u00e7eklendirebilirsiniz? Bir \u201chay\u0131r\u201ddan neler \u00f6\u011frenebilirsiniz? M\u00fc\u015fterilerinizi dinlemeyi ne zaman b\u0131rakmal\u0131s\u0131n\u0131z? Hangi yang\u0131nlar\u0131 hemen s\u00f6nd\u00fcrmeli ve hangilerinin b\u00fcy\u00fcmesine izin vermelisiniz? Ve d\u00fcnyay\u0131 daha iyi bir yer haline getirirken ger\u00e7ekten para kazanabilir misiniz?   LinkedIn\u2019in kurucusu Reid Hoffman, Giri\u015fimcili\u011fin Ustalar\u0131\u2019nda June Cohen ve Deron Triff\u2019le i\u015fbirli\u011fi yaparak bir\u00e7ok cesur, ezber bozan start-up\u2019\u0131n daha \u00f6nce anlat\u0131lmam\u0131\u015f hik\u00e2yelerini payla\u015f\u0131yor.   \u00c7a\u011f\u0131m\u0131z\u0131n en \u00f6nemli giri\u015fimlerine b\u00fcy\u00fcme imk\u00e2n\u0131 sa\u011flayan \u015fa\u015f\u0131rt\u0131c\u0131 stratejileri, birinci a\u011f\u0131zdan \u00f6\u011frenilen fikirler ve bilgileri bir araya getiren bu kitap, size de i\u015f yapma \u015feklinizi yeniden tasarlaman\u0131z i\u00e7in benzersiz bir rehber olacak. <\/p>\n","protected":false},"excerpt":{"rendered":"<p>Apple, Netflix, Spotify, Starbucks, Google, Instagram, Nike ve Microsoft gibi d\u00fcnyan\u0131n en ikonik \u015firketlerinin liderleri, Silikon Vadisi\u2019nin efsane isimleri, daha \u00f6nce hi\u00e7bir yerde yay\u0131mlanmam\u0131\u015f stratejik s\u0131rlar\u0131yla<span class=\"excerpt-hellip\"> [\u2026]<\/span><\/p>\n","protected":false},"featured_media":0,"template":"","meta":{"_monsterinsights_skip_tracking":false,"_monsterinsights_sitenote_active":false,"_monsterinsights_sitenote_note":"","_monsterinsights_sitenote_category":0},"product_brand":[],"product_cat":[13043,17647],"product_tag":[],"class_list":{"0":"post-759581","1":"product","2":"type-product","3":"status-publish","5":"product_cat-ekonomi","6":"product_cat-is-dunyasi","7":"pa_cilt-ciltsiz","8":"pa_tur-kitap","9":"pa_yayinevi-mundi","10":"pa_yazar-reid-hoffman-deron-triff-june-cohen","12":"first","13":"instock","14":"sale","15":"shipping-taxable","16":"purchasable","17":"product-type-simple"},"_links":{"self":[{"href":"https:\/\/roveyayinevi.com.tr\/index.php\/wp-json\/wp\/v2\/product\/759581","targetHints":{"allow":["GET"]}}],"collection":[{"href":"https:\/\/roveyayinevi.com.tr\/index.php\/wp-json\/wp\/v2\/product"}],"about":[{"href":"https:\/\/roveyayinevi.com.tr\/index.php\/wp-json\/wp\/v2\/types\/product"}],"wp:attachment":[{"href":"https:\/\/roveyayinevi.com.tr\/index.php\/wp-json\/wp\/v2\/media?parent=759581"}],"wp:term":[{"taxonomy":"product_brand","embeddable":true,"href":"https:\/\/roveyayinevi.com.tr\/index.php\/wp-json\/wp\/v2\/product_brand?post=759581"},{"taxonomy":"product_cat","embeddable":true,"href":"https:\/\/roveyayinevi.com.tr\/index.php\/wp-json\/wp\/v2\/product_cat?post=759581"},{"taxonomy":"product_tag","embeddable":true,"href":"https:\/\/roveyayinevi.com.tr\/index.php\/wp-json\/wp\/v2\/product_tag?post=759581"}],"curies":[{"name":"wp","href":"https:\/\/api.w.org\/{rel}","templated":true}]}}