{"id":759578,"date":"2025-08-28T08:38:46","date_gmt":"2025-08-28T05:38:46","guid":{"rendered":"https:\/\/roveyayinevi.com.tr\/index.php\/urun\/gecmisten-gunumuze-cankiri-askeri-tarihi-1837-1997\/"},"modified":"2026-04-16T03:12:35","modified_gmt":"2026-04-16T00:12:35","slug":"gecmisten-gunumuze-cankiri-askeri-tarihi-1837-1997","status":"publish","type":"product","link":"https:\/\/roveyayinevi.com.tr\/index.php\/urun\/gecmisten-gunumuze-cankiri-askeri-tarihi-1837-1997\/","title":{"rendered":"Ge\u00e7mi\u015ften G\u00fcn\u00fcm\u00fcze &#8211; \u00c7ank\u0131r\u0131 Askeri Tarihi (1837-1997)"},"content":{"rendered":"<p>\u0130\u00e7indekiler :          1. RED\u0130F KI\u015eLASI VE RED\u0130F B\u0130RL\u0130KLER\u0130        2. 38\u2019\u0130NC\u0130 P\u0130YADE ALAY KOMUTANLI\u011eI        3. \u00c7ANKIRI\u2019DA ES\u0130R KAMPLARI        4. \u0130ST\u0130KLAL HARB\u0130 D\u00d6NEM\u0130NDE \u0130ST\u0130KLAL YOLU        5. 8\u2019\u0130NC\u0130 TOP\u00c7U ALAYI        6. P\u0130YADE ATI\u015e OKULU        7. N\u00dcKLEER, B\u0130YOLOJ\u0130 VE K\u0130MYA OKULU        8. 4\u2019\u00dcNC\u00dc YURT \u0130\u00c7\u0130 B\u00d6LGE KOMUTANLI\u011eI        9. ORTA MENZ\u0130L KOMUTANLI\u011eI          10. ASKER\u00ce ORDUEV\u0130\/GAZ\u0130NO M\u00dcD\u00dcRL\u00dc\u011e\u00dc        11. \u00c7ANKIRI ASTSUBAY HAZIRLAMA OKULU        12. 9\u2019UNCU ZIRHLI TUGAY KOMUTANLI\u011eI <\/p>\n","protected":false},"excerpt":{"rendered":"<p>\u0130\u00e7indekiler : 1. RED\u0130F KI\u015eLASI VE RED\u0130F B\u0130RL\u0130KLER\u0130 2. 38\u2019\u0130NC\u0130 P\u0130YADE ALAY KOMUTANLI\u011eI 3. \u00c7ANKIRI\u2019DA ES\u0130R KAMPLARI 4. \u0130ST\u0130KLAL HARB\u0130 D\u00d6NEM\u0130NDE \u0130ST\u0130KLAL YOLU 5. 8\u2019\u0130NC\u0130 TOP\u00c7U<span class=\"excerpt-hellip\"> [\u2026]<\/span><\/p>\n","protected":false},"featured_media":0,"template":"","meta":{"_monsterinsights_skip_tracking":false,"_monsterinsights_sitenote_active":false,"_monsterinsights_sitenote_note":"","_monsterinsights_sitenote_category":0},"product_brand":[],"product_cat":[12304],"product_tag":[],"class_list":{"0":"post-759578","1":"product","2":"type-product","3":"status-publish","5":"product_cat-tarih","6":"pa_cilt-ciltsiz","7":"pa_tur-kitap","8":"pa_yayinevi-gazi-kitabevi","9":"pa_yazar-oral-ates","11":"first","12":"instock","13":"sale","14":"shipping-taxable","15":"purchasable","16":"product-type-simple"},"_links":{"self":[{"href":"https:\/\/roveyayinevi.com.tr\/index.php\/wp-json\/wp\/v2\/product\/759578","targetHints":{"allow":["GET"]}}],"collection":[{"href":"https:\/\/roveyayinevi.com.tr\/index.php\/wp-json\/wp\/v2\/product"}],"about":[{"href":"https:\/\/roveyayinevi.com.tr\/index.php\/wp-json\/wp\/v2\/types\/product"}],"wp:attachment":[{"href":"https:\/\/roveyayinevi.com.tr\/index.php\/wp-json\/wp\/v2\/media?parent=759578"}],"wp:term":[{"taxonomy":"product_brand","embeddable":true,"href":"https:\/\/roveyayinevi.com.tr\/index.php\/wp-json\/wp\/v2\/product_brand?post=759578"},{"taxonomy":"product_cat","embeddable":true,"href":"https:\/\/roveyayinevi.com.tr\/index.php\/wp-json\/wp\/v2\/product_cat?post=759578"},{"taxonomy":"product_tag","embeddable":true,"href":"https:\/\/roveyayinevi.com.tr\/index.php\/wp-json\/wp\/v2\/product_tag?post=759578"}],"curies":[{"name":"wp","href":"https:\/\/api.w.org\/{rel}","templated":true}]}}